{"id":446017,"date":"2025-02-27T00:50:18","date_gmt":"2025-02-26T23:50:18","guid":{"rendered":"https:\/\/www.pricetornado.com\/da\/produkt\/philips-led-classic-kerte-60w-e14-varm-hvid-mat-ikke-daempbar-1-pak\/"},"modified":"2026-04-17T03:40:24","modified_gmt":"2026-04-17T01:40:24","slug":"philips-led-classic-kerte-60w-e14-varm-hvid-mat-ikke-daempbar-1-pak","status":"publish","type":"product","link":"https:\/\/www.pricetornado.com\/da\/produkt\/philips-led-classic-kerte-60w-e14-varm-hvid-mat-ikke-daempbar-1-pak\/","title":{"rendered":"PHILIPS LED Classic kerte, 60W, E14, varm hvid, mat ikke d\u00e6mpbar, 1 pak"},"content":{"rendered":"<p>K\u00f8b billig PHILIPS LED Classic kerte, 60W, E14, varm hvid, mat ikke d\u00e6mpbar, 1 pak!<br \/>\nOplev klassisk belysning med moderne teknologi med Philips LED kerte. Denne LED-p\u00e6re er udviklet til at reducere energiforbruget med cirka 85 % sammenlignet med traditionelle 60W gl\u00f8dep\u00e6rer, da den blot bruger 6,5 watt. Den lange levetid p\u00e5 op til 15.000 timer \u2013 svarende til cirka 15 \u00e5rs normal brug \u2013 betyder f\u00e6rre udskiftninger, lavere elregning og et mere b\u00e6redygtigt valg for dit hjem.P\u00e6ren udsender et varmt hvidt lys (2700K) gennem et mat, hvidt glas, som effektivt reducerer bl\u00e6nding og giver et bl\u00f8dt, behageligt sk\u00e6r. Det g\u00f8r p\u00e6ren ideel til brug i dekorative lamper, kandelabere og andre armaturer med E14-fatning, hvor stemningsfuld belysning er i fokus.Philips LED kerte er konstrueret for maksimal sikkerhed med minimal varmeudvikling, hvilket mindsker risikoen for forbr\u00e6ndinger. P\u00e6ren t\u00e6nder \u00f8jeblikkeligt til fuld lysstyrke uden opvarmningstid og er ikke d\u00e6mpbar, s\u00e5 du f\u00e5r en konstant, stabil belysning ved hver brug.Bruger kun 6,5W (svarer til 60W gl\u00f8dep\u00e6re) og sparer ca. 85 % energiOp til 15.000 timers levetid (omtrent 15 \u00e5rs brug ved gennemsnitligt forbrug)Philips LED kerte er det oplagte valg til dig, der \u00f8nsker p\u00e5lidelig, energibesparende og behagelig belysning til hjemmets dekorative lamper. Se ogs\u00e5 vores \u00f8vrige udvalg af produkter for flere smarte og energivenlige l\u00f8sninger.<\/p>\n<p>Sammenlign priser p\u00e5 PHILIPS LED Classic kerte, 60W, E14, varm hvid, mat ikke d\u00e6mpbar, 1 pak og k\u00f8b online til den billigste pris, samt p\u00e5 tilbud!\u00a0\u00a0Tjek den bedste pris, produkt beskrivelse, video, test, anmeldelser osv.<\/p>\n<p><strong>Brand: <\/strong>Philips<br \/>\n<strong>EAN: <\/strong>8718699762698<br \/>\n<strong>Producentens varenr.:<\/strong> 8718699762698<\/p>\n<p><strong>P.S.<\/strong><br \/>\nTilmeld dig til &#8220;Opret Gratis Prisfald Alarm&#8221;, og bliv underrettet med det samme om prisfald p\u00e5 PHILIPS LED Classic kerte, 60W, E14, varm hvid, mat ikke d\u00e6mpbar, 1 pak, og f\u00e5 den billigste pris!<\/p>\n<p>&nbsp;<\/p>\n<p>&nbsp;<\/p>\n","protected":false},"excerpt":{"rendered":"<p>K\u00f8b billig PHILIPS LED Classic kerte, 60W, E14, varm hvid, mat ikke d\u00e6mpbar, 1 pak! Oplev klassisk belysning med moderne teknologi med Philips LED kerte. Denne LED-p\u00e6re er udviklet til at reducere energiforbruget med cirka 85 % sammenlignet med traditionelle 60W gl\u00f8dep\u00e6rer, da den blot bruger 6,5 watt. Den lange levetid p\u00e5 op til 15.000 [&hellip;]<\/p>\n","protected":false},"featured_media":999980000004460170,"template":"","meta":[],"store":[1272516],"product_brand":[1272519],"product_cat":[1272407],"product_tag":[1272697,1275180],"class_list":{"0":"post-446017","1":"product","2":"type-product","3":"status-publish","4":"has-post-thumbnail","6":"store-butik24","7":"product_brand-philips","8":"product_cat-belysning-2","9":"product_tag-belysning","10":"product_tag-philips","11":"pa_maerke-philips","13":"first","14":"instock","15":"product-type-external"},"_links":{"self":[{"href":"https:\/\/www.pricetornado.com\/da\/wp-json\/wp\/v2\/product\/446017","targetHints":{"allow":["GET"]}}],"collection":[{"href":"https:\/\/www.pricetornado.com\/da\/wp-json\/wp\/v2\/product"}],"about":[{"href":"https:\/\/www.pricetornado.com\/da\/wp-json\/wp\/v2\/types\/product"}],"wp:featuredmedia":[{"embeddable":true,"href":"https:\/\/www.pricetornado.com\/da\/wp-json\/"}],"wp:attachment":[{"href":"https:\/\/www.pricetornado.com\/da\/wp-json\/wp\/v2\/media?parent=446017"}],"wp:term":[{"taxonomy":"store","embeddable":true,"href":"https:\/\/www.pricetornado.com\/da\/wp-json\/wp\/v2\/store?post=446017"},{"taxonomy":"product_brand","embeddable":true,"href":"https:\/\/www.pricetornado.com\/da\/wp-json\/wp\/v2\/product_brand?post=446017"},{"taxonomy":"product_cat","embeddable":true,"href":"https:\/\/www.pricetornado.com\/da\/wp-json\/wp\/v2\/product_cat?post=446017"},{"taxonomy":"product_tag","embeddable":true,"href":"https:\/\/www.pricetornado.com\/da\/wp-json\/wp\/v2\/product_tag?post=446017"}],"curies":[{"name":"wp","href":"https:\/\/api.w.org\/{rel}","templated":true}]}}