{"id":446012,"date":"2025-02-25T19:31:14","date_gmt":"2025-02-25T18:31:14","guid":{"rendered":"https:\/\/www.pricetornado.com\/da\/produkt\/nedis-kondensator-450v-kabel-50-0uf-450-v-cable-w9-11250n\/"},"modified":"2026-04-17T10:00:34","modified_gmt":"2026-04-17T08:00:34","slug":"nedis-kondensator-450v-kabel-50-0uf-450-v-cable-w9-11250n","status":"publish","type":"product","link":"https:\/\/www.pricetornado.com\/da\/produkt\/nedis-kondensator-450v-kabel-50-0uf-450-v-cable-w9-11250n\/","title":{"rendered":"Nedis &#8211; Kondensator 450V + Kabel 50.0uf \/ 450 V + cable &#8211; W9-11250N"},"content":{"rendered":"<p>K\u00f8b billig Nedis &#8211; Kondensator 450V + Kabel 50.0uf \/ 450 V + cable &#8211; W9-11250N!<br \/>\nDenne kondensator er designet til kr\u00e6vende anvendelser s\u00e5som motorstart og motordrift i forskellige elektriske apparater. Med en kapacitans p\u00e5 50,0 \u00b5F og en sp\u00e6ndingsklassificering p\u00e5 450 V sikrer den p\u00e5lidelig drift og god ydeevne selv under sp\u00e6ndingsudsving. Plasthuset giver grundl\u00e6ggende isolering og beskyttelse ved brug, mens de kompakte m\u00e5l g\u00f8r det nemt at integrere kondensatoren i trange eller eksisterende installationer.Kondensatoren leveres med et 250 mm langt kabel og standardiserede Faston-terminaler, hvilket forenkler ops\u00e6tningen og sikrer kompatibilitet med almindelige elektriske forbindelser. Dette g\u00f8r installationen hurtigere og reducerer risikoen for fejl under tilslutning. komponenter til dine elektriske projekter.<\/p>\n<p>Sammenlign priser p\u00e5 Nedis &#8211; Kondensator 450V + Kabel 50.0uf \/ 450 V + cable &#8211; W9-11250N og k\u00f8b online til den billigste pris, samt p\u00e5 tilbud!\u00a0\u00a0Tjek den bedste pris, produkt beskrivelse, video, test, anmeldelser osv.<\/p>\n<p><strong>Brand: <\/strong>Nedis<br \/>\n<strong>EAN: <\/strong>5412810231829<br \/>\n<strong>Producentens varenr.:<\/strong> 5412810231829<\/p>\n<p><strong>P.S.<\/strong><br \/>\nTilmeld dig til &#8220;Opret Gratis Prisfald Alarm&#8221;, og bliv underrettet med det samme om prisfald p\u00e5 Nedis &#8211; Kondensator 450V + Kabel 50.0uf \/ 450 V + cable &#8211; W9-11250N, og f\u00e5 den billigste pris!<\/p>\n<p>&nbsp;<\/p>\n<p>&nbsp;<\/p>\n","protected":false},"excerpt":{"rendered":"<p>K\u00f8b billig Nedis &#8211; Kondensator 450V + Kabel 50.0uf \/ 450 V + cable &#8211; W9-11250N! Denne kondensator er designet til kr\u00e6vende anvendelser s\u00e5som motorstart og motordrift i forskellige elektriske apparater. Med en kapacitans p\u00e5 50,0 \u00b5F og en sp\u00e6ndingsklassificering p\u00e5 450 V sikrer den p\u00e5lidelig drift og god ydeevne selv under sp\u00e6ndingsudsving. Plasthuset giver [&hellip;]<\/p>\n","protected":false},"featured_media":999980000004460120,"template":"","meta":[],"store":[1272516],"product_brand":[1272517],"product_cat":[1272507],"product_tag":[1275178,1272947],"class_list":{"0":"post-446012","1":"product","2":"type-product","3":"status-publish","4":"has-post-thumbnail","6":"store-butik24","7":"product_brand-nedis","8":"product_cat-reservedele","9":"product_tag-nedis","10":"product_tag-reservedele","11":"pa_maerke-nedis","13":"first","14":"instock","15":"product-type-external"},"_links":{"self":[{"href":"https:\/\/www.pricetornado.com\/da\/wp-json\/wp\/v2\/product\/446012","targetHints":{"allow":["GET"]}}],"collection":[{"href":"https:\/\/www.pricetornado.com\/da\/wp-json\/wp\/v2\/product"}],"about":[{"href":"https:\/\/www.pricetornado.com\/da\/wp-json\/wp\/v2\/types\/product"}],"wp:featuredmedia":[{"embeddable":true,"href":"https:\/\/www.pricetornado.com\/da\/wp-json\/"}],"wp:attachment":[{"href":"https:\/\/www.pricetornado.com\/da\/wp-json\/wp\/v2\/media?parent=446012"}],"wp:term":[{"taxonomy":"store","embeddable":true,"href":"https:\/\/www.pricetornado.com\/da\/wp-json\/wp\/v2\/store?post=446012"},{"taxonomy":"product_brand","embeddable":true,"href":"https:\/\/www.pricetornado.com\/da\/wp-json\/wp\/v2\/product_brand?post=446012"},{"taxonomy":"product_cat","embeddable":true,"href":"https:\/\/www.pricetornado.com\/da\/wp-json\/wp\/v2\/product_cat?post=446012"},{"taxonomy":"product_tag","embeddable":true,"href":"https:\/\/www.pricetornado.com\/da\/wp-json\/wp\/v2\/product_tag?post=446012"}],"curies":[{"name":"wp","href":"https:\/\/api.w.org\/{rel}","templated":true}]}}