{"id":446008,"date":"2025-02-22T09:54:45","date_gmt":"2025-02-22T08:54:45","guid":{"rendered":"https:\/\/www.pricetornado.com\/da\/produkt\/philips-led-classic-filament-40w-standard-e27-varm-hvid-klar-daempbar-1-pak\/"},"modified":"2026-04-17T09:10:18","modified_gmt":"2026-04-17T07:10:18","slug":"philips-led-classic-filament-40w-standard-e27-varm-hvid-klar-daempbar-1-pak","status":"publish","type":"product","link":"https:\/\/www.pricetornado.com\/da\/produkt\/philips-led-classic-filament-40w-standard-e27-varm-hvid-klar-daempbar-1-pak\/","title":{"rendered":"PHILIPS LED Classic Filament 40W standard E27 varm hvid klar d\u00e6mpbar, 1 pak"},"content":{"rendered":"<p>K\u00f8b billig PHILIPS LED Classic Filament 40W standard E27 varm hvid klar d\u00e6mpbar, 1 pak!<br \/>\nPhilips LED p\u00e6ren kombinerer et rent og elegant design med moderne LED-teknologi, der giver et smukt, varmt hvidt lys. Den er den perfekte erstatning for traditionelle matterede 40W gl\u00f8dep\u00e6rer og optimerer samtidig energiforbruget markant.Forbruger kun 3,4 watt og leverer en lysstyrke p\u00e5 470 lumen \u2013 svarende til en 40W gl\u00f8dep\u00e6re, men med op til 90% lavere energiforbrug.\u00d8jeblikkelig, fuld lysstyrke uden opvarmning \u2013 lyset t\u00e6ndes med det samme.Klar glasp\u00e6re med E27 skruefatning, fremstillet af varmebestandigt glas og holdbare elektriske komponenter for maksimal sikkerhed og lang levetid.Lang levetid p\u00e5 op til 15.000 timer (baseret p\u00e5 tilsvarende Philips filament LED modeller).H\u00f8j farvegengivelse med CRI over 90, hvilket giver et naturligt og pr\u00e6cist lys.P\u00e6ren underst\u00f8tter d\u00e6mpning gennem Philips WarmGlow teknologi, hvor farvetemperaturen reguleres ned til ca. 2400 Kelvin ved d\u00e6mpning. Dette sikrer et hyggeligt, varmt lys, som imiterer traditionelle gl\u00f8dep\u00e6rer, n\u00e5r lyset d\u00e6mpes.Den standardiserede E27 skruefatning sikrer nem montering i de fleste lamper i hjemmet. Det klare, elegante glasdesign passer flot ind i b\u00e5de moderne og klassiske indretninger. \u2013 en holdbar og stilfuld lyskilde til b\u00e5de daglig belysning og hyggelig stemning.<\/p>\n<p>Sammenlign priser p\u00e5 PHILIPS LED Classic Filament 40W standard E27 varm hvid klar d\u00e6mpbar, 1 pak og k\u00f8b online til den billigste pris, samt p\u00e5 tilbud!\u00a0\u00a0Tjek den bedste pris, produkt beskrivelse, video, test, anmeldelser osv.<\/p>\n<p><strong>Brand: <\/strong>Philips<br \/>\n<strong>EAN: <\/strong>8719514323759<br \/>\n<strong>Producentens varenr.:<\/strong> 8719514323759<\/p>\n<p><strong>P.S.<\/strong><br \/>\nTilmeld dig til &#8220;Opret Gratis Prisfald Alarm&#8221;, og bliv underrettet med det samme om prisfald p\u00e5 PHILIPS LED Classic Filament 40W standard E27 varm hvid klar d\u00e6mpbar, 1 pak, og f\u00e5 den billigste pris!<\/p>\n<p>&nbsp;<\/p>\n<p>&nbsp;<\/p>\n","protected":false},"excerpt":{"rendered":"<p>K\u00f8b billig PHILIPS LED Classic Filament 40W standard E27 varm hvid klar d\u00e6mpbar, 1 pak! Philips LED p\u00e6ren kombinerer et rent og elegant design med moderne LED-teknologi, der giver et smukt, varmt hvidt lys. Den er den perfekte erstatning for traditionelle matterede 40W gl\u00f8dep\u00e6rer og optimerer samtidig energiforbruget markant.Forbruger kun 3,4 watt og leverer en [&hellip;]<\/p>\n","protected":false},"featured_media":999980000004460080,"template":"","meta":[],"store":[1272516],"product_brand":[1272519],"product_cat":[1272407],"product_tag":[1272697,1275180],"class_list":{"0":"post-446008","1":"product","2":"type-product","3":"status-publish","4":"has-post-thumbnail","6":"store-butik24","7":"product_brand-philips","8":"product_cat-belysning-2","9":"product_tag-belysning","10":"product_tag-philips","11":"pa_maerke-philips","13":"first","14":"instock","15":"product-type-external"},"_links":{"self":[{"href":"https:\/\/www.pricetornado.com\/da\/wp-json\/wp\/v2\/product\/446008","targetHints":{"allow":["GET"]}}],"collection":[{"href":"https:\/\/www.pricetornado.com\/da\/wp-json\/wp\/v2\/product"}],"about":[{"href":"https:\/\/www.pricetornado.com\/da\/wp-json\/wp\/v2\/types\/product"}],"wp:featuredmedia":[{"embeddable":true,"href":"https:\/\/www.pricetornado.com\/da\/wp-json\/"}],"wp:attachment":[{"href":"https:\/\/www.pricetornado.com\/da\/wp-json\/wp\/v2\/media?parent=446008"}],"wp:term":[{"taxonomy":"store","embeddable":true,"href":"https:\/\/www.pricetornado.com\/da\/wp-json\/wp\/v2\/store?post=446008"},{"taxonomy":"product_brand","embeddable":true,"href":"https:\/\/www.pricetornado.com\/da\/wp-json\/wp\/v2\/product_brand?post=446008"},{"taxonomy":"product_cat","embeddable":true,"href":"https:\/\/www.pricetornado.com\/da\/wp-json\/wp\/v2\/product_cat?post=446008"},{"taxonomy":"product_tag","embeddable":true,"href":"https:\/\/www.pricetornado.com\/da\/wp-json\/wp\/v2\/product_tag?post=446008"}],"curies":[{"name":"wp","href":"https:\/\/api.w.org\/{rel}","templated":true}]}}