{"id":445995,"date":"2025-02-25T07:57:02","date_gmt":"2025-02-25T06:57:02","guid":{"rendered":"https:\/\/www.pricetornado.com\/da\/produkt\/gastronoma-elektrisk-knivsliber-40w-soelv\/"},"modified":"2026-04-17T01:50:45","modified_gmt":"2026-04-16T23:50:45","slug":"gastronoma-elektrisk-knivsliber-40w-soelv","status":"publish","type":"product","link":"https:\/\/www.pricetornado.com\/da\/produkt\/gastronoma-elektrisk-knivsliber-40w-soelv\/","title":{"rendered":"Gastronoma Elektrisk Knivsliber 40W, s\u00f8lv"},"content":{"rendered":"<p>K\u00f8b billig Gastronoma Elektrisk Knivsliber 40W, s\u00f8lv!<br \/>\nMed denne elektriske knivsliber fra Gastronoma kan du nemt holde dine knive i topform, s\u00e5 de altid er skarpe, n\u00e5r du har brug for dem. Skarpe knive g\u00f8r tilberedningen af k\u00f8d, fisk, gr\u00f8ntsager og frugt b\u00e5de nemmere og mere pr\u00e6cis, hvilket giver et flottere resultat i k\u00f8kkenet.Slibehjulet er udstyret med 20 keramiske stave, der giver en effektiv og holdbar slibning hver eneste gang. Det fleksible slibehjul har indbygget affjedring, som automatisk justerer sig efter knivbladet. Dine knive slibes i en vinkel p\u00e5 40\u00b0, hvilket sikrer en j\u00e6vn og pr\u00e6cis slibning. Knivsliberen passer til alle lige st\u00e5lknive, dog ikke til savtakkede knive.Apparatet har et hus i st\u00f8bt aluminium, hvilket sikrer stabilitet og holdbarhed under brug. Det st\u00e5r stabilt p\u00e5 bordet, s\u00e5 du nemt og trygt kan slibe dine knive uden at apparatet rykker sig \u2013 vigtigt b\u00e5de for sikkerhed og pr\u00e6cision.Gastronoma elektrisk knivsliber er nem at betjene: Stil den p\u00e5 et plant underlag og tilslut den til en stikkontakt. T\u00e6nd for sliberen, s\u00e5 slibehjulet begynder at dreje. F\u00f8r knivs\u00e6ggen forsigtigt ned mellem slibehjulene, mens kniven holdes parallel med bordpladen. Tryk let og tr\u00e6k langsomt kniven mod dig \u2013 gentag efter behov. Produktet er desuden let at reng\u00f8re, hvilket g\u00f8r vedligeholdelsen hurtig og enkel.Opn\u00e5 skarpe, pr\u00e6cise knive og g\u00f8r din madlavning nemmere med denne effektive og brugervenlige elektriske knivsliber fra Gastronoma.<\/p>\n<p>Sammenlign priser p\u00e5 Gastronoma Elektrisk Knivsliber 40W, s\u00f8lv og k\u00f8b online til den billigste pris, samt p\u00e5 tilbud!\u00a0\u00a0Tjek den bedste pris, produkt beskrivelse, video, test, anmeldelser osv.<\/p>\n<p><strong>Brand: <\/strong>Gastronoma<br \/>\n<strong>EAN: <\/strong>5707442001989<br \/>\n<strong>Producentens varenr.:<\/strong> 5707442001989<\/p>\n<p><strong>P.S.<\/strong><br \/>\nTilmeld dig til &#8220;Opret Gratis Prisfald Alarm&#8221;, og bliv underrettet med det samme om prisfald p\u00e5 Gastronoma Elektrisk Knivsliber 40W, s\u00f8lv, og f\u00e5 den billigste pris!<\/p>\n<p>&nbsp;<\/p>\n<p>&nbsp;<\/p>\n","protected":false},"excerpt":{"rendered":"<p>K\u00f8b billig Gastronoma Elektrisk Knivsliber 40W, s\u00f8lv! Med denne elektriske knivsliber fra Gastronoma kan du nemt holde dine knive i topform, s\u00e5 de altid er skarpe, n\u00e5r du har brug for dem. Skarpe knive g\u00f8r tilberedningen af k\u00f8d, fisk, gr\u00f8ntsager og frugt b\u00e5de nemmere og mere pr\u00e6cis, hvilket giver et flottere resultat i k\u00f8kkenet.Slibehjulet er [&hellip;]<\/p>\n","protected":false},"featured_media":999980000004459950,"template":"","meta":[],"store":[1272516],"product_brand":[1272524],"product_cat":[1272410],"product_tag":[1275185,1272681],"class_list":{"0":"post-445995","1":"product","2":"type-product","3":"status-publish","4":"has-post-thumbnail","6":"store-butik24","7":"product_brand-gastronoma","8":"product_cat-koekkengrej","9":"product_tag-gastronoma","10":"product_tag-koekkengrej","11":"pa_maerke-gastronoma","13":"first","14":"instock","15":"product-type-external"},"_links":{"self":[{"href":"https:\/\/www.pricetornado.com\/da\/wp-json\/wp\/v2\/product\/445995","targetHints":{"allow":["GET"]}}],"collection":[{"href":"https:\/\/www.pricetornado.com\/da\/wp-json\/wp\/v2\/product"}],"about":[{"href":"https:\/\/www.pricetornado.com\/da\/wp-json\/wp\/v2\/types\/product"}],"wp:featuredmedia":[{"embeddable":true,"href":"https:\/\/www.pricetornado.com\/da\/wp-json\/"}],"wp:attachment":[{"href":"https:\/\/www.pricetornado.com\/da\/wp-json\/wp\/v2\/media?parent=445995"}],"wp:term":[{"taxonomy":"store","embeddable":true,"href":"https:\/\/www.pricetornado.com\/da\/wp-json\/wp\/v2\/store?post=445995"},{"taxonomy":"product_brand","embeddable":true,"href":"https:\/\/www.pricetornado.com\/da\/wp-json\/wp\/v2\/product_brand?post=445995"},{"taxonomy":"product_cat","embeddable":true,"href":"https:\/\/www.pricetornado.com\/da\/wp-json\/wp\/v2\/product_cat?post=445995"},{"taxonomy":"product_tag","embeddable":true,"href":"https:\/\/www.pricetornado.com\/da\/wp-json\/wp\/v2\/product_tag?post=445995"}],"curies":[{"name":"wp","href":"https:\/\/api.w.org\/{rel}","templated":true}]}}