{"id":445980,"date":"2025-02-26T02:10:44","date_gmt":"2025-02-26T01:10:44","guid":{"rendered":"https:\/\/www.pricetornado.com\/da\/produkt\/philips-hue-surimu-panel-rundt\/"},"modified":"2026-04-17T01:39:45","modified_gmt":"2026-04-16T23:39:45","slug":"philips-hue-surimu-panel-rundt","status":"publish","type":"product","link":"https:\/\/www.pricetornado.com\/da\/produkt\/philips-hue-surimu-panel-rundt\/","title":{"rendered":"Philips Hue Surimu panel, rundt"},"content":{"rendered":"<p>K\u00f8b billig Philips Hue Surimu panel, rundt!<br \/>\nPhilips Hue Surimu panelet er en elegant og funktionel loftslampe, ideel til stuer og sovev\u00e6relser. Det runde panel er fremstillet i syntetiske materialer og metal, hvilket sikrer en let, robust konstruktion og en tidl\u00f8s hvid finish, der passer ind i de fleste moderne hjem.Surimu panelet leverer et bl\u00f8dt, d\u00e6mpet farvet lys, der nemt kan tilpasses dit hum\u00f8r og behov. Lampen kan lyse i b\u00e5de hvidt og farvet lys med en farvetemperatur fra 2000 til 6500 K og en farvegengivelse p\u00e5 over 80 CRI. Den integrerede LED leverer op til 2850 lumen ved 4000K, hvilket svarer til belysningen fra en traditionel 40W-lampe, og har en lang levetid p\u00e5 op til 25.000 timer. Samtidig er panelet energieffektivt.Med Philips Hue Surimu panelet f\u00e5r du \u00f8jeblikkelig tr\u00e5dl\u00f8s d\u00e6mpning. Panelet er kompatibelt med b\u00e5de Bluetooth og Hue Bridge og kan styres via Philips Hue appen (kr\u00e6ver Android 10+ eller iOS 16+), en fjernbetjening eller stemmeassistenter som Amazon Alexa, Google Assistant og Apple HomeKit. Dette g\u00f8r det let at integrere panelet i ethvert smart home-setup.Du kan v\u00e6lge mellem fire forudindstillede lysscenarier (light recipes) til at skabe den \u00f8nskede atmosf\u00e6re, uanset tidspunkt p\u00e5 dagen.Surimu panelet er velegnet til indend\u00f8rs brug med en IP20-klassificering og klasse I elektrisk beskyttelse for sikker installation. LED-modulet leveres med 5 \u00e5rs garanti, og softwaren opdateres i op til 60 m\u00e5neder efter produktets lancering.Panelet er nemt at montere, s\u00e5ledes at det ligger t\u00e6t op ad loftet og n\u00e6rmest bliver en integreret del af rummet. Det minimalistiske, runde design g\u00f8r, at panelet fylder rummet med farve uden at tage fokus.2850 lumen ved 4000 K og energieffektiv LED (levetid op til 25.000 timer)Opgrader dit hjem med det moderne Philips Hue Surimu panel og f\u00e5 gl\u00e6de af alle fordelene ved fleksibel og intelligent LED-belysning. Se hele vores udvalg af for endnu mere inspiration.<\/p>\n<p>Sammenlign priser p\u00e5 Philips Hue Surimu panel, rundt og k\u00f8b online til den billigste pris, samt p\u00e5 tilbud!\u00a0\u00a0Tjek den bedste pris, produkt beskrivelse, video, test, anmeldelser osv.<\/p>\n<p><strong>Brand: <\/strong>Philips Hue<br \/>\n<strong>EAN: <\/strong>8720169159198<br \/>\n<strong>Producentens varenr.:<\/strong> 8720169159198<\/p>\n<p><strong>P.S.<\/strong><br \/>\nTilmeld dig til &#8220;Opret Gratis Prisfald Alarm&#8221;, og bliv underrettet med det samme om prisfald p\u00e5 Philips Hue Surimu panel, rundt, og f\u00e5 den billigste pris!<\/p>\n<p>&nbsp;<\/p>\n<p>&nbsp;<\/p>\n","protected":false},"excerpt":{"rendered":"<p>K\u00f8b billig Philips Hue Surimu panel, rundt! Philips Hue Surimu panelet er en elegant og funktionel loftslampe, ideel til stuer og sovev\u00e6relser. Det runde panel er fremstillet i syntetiske materialer og metal, hvilket sikrer en let, robust konstruktion og en tidl\u00f8s hvid finish, der passer ind i de fleste moderne hjem.Surimu panelet leverer et bl\u00f8dt, [&hellip;]<\/p>\n","protected":false},"featured_media":999980000004459800,"template":"","meta":[],"store":[1272516],"product_brand":[1272523],"product_cat":[1272407],"product_tag":[1272697,1272767],"class_list":{"0":"post-445980","1":"product","2":"type-product","3":"status-publish","4":"has-post-thumbnail","6":"store-butik24","7":"product_brand-philips-hue","8":"product_cat-belysning-2","9":"product_tag-belysning","10":"product_tag-philips-hue","11":"pa_maerke-philips-hue","13":"first","14":"instock","15":"product-type-external"},"_links":{"self":[{"href":"https:\/\/www.pricetornado.com\/da\/wp-json\/wp\/v2\/product\/445980","targetHints":{"allow":["GET"]}}],"collection":[{"href":"https:\/\/www.pricetornado.com\/da\/wp-json\/wp\/v2\/product"}],"about":[{"href":"https:\/\/www.pricetornado.com\/da\/wp-json\/wp\/v2\/types\/product"}],"wp:featuredmedia":[{"embeddable":true,"href":"https:\/\/www.pricetornado.com\/da\/wp-json\/"}],"wp:attachment":[{"href":"https:\/\/www.pricetornado.com\/da\/wp-json\/wp\/v2\/media?parent=445980"}],"wp:term":[{"taxonomy":"store","embeddable":true,"href":"https:\/\/www.pricetornado.com\/da\/wp-json\/wp\/v2\/store?post=445980"},{"taxonomy":"product_brand","embeddable":true,"href":"https:\/\/www.pricetornado.com\/da\/wp-json\/wp\/v2\/product_brand?post=445980"},{"taxonomy":"product_cat","embeddable":true,"href":"https:\/\/www.pricetornado.com\/da\/wp-json\/wp\/v2\/product_cat?post=445980"},{"taxonomy":"product_tag","embeddable":true,"href":"https:\/\/www.pricetornado.com\/da\/wp-json\/wp\/v2\/product_tag?post=445980"}],"curies":[{"name":"wp","href":"https:\/\/api.w.org\/{rel}","templated":true}]}}