{"id":445976,"date":"2025-02-23T02:53:41","date_gmt":"2025-02-23T01:53:41","guid":{"rendered":"https:\/\/www.pricetornado.com\/da\/produkt\/nedis-kawd100fbk-varmtvandsdispenser-25l\/"},"modified":"2026-04-30T01:50:12","modified_gmt":"2026-04-29T23:50:12","slug":"nedis-kawd100fbk-varmtvandsdispenser-25l","status":"publish","type":"product","link":"https:\/\/www.pricetornado.com\/da\/produkt\/nedis-kawd100fbk-varmtvandsdispenser-25l\/","title":{"rendered":"Nedis KAWD100FBK Varmtvandsdispenser 2,5L"},"content":{"rendered":"<p>K\u00f8b billig Nedis KAWD100FBK Varmtvandsdispenser 2,5L!<br \/>\nMed Nedis varmtvandsdispenser f\u00e5r du \u00f8jeblikkelig adgang til varmt vand \u2013 kogepunktet n\u00e5s p\u00e5 kun 5-10 sekunder. Uanset om du \u00f8nsker blot \u00e9n kop eller et kontinuerligt flow, kan enheden betjenes let via one-touch-knap, hvilket giver dig fuld kontrol over vandm\u00e6ngden. Den energieffektive konstruktion opvarmer kun den n\u00f8dvendige m\u00e6ngde vand og hj\u00e6lper dermed med at reducere energiforbruget sammenlignet med traditionelle kedler.Dispenseren er udstyret med b\u00e5de t\u00f8rl\u00f8bssikring og beskyttelse mod overophedning for sikker daglig brug. Et gennemsigtigt vandniveauvindue og tydelige indikatorlamper viser, n\u00e5r vandstanden er lav. Derudover overv\u00e5ger en kalkaflejringsmonitor kalkniveauet og giver besked, n\u00e5r afkalkning er n\u00f8dvendig.Den aftagelige drypbakke med rustfrit st\u00e5ld\u00e6ksel g\u00f8r reng\u00f8ringen nem og kan justeres eller fjernes alt efter behov. Dispenseren har justerbar h\u00f8jde, s\u00e5 du kan bruge forskellige st\u00f8rrelser kopper. Den integrerede filterholder giver mulighed for brug af vandfilter (WF047, s\u00e6lges separat) for forbedret vandkvalitet.Prim\u00e6rt fremstillet i let og slidst\u00e6rkt plastik, kombineret med et rustfrit st\u00e5ld\u00e6ksel p\u00e5 drypbakken for \u00f8get holdbarhed og nem vedligeholdelse. \u2013 perfekt til b\u00e5de travle morgener og hyggelige stunder.<\/p>\n<p>Sammenlign priser p\u00e5 Nedis KAWD100FBK Varmtvandsdispenser 2,5L og k\u00f8b online til den billigste pris, samt p\u00e5 tilbud!\u00a0\u00a0Tjek den bedste pris, produkt beskrivelse, video, test, anmeldelser osv.<\/p>\n<p><strong>Brand: <\/strong>Nedis<br \/>\n<strong>EAN: <\/strong>5412810329687<br \/>\n<strong>Producentens varenr.:<\/strong> 5412810329687<\/p>\n<p><strong>P.S.<\/strong><br \/>\nTilmeld dig til &#8220;Opret Gratis Prisfald Alarm&#8221;, og bliv underrettet med det samme om prisfald p\u00e5 Nedis KAWD100FBK Varmtvandsdispenser 2,5L, og f\u00e5 den billigste pris!<\/p>\n<p>&nbsp;<\/p>\n<p>&nbsp;<\/p>\n","protected":false},"excerpt":{"rendered":"<p>K\u00f8b billig Nedis KAWD100FBK Varmtvandsdispenser 2,5L! Med Nedis varmtvandsdispenser f\u00e5r du \u00f8jeblikkelig adgang til varmt vand \u2013 kogepunktet n\u00e5s p\u00e5 kun 5-10 sekunder. Uanset om du \u00f8nsker blot \u00e9n kop eller et kontinuerligt flow, kan enheden betjenes let via one-touch-knap, hvilket giver dig fuld kontrol over vandm\u00e6ngden. Den energieffektive konstruktion opvarmer kun den n\u00f8dvendige m\u00e6ngde [&hellip;]<\/p>\n","protected":false},"featured_media":999980000004459760,"template":"","meta":[],"store":[1272516],"product_brand":[1272517],"product_cat":[1272415],"product_tag":[1272724,1275178],"class_list":{"0":"post-445976","1":"product","2":"type-product","3":"status-publish","4":"has-post-thumbnail","6":"store-butik24","7":"product_brand-nedis","8":"product_cat-husholdning","9":"product_tag-husholdning","10":"product_tag-nedis","11":"pa_maerke-nedis","13":"first","14":"instock","15":"product-type-external"},"_links":{"self":[{"href":"https:\/\/www.pricetornado.com\/da\/wp-json\/wp\/v2\/product\/445976","targetHints":{"allow":["GET"]}}],"collection":[{"href":"https:\/\/www.pricetornado.com\/da\/wp-json\/wp\/v2\/product"}],"about":[{"href":"https:\/\/www.pricetornado.com\/da\/wp-json\/wp\/v2\/types\/product"}],"wp:featuredmedia":[{"embeddable":true,"href":"https:\/\/www.pricetornado.com\/da\/wp-json\/"}],"wp:attachment":[{"href":"https:\/\/www.pricetornado.com\/da\/wp-json\/wp\/v2\/media?parent=445976"}],"wp:term":[{"taxonomy":"store","embeddable":true,"href":"https:\/\/www.pricetornado.com\/da\/wp-json\/wp\/v2\/store?post=445976"},{"taxonomy":"product_brand","embeddable":true,"href":"https:\/\/www.pricetornado.com\/da\/wp-json\/wp\/v2\/product_brand?post=445976"},{"taxonomy":"product_cat","embeddable":true,"href":"https:\/\/www.pricetornado.com\/da\/wp-json\/wp\/v2\/product_cat?post=445976"},{"taxonomy":"product_tag","embeddable":true,"href":"https:\/\/www.pricetornado.com\/da\/wp-json\/wp\/v2\/product_tag?post=445976"}],"curies":[{"name":"wp","href":"https:\/\/api.w.org\/{rel}","templated":true}]}}