{"id":445975,"date":"2025-02-21T03:25:51","date_gmt":"2025-02-21T02:25:51","guid":{"rendered":"https:\/\/www.pricetornado.com\/da\/produkt\/nedis-cool115cwt-luftkoeler-3-liter-270m%c2%b3-h\/"},"modified":"2026-04-20T09:40:46","modified_gmt":"2026-04-20T07:40:46","slug":"nedis-cool115cwt-luftkoeler-3-liter-270m%c2%b3-h","status":"publish","type":"product","link":"https:\/\/www.pricetornado.com\/da\/produkt\/nedis-cool115cwt-luftkoeler-3-liter-270m%c2%b3-h\/","title":{"rendered":"Nedis COOL115CWT Luftk\u00f8ler 3 Liter &#8211; 270m\u00b3\/h"},"content":{"rendered":"<p>K\u00f8b billig Nedis COOL115CWT Luftk\u00f8ler 3 Liter &#8211; 270m\u00b3\/h!<br \/>\nHar du brug for en mere kraftfuld og effektiv brise end fra en almindelig ventilator, men \u00f8nsker ikke b\u00f8vlet med installation af udsugningsslanger eller \u00e5bne vinduer? Nedis luftk\u00f8ler er den perfekte l\u00f8sning til dig. Med en luftstr\u00f8m p\u00e5 270 m\u00b3\/t egner denne luftk\u00f8ler sig til rum p\u00e5 op til 37,5 m\u00b3 og sikrer en forfriskende, behagelig brise \u2013 mere effektiv end traditionelle ventilatorer.Luftk\u00f8leren fungerer ved at tr\u00e6kke varm, t\u00f8r luft ind, som ledes gennem en fugtet m\u00e5tte. Her absorberes varmen, og luftens temperatur s\u00e6nkes via fordampning, hvilket giver en behagelig og opkvikkende afk\u00f8ling. Til forskel fra airconditionanl\u00e6g tilf\u00f8rer denne metode fugt til luften, s\u00e5 du undg\u00e5r t\u00f8r luft, der kan irritere \u00f8jne og hals. Enheden bruger kun 80 W og forbruger dermed v\u00e6sentligt mindre energi end de fleste airconditions.Med den medf\u00f8lgende fjernbetjening kan du nemt tilpasse indstillingerne fra din stol. Den automatiske luftspredning fordeler k\u00f8lig luft j\u00e6vnt i rummet. Du kan v\u00e6lge mellem flere bl\u00e6serhastigheder og har ogs\u00e5 mulighed for kun at anvende ventilatorfunktionen. Produktet er relativt let i forhold til aircondition og er designet med robuste, drejelige hjul samt h\u00e5ndtag, s\u00e5 det er nemt at flytte rundt.Nedis luftk\u00f8ler kombinerer effektiv, behagelig afk\u00f8ling med nem betjening og h\u00f8j mobilitet. Den er det oplagte valg, hvis du \u00f8nsker frisk luftcirkulation uden store installationer eller h\u00f8jt energiforbrug p\u00e5 varme dage. og find praktiske l\u00f8sninger til hjemmet.<\/p>\n<p>Sammenlign priser p\u00e5 Nedis COOL115CWT Luftk\u00f8ler 3 Liter &#8211; 270m\u00b3\/h og k\u00f8b online til den billigste pris, samt p\u00e5 tilbud!\u00a0\u00a0Tjek den bedste pris, produkt beskrivelse, video, test, anmeldelser osv.<\/p>\n<p><strong>Brand: <\/strong>Nedis<br \/>\n<strong>EAN: <\/strong>5412810320998<br \/>\n<strong>Producentens varenr.:<\/strong> 5412810320998<\/p>\n<p><strong>P.S.<\/strong><br \/>\nTilmeld dig til &#8220;Opret Gratis Prisfald Alarm&#8221;, og bliv underrettet med det samme om prisfald p\u00e5 Nedis COOL115CWT Luftk\u00f8ler 3 Liter &#8211; 270m\u00b3\/h, og f\u00e5 den billigste pris!<\/p>\n<p>&nbsp;<\/p>\n<p>&nbsp;<\/p>\n","protected":false},"excerpt":{"rendered":"<p>K\u00f8b billig Nedis COOL115CWT Luftk\u00f8ler 3 Liter &#8211; 270m\u00b3\/h! Har du brug for en mere kraftfuld og effektiv brise end fra en almindelig ventilator, men \u00f8nsker ikke b\u00f8vlet med installation af udsugningsslanger eller \u00e5bne vinduer? Nedis luftk\u00f8ler er den perfekte l\u00f8sning til dig. Med en luftstr\u00f8m p\u00e5 270 m\u00b3\/t egner denne luftk\u00f8ler sig til rum [&hellip;]<\/p>\n","protected":false},"featured_media":999980000004459750,"template":"","meta":[],"store":[1272516],"product_brand":[1272517],"product_cat":[1272451],"product_tag":[1272891,1275178],"class_list":{"0":"post-445975","1":"product","2":"type-product","3":"status-publish","4":"has-post-thumbnail","6":"store-butik24","7":"product_brand-nedis","8":"product_cat-air-cooler","9":"product_tag-air-cooler","10":"product_tag-nedis","11":"pa_maerke-nedis","13":"first","14":"instock","15":"product-type-external"},"_links":{"self":[{"href":"https:\/\/www.pricetornado.com\/da\/wp-json\/wp\/v2\/product\/445975","targetHints":{"allow":["GET"]}}],"collection":[{"href":"https:\/\/www.pricetornado.com\/da\/wp-json\/wp\/v2\/product"}],"about":[{"href":"https:\/\/www.pricetornado.com\/da\/wp-json\/wp\/v2\/types\/product"}],"wp:featuredmedia":[{"embeddable":true,"href":"https:\/\/www.pricetornado.com\/da\/wp-json\/"}],"wp:attachment":[{"href":"https:\/\/www.pricetornado.com\/da\/wp-json\/wp\/v2\/media?parent=445975"}],"wp:term":[{"taxonomy":"store","embeddable":true,"href":"https:\/\/www.pricetornado.com\/da\/wp-json\/wp\/v2\/store?post=445975"},{"taxonomy":"product_brand","embeddable":true,"href":"https:\/\/www.pricetornado.com\/da\/wp-json\/wp\/v2\/product_brand?post=445975"},{"taxonomy":"product_cat","embeddable":true,"href":"https:\/\/www.pricetornado.com\/da\/wp-json\/wp\/v2\/product_cat?post=445975"},{"taxonomy":"product_tag","embeddable":true,"href":"https:\/\/www.pricetornado.com\/da\/wp-json\/wp\/v2\/product_tag?post=445975"}],"curies":[{"name":"wp","href":"https:\/\/api.w.org\/{rel}","templated":true}]}}