{"id":445974,"date":"2025-02-22T05:55:44","date_gmt":"2025-02-22T04:55:44","guid":{"rendered":"https:\/\/www.pricetornado.com\/da\/produkt\/nedis-kaeb110ewt-aeggekoger-hvid\/"},"modified":"2026-04-23T01:40:06","modified_gmt":"2026-04-22T23:40:06","slug":"nedis-kaeb110ewt-aeggekoger-hvid","status":"publish","type":"product","link":"https:\/\/www.pricetornado.com\/da\/produkt\/nedis-kaeb110ewt-aeggekoger-hvid\/","title":{"rendered":"Nedis KAEB110EWT \u00c6ggekoger &#8211; Hvid"},"content":{"rendered":"<p>K\u00f8b billig Nedis KAEB110EWT \u00c6ggekoger &#8211; Hvid!<br \/>\nStart dagen med l\u00e6kkert kogte \u00e6g, uanset om du foretr\u00e6kker dem bl\u00f8de, smilende eller h\u00e5rdkogte. Nedis \u00e6ggekogeren giver dig et perfekt resultat hver gang og kan tilberede op til 7 \u00e6g samtidigt \u2013 ideelt til familien eller til g\u00e6ster. Den pr\u00e6cise m\u00e5lekop og de smarte funktioner g\u00f8r det let at tilberede \u00e6g pr\u00e6cis, som du \u00f8nsker dem.Koger op til 7 \u00e6g p\u00e5 \u00e9n gang med aftagelig \u00e6ggebakke, som g\u00f8r det nemt at l\u00f8fte og servere \u00e6ggene.Medf\u00f8lgende m\u00e5leb\u00e6ger med tre markerede vandniveauer for pr\u00e6cis tilpasning efter antal \u00e6g og \u00f8nsket h\u00e5rdhed.Belyst t\u00e6nd\/sluk-knap giver et klart overblik over, om kogeren er i brug.Indbygget \u00e6ggeprikker forhindrer, at skallen revner under kogning.Automatisk slukning og buzzer, der advarer, n\u00e5r \u00e6ggene er f\u00e6rdige, og vandet er brugt op.Anti-slip bund giver optimal stabilitet p\u00e5 k\u00f8kkenbordet under brug.Kompakt og let design (482 g), nem at opbevare og tage med.Integreret ledningsopbevaring sikrer praktisk og ryddelig opbevaring efter brug.\u00c6ggekogeren er fremstillet i holdbar plast med komponenter i rustfrit st\u00e5l og plast. Den aftagelige \u00e6ggebakke og kogeplade g\u00f8r reng\u00f8ring nem og ligetil, mens termisk sikkerhedsmekanisme beskytter mod overophedning. og g\u00f8r hverdagen lettere.<\/p>\n<p>Sammenlign priser p\u00e5 Nedis KAEB110EWT \u00c6ggekoger &#8211; Hvid og k\u00f8b online til den billigste pris, samt p\u00e5 tilbud!\u00a0\u00a0Tjek den bedste pris, produkt beskrivelse, video, test, anmeldelser osv.<\/p>\n<p><strong>Brand: <\/strong>Nedis<br \/>\n<strong>EAN: <\/strong>5412810268221<br \/>\n<strong>Producentens varenr.:<\/strong> 5412810268221<\/p>\n<p><strong>P.S.<\/strong><br \/>\nTilmeld dig til &#8220;Opret Gratis Prisfald Alarm&#8221;, og bliv underrettet med det samme om prisfald p\u00e5 Nedis KAEB110EWT \u00c6ggekoger &#8211; Hvid, og f\u00e5 den billigste pris!<\/p>\n<p>&nbsp;<\/p>\n<p>&nbsp;<\/p>\n","protected":false},"excerpt":{"rendered":"<p>K\u00f8b billig Nedis KAEB110EWT \u00c6ggekoger &#8211; Hvid! Start dagen med l\u00e6kkert kogte \u00e6g, uanset om du foretr\u00e6kker dem bl\u00f8de, smilende eller h\u00e5rdkogte. Nedis \u00e6ggekogeren giver dig et perfekt resultat hver gang og kan tilberede op til 7 \u00e6g samtidigt \u2013 ideelt til familien eller til g\u00e6ster. Den pr\u00e6cise m\u00e5lekop og de smarte funktioner g\u00f8r det [&hellip;]<\/p>\n","protected":false},"featured_media":999980000004459740,"template":"","meta":[],"store":[1272516],"product_brand":[1272517],"product_cat":[1272418],"product_tag":[1272757,1275178],"class_list":{"0":"post-445974","1":"product","2":"type-product","3":"status-publish","4":"has-post-thumbnail","6":"store-butik24","7":"product_brand-nedis","8":"product_cat-koekkenmaskiner","9":"product_tag-koekkenmaskiner","10":"product_tag-nedis","11":"pa_maerke-nedis","13":"first","14":"instock","15":"product-type-external"},"_links":{"self":[{"href":"https:\/\/www.pricetornado.com\/da\/wp-json\/wp\/v2\/product\/445974","targetHints":{"allow":["GET"]}}],"collection":[{"href":"https:\/\/www.pricetornado.com\/da\/wp-json\/wp\/v2\/product"}],"about":[{"href":"https:\/\/www.pricetornado.com\/da\/wp-json\/wp\/v2\/types\/product"}],"wp:featuredmedia":[{"embeddable":true,"href":"https:\/\/www.pricetornado.com\/da\/wp-json\/"}],"wp:attachment":[{"href":"https:\/\/www.pricetornado.com\/da\/wp-json\/wp\/v2\/media?parent=445974"}],"wp:term":[{"taxonomy":"store","embeddable":true,"href":"https:\/\/www.pricetornado.com\/da\/wp-json\/wp\/v2\/store?post=445974"},{"taxonomy":"product_brand","embeddable":true,"href":"https:\/\/www.pricetornado.com\/da\/wp-json\/wp\/v2\/product_brand?post=445974"},{"taxonomy":"product_cat","embeddable":true,"href":"https:\/\/www.pricetornado.com\/da\/wp-json\/wp\/v2\/product_cat?post=445974"},{"taxonomy":"product_tag","embeddable":true,"href":"https:\/\/www.pricetornado.com\/da\/wp-json\/wp\/v2\/product_tag?post=445974"}],"curies":[{"name":"wp","href":"https:\/\/api.w.org\/{rel}","templated":true}]}}