{"id":445972,"date":"2025-02-24T16:42:42","date_gmt":"2025-02-24T15:42:42","guid":{"rendered":"https:\/\/www.pricetornado.com\/da\/produkt\/philips-hue-xamento-stor-loftlampe-til-badevaerelse-hvid\/"},"modified":"2026-05-01T01:50:42","modified_gmt":"2026-04-30T23:50:42","slug":"philips-hue-xamento-stor-loftlampe-til-badevaerelse-hvid","status":"publish","type":"product","link":"https:\/\/www.pricetornado.com\/da\/produkt\/philips-hue-xamento-stor-loftlampe-til-badevaerelse-hvid\/","title":{"rendered":"Philips Hue Xamento Stor Loftlampe til badev\u00e6relse &#8211; Hvid"},"content":{"rendered":"<p>K\u00f8b billig Philips Hue Xamento Stor Loftlampe til badev\u00e6relse &#8211; Hvid!<br \/>\nPhilips Hue Xamento mellemstor loftslampe kombinerer moderne design med avanceret intelligent belysning og er ideel til badev\u00e6relset. Fremstillet af metal og syntetiske materialer sikrer lampen holdbarhed, et stilrent look og modstandsdygtighed over for fugt, hvilket g\u00f8r den perfekt til brug i badev\u00e6relsesmilj\u00f8er.Den integrerede LED-teknologi leverer energieffektiv og kraftfuld belysning uden behov for udskiftning af p\u00e6rer. Med Philips Hue Bluetooth appen kan du nemt styre op til 10 lyskilder i \u00e9t rum, d\u00e6mpe lyset og v\u00e6lge blandt et bredt farvespektrum fra varmt til k\u00f8ligt hvidt lys (2000\u20136500 Kelvin) samt millioner af farver for den rette stemning hver dag. Stemmekontrol er mulig via Amazon Alexa og Google Assistant, n\u00e5r lampen parres med kompatible enheder som Google Nest eller Amazon Echo.Hue Dimmer switch g\u00f8r det let og brugervenligt at t\u00e6nde og slukke, justere lysstyrke samt v\u00e6lge mellem fire forskellige forudindstillede belysningsscener: Energize, Concentrate, Read og Relax. De to k\u00f8lige scener hj\u00e6lper dig med at komme energisk i gang og holde fokus, mens de varme nuancer skaber en afslappende eller hyggelig stemning.Philips Hue Xamento loftlampen har IP44-klassificering, hvilket betyder, at den er modstandsdygtig over for vandst\u00e6nk og velegnet til brug i v\u00e5drum. Lampen opfylder kravene til beskyttelsesklasse I med jordforbindelse for ekstra sikkerhed i installationen.Ved at tilf\u00f8je en Philips Hue Bridge (s\u00e6lges separat) kan du udvide systemet til op til 50 intelligente lyskilder i hjemmet, styre dem uanset hvor du er, oprette rutiner og automatiseringer, samt tilkoble ekstra tilbeh\u00f8r som sensorer og smarte kontakter. Hue Bridge \u00e5bner for hele udvalget af intelligente funktioner fra Philips Hue.Oplev komfort, fleksibilitet og farverig smart belysning p\u00e5 badev\u00e6relset med Philips Hue Xamento mellemstor loftslampe \u2013 et sikkert, effektivt og stilfuldt valg til dit intelligente hjem.<\/p>\n<p>Sammenlign priser p\u00e5 Philips Hue Xamento Stor Loftlampe til badev\u00e6relse &#8211; Hvid og k\u00f8b online til den billigste pris, samt p\u00e5 tilbud!\u00a0\u00a0Tjek den bedste pris, produkt beskrivelse, video, test, anmeldelser osv.<\/p>\n<p><strong>Brand: <\/strong>Philips Hue<br \/>\n<strong>EAN: <\/strong>8718696176566<br \/>\n<strong>Producentens varenr.:<\/strong> 8718696176566<\/p>\n<p><strong>P.S.<\/strong><br \/>\nTilmeld dig til &#8220;Opret Gratis Prisfald Alarm&#8221;, og bliv underrettet med det samme om prisfald p\u00e5 Philips Hue Xamento Stor Loftlampe til badev\u00e6relse &#8211; Hvid, og f\u00e5 den billigste pris!<\/p>\n<p>&nbsp;<\/p>\n<p>&nbsp;<\/p>\n","protected":false},"excerpt":{"rendered":"<p>K\u00f8b billig Philips Hue Xamento Stor Loftlampe til badev\u00e6relse &#8211; Hvid! Philips Hue Xamento mellemstor loftslampe kombinerer moderne design med avanceret intelligent belysning og er ideel til badev\u00e6relset. Fremstillet af metal og syntetiske materialer sikrer lampen holdbarhed, et stilrent look og modstandsdygtighed over for fugt, hvilket g\u00f8r den perfekt til brug i badev\u00e6relsesmilj\u00f8er.Den integrerede LED-teknologi [&hellip;]<\/p>\n","protected":false},"featured_media":999980000004459720,"template":"","meta":[],"store":[1272516],"product_brand":[1272523],"product_cat":[1272422],"product_tag":[1272767],"class_list":{"0":"post-445972","1":"product","2":"type-product","3":"status-publish","4":"has-post-thumbnail","6":"store-butik24","7":"product_brand-philips-hue","8":"product_cat-philips-hue","9":"product_tag-philips-hue","10":"pa_maerke-philips-hue","12":"first","13":"instock","14":"product-type-external"},"_links":{"self":[{"href":"https:\/\/www.pricetornado.com\/da\/wp-json\/wp\/v2\/product\/445972","targetHints":{"allow":["GET"]}}],"collection":[{"href":"https:\/\/www.pricetornado.com\/da\/wp-json\/wp\/v2\/product"}],"about":[{"href":"https:\/\/www.pricetornado.com\/da\/wp-json\/wp\/v2\/types\/product"}],"wp:featuredmedia":[{"embeddable":true,"href":"https:\/\/www.pricetornado.com\/da\/wp-json\/"}],"wp:attachment":[{"href":"https:\/\/www.pricetornado.com\/da\/wp-json\/wp\/v2\/media?parent=445972"}],"wp:term":[{"taxonomy":"store","embeddable":true,"href":"https:\/\/www.pricetornado.com\/da\/wp-json\/wp\/v2\/store?post=445972"},{"taxonomy":"product_brand","embeddable":true,"href":"https:\/\/www.pricetornado.com\/da\/wp-json\/wp\/v2\/product_brand?post=445972"},{"taxonomy":"product_cat","embeddable":true,"href":"https:\/\/www.pricetornado.com\/da\/wp-json\/wp\/v2\/product_cat?post=445972"},{"taxonomy":"product_tag","embeddable":true,"href":"https:\/\/www.pricetornado.com\/da\/wp-json\/wp\/v2\/product_tag?post=445972"}],"curies":[{"name":"wp","href":"https:\/\/api.w.org\/{rel}","templated":true}]}}