{"id":445968,"date":"2025-02-22T06:00:07","date_gmt":"2025-02-22T05:00:07","guid":{"rendered":"https:\/\/www.pricetornado.com\/da\/produkt\/scanpan-to-go-termoflaske-750ml-aluminium-black\/"},"modified":"2026-04-17T08:59:53","modified_gmt":"2026-04-17T06:59:53","slug":"scanpan-to-go-termoflaske-750ml-aluminium-black","status":"publish","type":"product","link":"https:\/\/www.pricetornado.com\/da\/produkt\/scanpan-to-go-termoflaske-750ml-aluminium-black\/","title":{"rendered":"Scanpan To Go Termoflaske -750ml &#8211; Aluminium &#8211; Black"},"content":{"rendered":"<p>K\u00f8b billig Scanpan To Go Termoflaske -750ml &#8211; Aluminium &#8211; Black!<br \/>\ntermoflasker er designet med fokus p\u00e5 b\u00e5de mode, funktionalitet og b\u00e6redygtighed. Flaskerne er genanvendelige og den perfekte f\u00f8lgesvend i en aktiv livsstil, uanset om du er p\u00e5 vej i fitnesscentret, p\u00e5 arbejdet eller blot p\u00e5 farten. Den vakuumisolerede konstruktion sikrer, at dine drikkevarer holder den \u00f8nskede temperatur hele dagen.Termoflasken er fremstillet af rustfrit st\u00e5l og har en ridsefast pulverlakering, der sikrer lang holdbarhed og et p\u00e6nt udseende over tid. Takket v\u00e6re vakuumisoleringen holder flasken dine drikke kolde i op til 24 timer og varme i op til 12 timer. Det kondensfrie design s\u00f8rger for, at du undg\u00e5r fugt og pletter i tasken eller p\u00e5 bordet.V\u00e6lg den farve, der matcher din stil \u2013 Scanpan TO GO termoflaskerne f\u00e5s i et bredt udvalg af farver, s\u00e5 de hurtigt bliver en fast del af dine accessories. Se ogs\u00e5 flere produkter fra .<\/p>\n<p>Sammenlign priser p\u00e5 Scanpan To Go Termoflaske -750ml &#8211; Aluminium &#8211; Black og k\u00f8b online til den billigste pris, samt p\u00e5 tilbud!\u00a0\u00a0Tjek den bedste pris, produkt beskrivelse, video, test, anmeldelser osv.<\/p>\n<p><strong>Brand: <\/strong>Scanpan<br \/>\n<strong>EAN: <\/strong>083421199140<br \/>\n<strong>Producentens varenr.:<\/strong> 083421199140<\/p>\n<p><strong>P.S.<\/strong><br \/>\nTilmeld dig til &#8220;Opret Gratis Prisfald Alarm&#8221;, og bliv underrettet med det samme om prisfald p\u00e5 Scanpan To Go Termoflaske -750ml &#8211; Aluminium &#8211; Black, og f\u00e5 den billigste pris!<\/p>\n<p>&nbsp;<\/p>\n<p>&nbsp;<\/p>\n","protected":false},"excerpt":{"rendered":"<p>K\u00f8b billig Scanpan To Go Termoflaske -750ml &#8211; Aluminium &#8211; Black! termoflasker er designet med fokus p\u00e5 b\u00e5de mode, funktionalitet og b\u00e6redygtighed. Flaskerne er genanvendelige og den perfekte f\u00f8lgesvend i en aktiv livsstil, uanset om du er p\u00e5 vej i fitnesscentret, p\u00e5 arbejdet eller blot p\u00e5 farten. Den vakuumisolerede konstruktion sikrer, at dine drikkevarer holder [&hellip;]<\/p>\n","protected":false},"featured_media":999980000004459680,"template":"","meta":[],"store":[1272516],"product_brand":[1272521],"product_cat":[831418],"product_tag":[1272683,1275184],"class_list":{"0":"post-445968","1":"product","2":"type-product","3":"status-publish","4":"has-post-thumbnail","6":"store-butik24","7":"product_brand-scanpan","8":"product_cat-koekkenudstyr","9":"product_tag-koekkenudstyr","10":"product_tag-scanpan","11":"pa_maerke-scanpan","13":"first","14":"instock","15":"product-type-external"},"_links":{"self":[{"href":"https:\/\/www.pricetornado.com\/da\/wp-json\/wp\/v2\/product\/445968","targetHints":{"allow":["GET"]}}],"collection":[{"href":"https:\/\/www.pricetornado.com\/da\/wp-json\/wp\/v2\/product"}],"about":[{"href":"https:\/\/www.pricetornado.com\/da\/wp-json\/wp\/v2\/types\/product"}],"wp:featuredmedia":[{"embeddable":true,"href":"https:\/\/www.pricetornado.com\/da\/wp-json\/"}],"wp:attachment":[{"href":"https:\/\/www.pricetornado.com\/da\/wp-json\/wp\/v2\/media?parent=445968"}],"wp:term":[{"taxonomy":"store","embeddable":true,"href":"https:\/\/www.pricetornado.com\/da\/wp-json\/wp\/v2\/store?post=445968"},{"taxonomy":"product_brand","embeddable":true,"href":"https:\/\/www.pricetornado.com\/da\/wp-json\/wp\/v2\/product_brand?post=445968"},{"taxonomy":"product_cat","embeddable":true,"href":"https:\/\/www.pricetornado.com\/da\/wp-json\/wp\/v2\/product_cat?post=445968"},{"taxonomy":"product_tag","embeddable":true,"href":"https:\/\/www.pricetornado.com\/da\/wp-json\/wp\/v2\/product_tag?post=445968"}],"curies":[{"name":"wp","href":"https:\/\/api.w.org\/{rel}","templated":true}]}}