{"id":445954,"date":"2025-02-23T10:40:44","date_gmt":"2025-02-23T09:40:44","guid":{"rendered":"https:\/\/www.pricetornado.com\/da\/produkt\/scanpan-to-go-termoflaske-350ml-ash-rose\/"},"modified":"2026-04-19T09:30:49","modified_gmt":"2026-04-19T07:30:49","slug":"scanpan-to-go-termoflaske-350ml-ash-rose","status":"publish","type":"product","link":"https:\/\/www.pricetornado.com\/da\/produkt\/scanpan-to-go-termoflaske-350ml-ash-rose\/","title":{"rendered":"Scanpan To Go Termoflaske &#8211; 350ml &#8211; Ash Rose"},"content":{"rendered":"<p>K\u00f8b billig Scanpan To Go Termoflaske &#8211; 350ml &#8211; Ash Rose!<br \/>\ntermoflasker er udviklet med fokus p\u00e5 mode, funktionalitet og b\u00e6redygtighed. De er ideelle til dig med en aktiv livsstil, uanset om du er p\u00e5 farten, til tr\u00e6ning eller blot \u00f8nsker at medbringe dine drikkevarer i h\u00f8j kvalitet.Termoflasken er fremstillet af rustfrit st\u00e5l med ridsefast pulverlakering, hvilket giver en langtidsholdbar og slidst\u00e6rk overflade, der t\u00e5ler daglig brug. Materialet er BPA-frit og sikrer, at dine drikkevarer forbliver fri for skadelige kemikalier.Med den effektive vakuumisolation kan flasken holde dine drikkevarer kolde i op til 24 timer og varme i op til 12 timer. Det g\u00f8r flasken perfekt til b\u00e5de kolde og varme drikke, uanset hvor du er.Scanpan To Go termoflasker matcher enhver stil og anledning. V\u00e6lg mellem adskillige trendy farver, herunder den smukke Ash Rose.For at bevare flaskens udseende og ydeevne anbefales h\u00e5ndvask.<\/p>\n<p>Sammenlign priser p\u00e5 Scanpan To Go Termoflaske &#8211; 350ml &#8211; Ash Rose og k\u00f8b online til den billigste pris, samt p\u00e5 tilbud!\u00a0\u00a0Tjek den bedste pris, produkt beskrivelse, video, test, anmeldelser osv.<\/p>\n<p><strong>Brand: <\/strong>Scanpan<br \/>\n<strong>EAN: <\/strong>083421199027<br \/>\n<strong>Producentens varenr.:<\/strong> 083421199027<\/p>\n<p><strong>P.S.<\/strong><br \/>\nTilmeld dig til &#8220;Opret Gratis Prisfald Alarm&#8221;, og bliv underrettet med det samme om prisfald p\u00e5 Scanpan To Go Termoflaske &#8211; 350ml &#8211; Ash Rose, og f\u00e5 den billigste pris!<\/p>\n<p>&nbsp;<\/p>\n<p>&nbsp;<\/p>\n","protected":false},"excerpt":{"rendered":"<p>K\u00f8b billig Scanpan To Go Termoflaske &#8211; 350ml &#8211; Ash Rose! termoflasker er udviklet med fokus p\u00e5 mode, funktionalitet og b\u00e6redygtighed. De er ideelle til dig med en aktiv livsstil, uanset om du er p\u00e5 farten, til tr\u00e6ning eller blot \u00f8nsker at medbringe dine drikkevarer i h\u00f8j kvalitet.Termoflasken er fremstillet af rustfrit st\u00e5l med ridsefast [&hellip;]<\/p>\n","protected":false},"featured_media":999980000004459540,"template":"","meta":[],"store":[1272516],"product_brand":[1272521],"product_cat":[1272415],"product_tag":[1272724,1275184],"class_list":{"0":"post-445954","1":"product","2":"type-product","3":"status-publish","4":"has-post-thumbnail","6":"store-butik24","7":"product_brand-scanpan","8":"product_cat-husholdning","9":"product_tag-husholdning","10":"product_tag-scanpan","11":"pa_maerke-scanpan","13":"first","14":"instock","15":"product-type-external"},"_links":{"self":[{"href":"https:\/\/www.pricetornado.com\/da\/wp-json\/wp\/v2\/product\/445954","targetHints":{"allow":["GET"]}}],"collection":[{"href":"https:\/\/www.pricetornado.com\/da\/wp-json\/wp\/v2\/product"}],"about":[{"href":"https:\/\/www.pricetornado.com\/da\/wp-json\/wp\/v2\/types\/product"}],"wp:featuredmedia":[{"embeddable":true,"href":"https:\/\/www.pricetornado.com\/da\/wp-json\/"}],"wp:attachment":[{"href":"https:\/\/www.pricetornado.com\/da\/wp-json\/wp\/v2\/media?parent=445954"}],"wp:term":[{"taxonomy":"store","embeddable":true,"href":"https:\/\/www.pricetornado.com\/da\/wp-json\/wp\/v2\/store?post=445954"},{"taxonomy":"product_brand","embeddable":true,"href":"https:\/\/www.pricetornado.com\/da\/wp-json\/wp\/v2\/product_brand?post=445954"},{"taxonomy":"product_cat","embeddable":true,"href":"https:\/\/www.pricetornado.com\/da\/wp-json\/wp\/v2\/product_cat?post=445954"},{"taxonomy":"product_tag","embeddable":true,"href":"https:\/\/www.pricetornado.com\/da\/wp-json\/wp\/v2\/product_tag?post=445954"}],"curies":[{"name":"wp","href":"https:\/\/api.w.org\/{rel}","templated":true}]}}