{"id":445946,"date":"2025-02-23T12:33:30","date_gmt":"2025-02-23T11:33:30","guid":{"rendered":"https:\/\/www.pricetornado.com\/da\/produkt\/philips-sonicare-diamondclean-9000-series-elektrisk-tandboerste-special-edition-hx9911-88\/"},"modified":"2026-04-30T04:20:15","modified_gmt":"2026-04-30T02:20:15","slug":"philips-sonicare-diamondclean-9000-series-elektrisk-tandboerste-special-edition-hx9911-88","status":"publish","type":"product","link":"https:\/\/www.pricetornado.com\/da\/produkt\/philips-sonicare-diamondclean-9000-series-elektrisk-tandboerste-special-edition-hx9911-88\/","title":{"rendered":"Philips Sonicare DiamondClean 9000 Series Elektrisk tandb\u00f8rste Special Edition &#8211; HX9911\/88"},"content":{"rendered":"<p>K\u00f8b billig Philips Sonicare DiamondClean 9000 Series Elektrisk tandb\u00f8rste Special Edition &#8211; HX9911\/88!<br \/>\nPhilips Sonicare DiamondClean 9000 Series Special Edition giver dig et hvidere smil uden besv\u00e6r \u2013 oplev synligt hvidere t\u00e6nder p\u00e5 blot 3 dage*. Avanceret Sonicare-teknologi sikrer effektiv fjernelse af misfarvninger og plak, samtidig med at tandb\u00f8rsten er sk\u00e5nsom mod tandk\u00f8det og bidrager til god mundhygiejne.Med fire forskellige b\u00f8rsteindstillinger (Clean, White+, Gum Health, Deep Clean+) og tre intensitetsniveauer kan du tilpasse din tandb\u00f8rstning, s\u00e5 den matcher pr\u00e6cis dine behov og pr\u00e6ferencer. Dette giver en personlig og behagelig b\u00f8rsteoplevelse hver gang.Indbygget tryksensor advarer dig, hvis du trykker for h\u00e5rdt under b\u00f8rstningen.BrushSync-teknologi v\u00e6lger automatisk den bedste indstilling baseret p\u00e5 b\u00f8rstehoved og minder dig, n\u00e5r det er tid til at udskifte hovedet.Tilsluttet Sonicare-app guider dig, registrerer status og giver personlige statusrapporter for l\u00f8bende forbedring.DiamondClean 9000 Series Special Edition er designet med en elegant aquamarine-gradient og et ergonomisk greb, der ligger komfortabelt i h\u00e5nden. Tandb\u00f8rsten leveres med et slankt, kompakt rejseetui, som g\u00f8r den ideel til b\u00e5de hjemmebrug og rejser.Philips Sonicare DiamondClean 9000 Series drives af et genopladeligt Li-ion batteri, der sikrer lang batterilevetid og f\u00e6rre opladninger. Nyd friheden ved flere dages brug p\u00e5 en enkelt opladning.Kombinationen af avanceret teknologi, smart tilpasning og stilfuldt design g\u00f8r denne elektriske tandb\u00f8rste til et ideelt valg for dig, der vil optimere din mundpleje uden besv\u00e6r \u2013 hjemme og p\u00e5 farten. og oplev moderne mundpleje i h\u00f8j kvalitet.<\/p>\n<p>Sammenlign priser p\u00e5 Philips Sonicare DiamondClean 9000 Series Elektrisk tandb\u00f8rste Special Edition &#8211; HX9911\/88 og k\u00f8b online til den billigste pris, samt p\u00e5 tilbud!\u00a0\u00a0Tjek den bedste pris, produkt beskrivelse, video, test, anmeldelser osv.<\/p>\n<p><strong>Brand: <\/strong>Philips<br \/>\n<strong>EAN: <\/strong>8720689001007<br \/>\n<strong>Producentens varenr.:<\/strong> 8720689001007<\/p>\n<p><strong>P.S.<\/strong><br \/>\nTilmeld dig til &#8220;Opret Gratis Prisfald Alarm&#8221;, og bliv underrettet med det samme om prisfald p\u00e5 Philips Sonicare DiamondClean 9000 Series Elektrisk tandb\u00f8rste Special Edition &#8211; HX9911\/88, og f\u00e5 den billigste pris!<\/p>\n<p>&nbsp;<\/p>\n<p>&nbsp;<\/p>\n","protected":false},"excerpt":{"rendered":"<p>K\u00f8b billig Philips Sonicare DiamondClean 9000 Series Elektrisk tandb\u00f8rste Special Edition &#8211; HX9911\/88! Philips Sonicare DiamondClean 9000 Series Special Edition giver dig et hvidere smil uden besv\u00e6r \u2013 oplev synligt hvidere t\u00e6nder p\u00e5 blot 3 dage*. Avanceret Sonicare-teknologi sikrer effektiv fjernelse af misfarvninger og plak, samtidig med at tandb\u00f8rsten er sk\u00e5nsom mod tandk\u00f8det og bidrager [&hellip;]<\/p>\n","protected":false},"featured_media":999980000004459460,"template":"","meta":[],"store":[1272516],"product_brand":[1272519],"product_cat":[1272446],"product_tag":[1275180,1272715],"class_list":{"0":"post-445946","1":"product","2":"type-product","3":"status-publish","4":"has-post-thumbnail","6":"store-butik24","7":"product_brand-philips","8":"product_cat-tandpleje-2","9":"product_tag-philips","10":"product_tag-tandpleje","11":"pa_maerke-philips","13":"first","14":"instock","15":"product-type-external"},"_links":{"self":[{"href":"https:\/\/www.pricetornado.com\/da\/wp-json\/wp\/v2\/product\/445946","targetHints":{"allow":["GET"]}}],"collection":[{"href":"https:\/\/www.pricetornado.com\/da\/wp-json\/wp\/v2\/product"}],"about":[{"href":"https:\/\/www.pricetornado.com\/da\/wp-json\/wp\/v2\/types\/product"}],"wp:featuredmedia":[{"embeddable":true,"href":"https:\/\/www.pricetornado.com\/da\/wp-json\/"}],"wp:attachment":[{"href":"https:\/\/www.pricetornado.com\/da\/wp-json\/wp\/v2\/media?parent=445946"}],"wp:term":[{"taxonomy":"store","embeddable":true,"href":"https:\/\/www.pricetornado.com\/da\/wp-json\/wp\/v2\/store?post=445946"},{"taxonomy":"product_brand","embeddable":true,"href":"https:\/\/www.pricetornado.com\/da\/wp-json\/wp\/v2\/product_brand?post=445946"},{"taxonomy":"product_cat","embeddable":true,"href":"https:\/\/www.pricetornado.com\/da\/wp-json\/wp\/v2\/product_cat?post=445946"},{"taxonomy":"product_tag","embeddable":true,"href":"https:\/\/www.pricetornado.com\/da\/wp-json\/wp\/v2\/product_tag?post=445946"}],"curies":[{"name":"wp","href":"https:\/\/api.w.org\/{rel}","templated":true}]}}