{"id":445935,"date":"2025-02-27T04:09:06","date_gmt":"2025-02-27T03:09:06","guid":{"rendered":"https:\/\/www.pricetornado.com\/da\/produkt\/nedis-fuld-motion-tv-ceiling-mount-26-42-maksimal-vaegt-20-kg-vipbar-kan-drejes-minimum-loftafstand-716-mm-maksimal-loftafstand-1160-mm-1-drejepunkter-staal-sort-tv\/"},"modified":"2026-04-23T06:20:43","modified_gmt":"2026-04-23T04:20:43","slug":"nedis-fuld-motion-tv-ceiling-mount-26-42-maksimal-vaegt-20-kg-vipbar-kan-drejes-minimum-loftafstand-716-mm-maksimal-loftafstand-1160-mm-1-drejepunkter-staal-sort-tv","status":"publish","type":"product","link":"https:\/\/www.pricetornado.com\/da\/produkt\/nedis-fuld-motion-tv-ceiling-mount-26-42-maksimal-vaegt-20-kg-vipbar-kan-drejes-minimum-loftafstand-716-mm-maksimal-loftafstand-1160-mm-1-drejepunkter-staal-sort-tv\/","title":{"rendered":"Nedis &#8211; Fuld Motion tv Ceiling Mount | 26 &#8211; 42 &quot; | Maksimal v\u00e6gt: 20 kg | Vipbar | Kan drejes | Minimum loftafstand: 716 mm | Maksimal loftafstand: 1160 mm | 1 Drejepunkt(er) | St\u00e5l | Sort &#8211; TVCM1330BK"},"content":{"rendered":"<p>K\u00f8b billig Nedis &#8211; Fuld Motion tv Ceiling Mount | 26 &#8211; 42 &quot; | Maksimal v\u00e6gt: 20 kg | Vipbar | Kan drejes | Minimum loftafstand: 716 mm | Maksimal loftafstand: 1160 mm | 1 Drejepunkt(er) | St\u00e5l | Sort &#8211; TVCM1330BK!<br \/>\nDette beslag er velegnet til montering af dit tv i loftet, s\u00e5 det falder naturligt ind i interi\u00f8ret. Beslaget underst\u00f8tter tv-sk\u00e6rme fra 26 til 42 tommer og kan b\u00e6re op til 20 kg. Alle n\u00f8dvendige monteringsmaterialer og en detaljeret vejledning medf\u00f8lger, hvilket sikrer en hurtig og nem installation.Loftsbeslaget er fremstillet i holdbart st\u00e5l og har en stilren sort finish, der kombinerer robusthed med et moderne udseende. H\u00f8jden kan let tilpasses fra 716 mm til 1160 mm fra loftet, s\u00e5 du kan placere tv\u2019et pr\u00e6cis, hvor du \u00f8nsker det.Disse justerbare funktioner giver dig mulighed for at opn\u00e5 den ideelle betragtningsvinkel, uanset placering.Et integreret kabelstyringssystem hj\u00e6lper med at holde ledninger organiseret og skjulte, hvilket bidrager til et p\u00e6nt og ryddeligt udtryk. Beslaget underst\u00f8tter flere VESA-standarder, herunder 100&#215;100, 200&#215;100, 200&#215;200, 300&#215;300, 400&#215;200 og 400&#215;400 mm, s\u00e5 det passer til et bredt udvalg af tv\u2019er. og opgrader dit hjem med praktisk tv-tilbeh\u00f8r.<\/p>\n<p>Sammenlign priser p\u00e5 Nedis &#8211; Fuld Motion tv Ceiling Mount | 26 &#8211; 42 &quot; | Maksimal v\u00e6gt: 20 kg | Vipbar | Kan drejes | Minimum loftafstand: 716 mm | Maksimal loftafstand: 1160 mm | 1 Drejepunkt(er) | St\u00e5l | Sort &#8211; TVCM1330BK og k\u00f8b online til den billigste pris, samt p\u00e5 tilbud!\u00a0\u00a0Tjek den bedste pris, produkt beskrivelse, video, test, anmeldelser osv.<\/p>\n<p><strong>Brand: <\/strong>Nedis<br \/>\n<strong>EAN: <\/strong>5412810274222<br \/>\n<strong>Producentens varenr.:<\/strong> 5412810274222<\/p>\n<p><strong>P.S.<\/strong><br \/>\nTilmeld dig til &#8220;Opret Gratis Prisfald Alarm&#8221;, og bliv underrettet med det samme om prisfald p\u00e5 Nedis &#8211; Fuld Motion tv Ceiling Mount | 26 &#8211; 42 &quot; | Maksimal v\u00e6gt: 20 kg | Vipbar | Kan drejes | Minimum loftafstand: 716 mm | Maksimal loftafstand: 1160 mm | 1 Drejepunkt(er) | St\u00e5l | Sort &#8211; TVCM1330BK, og f\u00e5 den billigste pris!<\/p>\n<p>&nbsp;<\/p>\n<p>&nbsp;<\/p>\n","protected":false},"excerpt":{"rendered":"<p>K\u00f8b billig Nedis &#8211; Fuld Motion tv Ceiling Mount | 26 &#8211; 42 &quot; | Maksimal v\u00e6gt: 20 kg | Vipbar | Kan drejes | Minimum loftafstand: 716 mm | Maksimal loftafstand: 1160 mm | 1 Drejepunkt(er) | St\u00e5l | Sort &#8211; TVCM1330BK! Dette beslag er velegnet til montering af dit tv i loftet, s\u00e5 [&hellip;]<\/p>\n","protected":false},"featured_media":999980000004459350,"template":"","meta":[],"store":[1272516],"product_brand":[1272517],"product_cat":[1272427],"product_tag":[1272678,1275178],"class_list":{"0":"post-445935","1":"product","2":"type-product","3":"status-publish","4":"has-post-thumbnail","6":"store-butik24","7":"product_brand-nedis","8":"product_cat-beslag","9":"product_tag-beslag","10":"product_tag-nedis","11":"pa_maerke-nedis","13":"first","14":"instock","15":"product-type-external"},"_links":{"self":[{"href":"https:\/\/www.pricetornado.com\/da\/wp-json\/wp\/v2\/product\/445935","targetHints":{"allow":["GET"]}}],"collection":[{"href":"https:\/\/www.pricetornado.com\/da\/wp-json\/wp\/v2\/product"}],"about":[{"href":"https:\/\/www.pricetornado.com\/da\/wp-json\/wp\/v2\/types\/product"}],"wp:featuredmedia":[{"embeddable":true,"href":"https:\/\/www.pricetornado.com\/da\/wp-json\/"}],"wp:attachment":[{"href":"https:\/\/www.pricetornado.com\/da\/wp-json\/wp\/v2\/media?parent=445935"}],"wp:term":[{"taxonomy":"store","embeddable":true,"href":"https:\/\/www.pricetornado.com\/da\/wp-json\/wp\/v2\/store?post=445935"},{"taxonomy":"product_brand","embeddable":true,"href":"https:\/\/www.pricetornado.com\/da\/wp-json\/wp\/v2\/product_brand?post=445935"},{"taxonomy":"product_cat","embeddable":true,"href":"https:\/\/www.pricetornado.com\/da\/wp-json\/wp\/v2\/product_cat?post=445935"},{"taxonomy":"product_tag","embeddable":true,"href":"https:\/\/www.pricetornado.com\/da\/wp-json\/wp\/v2\/product_tag?post=445935"}],"curies":[{"name":"wp","href":"https:\/\/api.w.org\/{rel}","templated":true}]}}