{"id":445930,"date":"2025-02-22T16:29:35","date_gmt":"2025-02-22T15:29:35","guid":{"rendered":"https:\/\/www.pricetornado.com\/da\/produkt\/imperial-dabman-go-dab-fm-kompakt-radio-sort-22-316-00\/"},"modified":"2026-04-17T05:30:15","modified_gmt":"2026-04-17T03:30:15","slug":"imperial-dabman-go-dab-fm-kompakt-radio-sort-22-316-00","status":"publish","type":"product","link":"https:\/\/www.pricetornado.com\/da\/produkt\/imperial-dabman-go-dab-fm-kompakt-radio-sort-22-316-00\/","title":{"rendered":"Imperial &#8211; DABMAN GO DAB+ \/ FM kompakt radio sort &#8211; 22-316-00"},"content":{"rendered":"<p>K\u00f8b billig Imperial &#8211; DABMAN GO DAB+ \/ FM kompakt radio sort &#8211; 22-316-00!<br \/>\nOplev musikken, hvor du vil, med Imperial DABMAN GO \u2013 en b\u00e6rbar og praktisk radio, der giver dig adgang til b\u00e5de DAB+ (174-240 MHz) og FM (87,5-108 MHz) radiokanaler. Med op til 20 forudindstillede stationer f\u00e5r du hurtigt adgang til dine favoritter. Den kompakte st\u00f8rrelse g\u00f8r radioen ideel til brug b\u00e5de inde og ude.Tr\u00e5dl\u00f8s musikstreaming via Bluetooth 5.0Med indbygget Bluetooth 5.0 kan du nemt og tr\u00e5dl\u00f8st streame musik direkte fra dine kompatible enheder. H\u00f8jttaleren med 5W RMS-effekt sikrer en klar og kraftfuld lyd, s\u00e5 du kan nyde din yndlingsmusik med flot lydkvalitet, uanset hvor du befinder dig.DABMAN GO er konstrueret i let og holdbart ABS-plast, som beskytter radioen mod st\u00f8d og g\u00f8r den velegnet til mobil brug. Opladning sker via USB-C med 5V DC input, s\u00e5 du let kan bruge dine eksisterende opladere eller powerbanks.Med det integrerede 2.000 mAh batteri kan du lytte uafbrudt i op til 8 timer p\u00e5 en enkelt opladning, hvilket giver dig frihed til at tage radioen med p\u00e5 stranden, i parken eller i k\u00f8kkenet.Bluetooth 5.0 til tr\u00e5dl\u00f8s streamingOp til 8 timers spilletid med 2.000 mAh batteriBem\u00e6rk: If\u00f8lge officielle specifikationer oplyses der ikke om IPX5-certificering eller vandt\u00e6thed. Produktet egner sig dog godt til b\u00e6rbar brug p\u00e5 grund af dets robuste ABS-plast og kompakte design.Imperial DABMAN GO er det ideelle valg, hvis du s\u00f8ger en p\u00e5lidelig, letanvendelig og b\u00e6rbar radio med DAB+, FM og Bluetooth \u2013 perfekt til musik og radio p\u00e5 farten.<\/p>\n<p>Sammenlign priser p\u00e5 Imperial &#8211; DABMAN GO DAB+ \/ FM kompakt radio sort &#8211; 22-316-00 og k\u00f8b online til den billigste pris, samt p\u00e5 tilbud!\u00a0\u00a0Tjek den bedste pris, produkt beskrivelse, video, test, anmeldelser osv.<\/p>\n<p><strong>Brand: <\/strong>Imperial<br \/>\n<strong>EAN: <\/strong>4024035316000<br \/>\n<strong>Producentens varenr.:<\/strong> 4024035316000<\/p>\n<p><strong>P.S.<\/strong><br \/>\nTilmeld dig til &#8220;Opret Gratis Prisfald Alarm&#8221;, og bliv underrettet med det samme om prisfald p\u00e5 Imperial &#8211; DABMAN GO DAB+ \/ FM kompakt radio sort &#8211; 22-316-00, og f\u00e5 den billigste pris!<\/p>\n<p>&nbsp;<\/p>\n<p>&nbsp;<\/p>\n","protected":false},"excerpt":{"rendered":"<p>K\u00f8b billig Imperial &#8211; DABMAN GO DAB+ \/ FM kompakt radio sort &#8211; 22-316-00! Oplev musikken, hvor du vil, med Imperial DABMAN GO \u2013 en b\u00e6rbar og praktisk radio, der giver dig adgang til b\u00e5de DAB+ (174-240 MHz) og FM (87,5-108 MHz) radiokanaler. Med op til 20 forudindstillede stationer f\u00e5r du hurtigt adgang til dine [&hellip;]<\/p>\n","protected":false},"featured_media":999980000004459300,"template":"","meta":[],"store":[1272516],"product_brand":[1272525],"product_cat":[1272439],"product_tag":[1275182,1272694],"class_list":{"0":"post-445930","1":"product","2":"type-product","3":"status-publish","4":"has-post-thumbnail","6":"store-butik24","7":"product_brand-imperial","8":"product_cat-radio-2","9":"product_tag-imperial","10":"product_tag-radio","11":"pa_maerke-imperial","13":"first","14":"instock","15":"product-type-external"},"_links":{"self":[{"href":"https:\/\/www.pricetornado.com\/da\/wp-json\/wp\/v2\/product\/445930","targetHints":{"allow":["GET"]}}],"collection":[{"href":"https:\/\/www.pricetornado.com\/da\/wp-json\/wp\/v2\/product"}],"about":[{"href":"https:\/\/www.pricetornado.com\/da\/wp-json\/wp\/v2\/types\/product"}],"wp:featuredmedia":[{"embeddable":true,"href":"https:\/\/www.pricetornado.com\/da\/wp-json\/"}],"wp:attachment":[{"href":"https:\/\/www.pricetornado.com\/da\/wp-json\/wp\/v2\/media?parent=445930"}],"wp:term":[{"taxonomy":"store","embeddable":true,"href":"https:\/\/www.pricetornado.com\/da\/wp-json\/wp\/v2\/store?post=445930"},{"taxonomy":"product_brand","embeddable":true,"href":"https:\/\/www.pricetornado.com\/da\/wp-json\/wp\/v2\/product_brand?post=445930"},{"taxonomy":"product_cat","embeddable":true,"href":"https:\/\/www.pricetornado.com\/da\/wp-json\/wp\/v2\/product_cat?post=445930"},{"taxonomy":"product_tag","embeddable":true,"href":"https:\/\/www.pricetornado.com\/da\/wp-json\/wp\/v2\/product_tag?post=445930"}],"curies":[{"name":"wp","href":"https:\/\/api.w.org\/{rel}","templated":true}]}}