{"id":445926,"date":"2025-02-22T06:06:06","date_gmt":"2025-02-22T05:06:06","guid":{"rendered":"https:\/\/www.pricetornado.com\/da\/produkt\/nedis-tablet-beslag-7-12-fast-applikation-vaeg-twmt100si\/"},"modified":"2026-04-18T02:30:54","modified_gmt":"2026-04-18T00:30:54","slug":"nedis-tablet-beslag-7-12-fast-applikation-vaeg-twmt100si","status":"publish","type":"product","link":"https:\/\/www.pricetornado.com\/da\/produkt\/nedis-tablet-beslag-7-12-fast-applikation-vaeg-twmt100si\/","title":{"rendered":"Nedis &#8211; Tablet Beslag | 7 &#8211; 12 &quot; | Fast | Applikation: V\u00e6g &#8211; TWMT100SI"},"content":{"rendered":"<p>K\u00f8b billig Nedis &#8211; Tablet Beslag | 7 &#8211; 12 &quot; | Fast | Applikation: V\u00e6g &#8211; TWMT100SI!<br \/>\nNedis tablet v\u00e6gbeslag er designet til tablets med sk\u00e6rmst\u00f8rrelse p\u00e5 7&quot; til 12&quot; (17,8-30,5 cm). Den alsidige klemme har et justerbart \u00e5bningsomr\u00e5de p\u00e5 14,5-21 cm, hvilket sikrer kompatibilitet med mange forskellige tabletst\u00f8rrelser. Auto-klemmefunktionen sikrer et fast greb uden behov for manuel justering eller v\u00e6rkt\u00f8j, s\u00e5 montering og daglig brug foreg\u00e5r let og uden besv\u00e6r.Med 360\u00b0 rotationsfunktion kan du problemfrit skifte mellem st\u00e5ende og liggende visningsposition, hvilket giver maksimal fleksibilitet og komfort. Dette g\u00f8r det nemt at finde den ideelle betragtningsvinkel, uanset om du skriver, ser videoer eller arbejder effektivt p\u00e5 din tablet.V\u00e6gbeslaget er fremstillet i b\u00e5de st\u00e5l og plastik for at kombinere robusthed med lav v\u00e6gt (0,251 kg). Den faste v\u00e6gmontering frig\u00f8r skrivebordsplads og placerer din tablet i en ergonomisk h\u00f8jde. Med en minimal v\u00e6gafstand p\u00e5 27,5 mm er beslaget diskret og udg\u00f8r ikke en forhindring, hvilket g\u00f8r det ideelt til brug i omr\u00e5der med h\u00f8j trafik.En strategisk placeret \u00e5bning i tabletklemmen g\u00f8r det muligt at oplade din tablet, mens den er monteret, s\u00e5 du kan holde enheden str\u00f8mforsynet uden at afmontere den. Dette sikrer uafbrudt brug til arbejde, underholdning eller spil.Opn\u00e5 et mere organiseret og ergonomisk arbejds- eller underholdningsomr\u00e5de med det praktiske Nedis tablet v\u00e6gbeslag, der forener fleksibilitet, holdbare materialer og pladsbesparelse. Find flere smarte l\u00f8sninger fra hos Butik24.<\/p>\n<p>Sammenlign priser p\u00e5 Nedis &#8211; Tablet Beslag | 7 &#8211; 12 &quot; | Fast | Applikation: V\u00e6g &#8211; TWMT100SI og k\u00f8b online til den billigste pris, samt p\u00e5 tilbud!\u00a0\u00a0Tjek den bedste pris, produkt beskrivelse, video, test, anmeldelser osv.<\/p>\n<p><strong>Brand: <\/strong>Nedis<br \/>\n<strong>EAN: <\/strong>5412810287161<br \/>\n<strong>Producentens varenr.:<\/strong> 5412810287161<\/p>\n<p><strong>P.S.<\/strong><br \/>\nTilmeld dig til &#8220;Opret Gratis Prisfald Alarm&#8221;, og bliv underrettet med det samme om prisfald p\u00e5 Nedis &#8211; Tablet Beslag | 7 &#8211; 12 &quot; | Fast | Applikation: V\u00e6g &#8211; TWMT100SI, og f\u00e5 den billigste pris!<\/p>\n<p>&nbsp;<\/p>\n<p>&nbsp;<\/p>\n","protected":false},"excerpt":{"rendered":"<p>K\u00f8b billig Nedis &#8211; Tablet Beslag | 7 &#8211; 12 &quot; | Fast | Applikation: V\u00e6g &#8211; TWMT100SI! Nedis tablet v\u00e6gbeslag er designet til tablets med sk\u00e6rmst\u00f8rrelse p\u00e5 7&quot; til 12&quot; (17,8-30,5 cm). Den alsidige klemme har et justerbart \u00e5bningsomr\u00e5de p\u00e5 14,5-21 cm, hvilket sikrer kompatibilitet med mange forskellige tabletst\u00f8rrelser. Auto-klemmefunktionen sikrer et fast greb [&hellip;]<\/p>\n","protected":false},"featured_media":999980000004459260,"template":"","meta":[],"store":[1272516],"product_brand":[1272517],"product_cat":[1272470],"product_tag":[1275178,1272841],"class_list":{"0":"post-445926","1":"product","2":"type-product","3":"status-publish","4":"has-post-thumbnail","6":"store-butik24","7":"product_brand-nedis","8":"product_cat-telefon-og-tablet","9":"product_tag-nedis","10":"product_tag-telefon-og-tablet","11":"pa_maerke-nedis","13":"first","14":"instock","15":"product-type-external"},"_links":{"self":[{"href":"https:\/\/www.pricetornado.com\/da\/wp-json\/wp\/v2\/product\/445926","targetHints":{"allow":["GET"]}}],"collection":[{"href":"https:\/\/www.pricetornado.com\/da\/wp-json\/wp\/v2\/product"}],"about":[{"href":"https:\/\/www.pricetornado.com\/da\/wp-json\/wp\/v2\/types\/product"}],"wp:featuredmedia":[{"embeddable":true,"href":"https:\/\/www.pricetornado.com\/da\/wp-json\/"}],"wp:attachment":[{"href":"https:\/\/www.pricetornado.com\/da\/wp-json\/wp\/v2\/media?parent=445926"}],"wp:term":[{"taxonomy":"store","embeddable":true,"href":"https:\/\/www.pricetornado.com\/da\/wp-json\/wp\/v2\/store?post=445926"},{"taxonomy":"product_brand","embeddable":true,"href":"https:\/\/www.pricetornado.com\/da\/wp-json\/wp\/v2\/product_brand?post=445926"},{"taxonomy":"product_cat","embeddable":true,"href":"https:\/\/www.pricetornado.com\/da\/wp-json\/wp\/v2\/product_cat?post=445926"},{"taxonomy":"product_tag","embeddable":true,"href":"https:\/\/www.pricetornado.com\/da\/wp-json\/wp\/v2\/product_tag?post=445926"}],"curies":[{"name":"wp","href":"https:\/\/api.w.org\/{rel}","templated":true}]}}