{"id":445924,"date":"2025-02-24T22:10:20","date_gmt":"2025-02-24T21:10:20","guid":{"rendered":"https:\/\/www.pricetornado.com\/da\/produkt\/scanpan-bradepande-fusion-5-35-x-24-cm\/"},"modified":"2026-04-18T02:20:08","modified_gmt":"2026-04-18T00:20:08","slug":"scanpan-bradepande-fusion-5-35-x-24-cm","status":"publish","type":"product","link":"https:\/\/www.pricetornado.com\/da\/produkt\/scanpan-bradepande-fusion-5-35-x-24-cm\/","title":{"rendered":"Scanpan Bradepande &#8211; Fusion 5 35 x 24 cm"},"content":{"rendered":"<p>K\u00f8b billig Scanpan Bradepande &#8211; Fusion 5 35 x 24 cm!<br \/>\nScanpan bradepande fra Fusion 5-serien m\u00e5ler 35 x 24 cm og er udstyret med to smarte h\u00e5ndtag, der g\u00f8r den nem at h\u00e5ndtere. Bradepanden kan anvendes p\u00e5 alle typer komfur, herunder induktion, glaskeramisk, gas, halogen, spiralkomfur og masseplade. Den kan desuden bruges i ovnen ved temperaturer op til 250\u00b0C, s\u00e5 du kan lave alt fra klassiske ovnretter til grillstegte favoritter direkte i bradepanden.Fusion 5 bradepanden er fremstillet i en avanceret, fem-lags konstruktion: Den har 18\/10 rustfrit st\u00e5l indvendigt, hvilket sikrer stor holdbarhed og modstandsdygtighed over for korrosion. Kernen best\u00e5r af aluminium, som giver hurtig og j\u00e6vn varmefordeling \u2013 helt op ad bradepandens sider \u2013 og ydersiden af 18\/0 st\u00e5l g\u00f8r den fuldt kompatibel med induktionskomfurer. Denne s\u00e6rlige konstruktion g\u00f8r aluminiummets effektivitet tilg\u00e6ngelig, uden at det kommer i kontakt med maden.Med Scanpan Fusion 5 bradepanden f\u00e5r du et robust og sikkert produkt, hvor materialerne er valgt for at sikre b\u00e5de lang levetid, h\u00f8j funktionalitet og maksimal sikkerhed i k\u00f8kkenet. Opgrader dit k\u00f8kkenudstyr med en kvalitetsbradepande, der kombinerer funktionalitet, holdbarhed og effektiv varmefordeling.<\/p>\n<p>Sammenlign priser p\u00e5 Scanpan Bradepande &#8211; Fusion 5 35 x 24 cm og k\u00f8b online til den billigste pris, samt p\u00e5 tilbud!\u00a0\u00a0Tjek den bedste pris, produkt beskrivelse, video, test, anmeldelser osv.<\/p>\n<p><strong>Brand: <\/strong>Scanpan<br \/>\n<strong>EAN: <\/strong>083421744050<br \/>\n<strong>Producentens varenr.:<\/strong> 083421744050<\/p>\n<p><strong>P.S.<\/strong><br \/>\nTilmeld dig til &#8220;Opret Gratis Prisfald Alarm&#8221;, og bliv underrettet med det samme om prisfald p\u00e5 Scanpan Bradepande &#8211; Fusion 5 35 x 24 cm, og f\u00e5 den billigste pris!<\/p>\n<p>&nbsp;<\/p>\n<p>&nbsp;<\/p>\n","protected":false},"excerpt":{"rendered":"<p>K\u00f8b billig Scanpan Bradepande &#8211; Fusion 5 35 x 24 cm! Scanpan bradepande fra Fusion 5-serien m\u00e5ler 35 x 24 cm og er udstyret med to smarte h\u00e5ndtag, der g\u00f8r den nem at h\u00e5ndtere. Bradepanden kan anvendes p\u00e5 alle typer komfur, herunder induktion, glaskeramisk, gas, halogen, spiralkomfur og masseplade. Den kan desuden bruges i ovnen [&hellip;]<\/p>\n","protected":false},"featured_media":999980000004459240,"template":"","meta":[],"store":[1272516],"product_brand":[1272521],"product_cat":[1272410],"product_tag":[1272681,1275184],"class_list":{"0":"post-445924","1":"product","2":"type-product","3":"status-publish","4":"has-post-thumbnail","6":"store-butik24","7":"product_brand-scanpan","8":"product_cat-koekkengrej","9":"product_tag-koekkengrej","10":"product_tag-scanpan","11":"pa_maerke-scanpan","13":"first","14":"instock","15":"product-type-external"},"_links":{"self":[{"href":"https:\/\/www.pricetornado.com\/da\/wp-json\/wp\/v2\/product\/445924","targetHints":{"allow":["GET"]}}],"collection":[{"href":"https:\/\/www.pricetornado.com\/da\/wp-json\/wp\/v2\/product"}],"about":[{"href":"https:\/\/www.pricetornado.com\/da\/wp-json\/wp\/v2\/types\/product"}],"wp:featuredmedia":[{"embeddable":true,"href":"https:\/\/www.pricetornado.com\/da\/wp-json\/"}],"wp:attachment":[{"href":"https:\/\/www.pricetornado.com\/da\/wp-json\/wp\/v2\/media?parent=445924"}],"wp:term":[{"taxonomy":"store","embeddable":true,"href":"https:\/\/www.pricetornado.com\/da\/wp-json\/wp\/v2\/store?post=445924"},{"taxonomy":"product_brand","embeddable":true,"href":"https:\/\/www.pricetornado.com\/da\/wp-json\/wp\/v2\/product_brand?post=445924"},{"taxonomy":"product_cat","embeddable":true,"href":"https:\/\/www.pricetornado.com\/da\/wp-json\/wp\/v2\/product_cat?post=445924"},{"taxonomy":"product_tag","embeddable":true,"href":"https:\/\/www.pricetornado.com\/da\/wp-json\/wp\/v2\/product_tag?post=445924"}],"curies":[{"name":"wp","href":"https:\/\/api.w.org\/{rel}","templated":true}]}}