{"id":445923,"date":"2025-02-22T02:45:50","date_gmt":"2025-02-22T01:45:50","guid":{"rendered":"https:\/\/www.pricetornado.com\/da\/produkt\/philips-hue-wall-switch-module\/"},"modified":"2026-04-18T02:19:53","modified_gmt":"2026-04-18T00:19:53","slug":"philips-hue-wall-switch-module","status":"publish","type":"product","link":"https:\/\/www.pricetornado.com\/da\/produkt\/philips-hue-wall-switch-module\/","title":{"rendered":"Philips Hue wall switch module"},"content":{"rendered":"<p>K\u00f8b billig Philips Hue wall switch module!<br \/>\nPhilips Hue wall switch module installeres diskret bag dine eksisterende v\u00e6gkontakter og g\u00f8r det muligt at bruge dine nuv\u00e6rende kontakter til at styre din Philips Hue intelligente belysning. Med dette modul forbliver dine lamper altid t\u00e6ndte og tilg\u00e6ngelige, s\u00e5 du kan udnytte de gamle kontakter til nem og praktisk betjening.Med modulet kan du skifte mellem op til tre forskellige lysindstillinger eller scener i en lampe, et rum eller en zone \u2013 blot ved at bruge din almindelige v\u00e6gkontakt. Det g\u00f8r det let at tilpasse belysningen i hjemmet uden n\u00f8dvendigvis at skulle finde mobiltelefonen frem.Wall switch modulet er fremstillet i let og holdbar plastik, der g\u00f8r det nemt at montere bag standard v\u00e6gkontakter og sikrer, at installationen er b\u00e5de brugervenlig og robust nok til daglig brug i hjemmet. Dine Philips Hue-lys forbliver altid str\u00f8mf\u00f8rende og tilg\u00e6ngelige, selv n\u00e5r den traditionelle afbryder bruges. Mulighed for at styre forskellige rum eller zoner og cykle gennem op til tre lysindstillinger via v\u00e6gkontakten. Fungerer med Philips Hue app til b\u00e5de Android og iOS for fleksibel fjernstyring og tilpasning. Beskytter mod faste genstande st\u00f8rre end 12 mm, hvilket egner sig til typisk indend\u00f8rs brug. Kr\u00e6ver Hue Bridge for fuld smart home-integration og avanceret kontrol.Oplev den fulde fleksibilitet ved at kombinere dine traditionelle v\u00e6gkontakter med intelligent belysning. Med Philips Hue wall switch module f\u00e5r du b\u00e5de brugervenlighed, \u00f8get kontrol og avancerede muligheder til hjemmets lysstyring. Udforsk hele vores udvalg af produkter for at g\u00f8re dit hjem endnu smartere.<\/p>\n<p>Sammenlign priser p\u00e5 Philips Hue wall switch module og k\u00f8b online til den billigste pris, samt p\u00e5 tilbud!\u00a0\u00a0Tjek den bedste pris, produkt beskrivelse, video, test, anmeldelser osv.<\/p>\n<p><strong>Brand: <\/strong>Philips Hue<br \/>\n<strong>EAN: <\/strong>8719514318045<br \/>\n<strong>Producentens varenr.:<\/strong> 8719514318045<\/p>\n<p><strong>P.S.<\/strong><br \/>\nTilmeld dig til &#8220;Opret Gratis Prisfald Alarm&#8221;, og bliv underrettet med det samme om prisfald p\u00e5 Philips Hue wall switch module, og f\u00e5 den billigste pris!<\/p>\n<p>&nbsp;<\/p>\n<p>&nbsp;<\/p>\n","protected":false},"excerpt":{"rendered":"<p>K\u00f8b billig Philips Hue wall switch module! Philips Hue wall switch module installeres diskret bag dine eksisterende v\u00e6gkontakter og g\u00f8r det muligt at bruge dine nuv\u00e6rende kontakter til at styre din Philips Hue intelligente belysning. Med dette modul forbliver dine lamper altid t\u00e6ndte og tilg\u00e6ngelige, s\u00e5 du kan udnytte de gamle kontakter til nem og [&hellip;]<\/p>\n","protected":false},"featured_media":999980000004459230,"template":"","meta":[],"store":[1272516],"product_brand":[1272523],"product_cat":[1272407],"product_tag":[1272697,1272767],"class_list":{"0":"post-445923","1":"product","2":"type-product","3":"status-publish","4":"has-post-thumbnail","6":"store-butik24","7":"product_brand-philips-hue","8":"product_cat-belysning-2","9":"product_tag-belysning","10":"product_tag-philips-hue","11":"pa_maerke-philips-hue","13":"first","14":"instock","15":"product-type-external"},"_links":{"self":[{"href":"https:\/\/www.pricetornado.com\/da\/wp-json\/wp\/v2\/product\/445923","targetHints":{"allow":["GET"]}}],"collection":[{"href":"https:\/\/www.pricetornado.com\/da\/wp-json\/wp\/v2\/product"}],"about":[{"href":"https:\/\/www.pricetornado.com\/da\/wp-json\/wp\/v2\/types\/product"}],"wp:featuredmedia":[{"embeddable":true,"href":"https:\/\/www.pricetornado.com\/da\/wp-json\/"}],"wp:attachment":[{"href":"https:\/\/www.pricetornado.com\/da\/wp-json\/wp\/v2\/media?parent=445923"}],"wp:term":[{"taxonomy":"store","embeddable":true,"href":"https:\/\/www.pricetornado.com\/da\/wp-json\/wp\/v2\/store?post=445923"},{"taxonomy":"product_brand","embeddable":true,"href":"https:\/\/www.pricetornado.com\/da\/wp-json\/wp\/v2\/product_brand?post=445923"},{"taxonomy":"product_cat","embeddable":true,"href":"https:\/\/www.pricetornado.com\/da\/wp-json\/wp\/v2\/product_cat?post=445923"},{"taxonomy":"product_tag","embeddable":true,"href":"https:\/\/www.pricetornado.com\/da\/wp-json\/wp\/v2\/product_tag?post=445923"}],"curies":[{"name":"wp","href":"https:\/\/api.w.org\/{rel}","templated":true}]}}