{"id":445919,"date":"2025-02-21T21:39:12","date_gmt":"2025-02-21T20:39:12","guid":{"rendered":"https:\/\/www.pricetornado.com\/da\/produkt\/nedis-kajc110cbk-citrus-presser\/"},"modified":"2026-04-18T03:50:32","modified_gmt":"2026-04-18T01:50:32","slug":"nedis-kajc110cbk-citrus-presser","status":"publish","type":"product","link":"https:\/\/www.pricetornado.com\/da\/produkt\/nedis-kajc110cbk-citrus-presser\/","title":{"rendered":"Nedis KAJC110CBK Citrus Presser"},"content":{"rendered":"<p>K\u00f8b billig Nedis KAJC110CBK Citrus Presser!<br \/>\nNyd velsmagende, friskpresset juice med den elektriske citruspresser fra Nedis. Denne citruspresser har en rummelig 0,8 liters beholder, s\u00e5 du nemt kan lave op til 6 portioner ad gangen \u2013 perfekt til daglig brug eller sm\u00e5 sammenkomster. Den kraftfulde 30 W motor sikrer hurtig og nem presning, s\u00e5 du altid kan f\u00e5 dit daglige vitamintilskud uden besv\u00e6r.Citruspresseren er udstyret med en tohovedet drejefunktion, der tr\u00e6kker mest mulig saft ud af citrusfrugterne. Med to forskellige pressekegler og et justerbart filter kan du tilpasse presningen til b\u00e5de sm\u00e5 og store citrusfrugter. Den skridsikre bund giver stabilitet under brug, og det medf\u00f8lgende st\u00f8vd\u00e6ksel beskytter maskinen mod snavs, n\u00e5r den ikke er i brug. En praktisk drypfri funktion forhindrer, at saften l\u00f8ber ud og laver rod p\u00e5 k\u00f8kkenbordet.Citruspresseren er produceret i klar plast, hvilket b\u00e5de g\u00f8r den let og nem at flytte rundt p\u00e5, og samtidig nem at holde ren. B\u00e5de beholder og pressekegle t\u00e5ler opvaskemaskine, s\u00e5 reng\u00f8ringen klares hurtigt og enkelt.Med Nedis elektriske citruspresser bliver det nemt at f\u00e5 friskpresset juice ind i dagligdagen. Oplev bekvemmelighed, effektivitet, samt nem vedligeholdelse i \u00e9t og samme k\u00f8kkenapparat.<\/p>\n<p>Sammenlign priser p\u00e5 Nedis KAJC110CBK Citrus Presser og k\u00f8b online til den billigste pris, samt p\u00e5 tilbud!\u00a0\u00a0Tjek den bedste pris, produkt beskrivelse, video, test, anmeldelser osv.<\/p>\n<p><strong>Brand: <\/strong>Nedis<br \/>\n<strong>EAN: <\/strong>5412810328680<br \/>\n<strong>Producentens varenr.:<\/strong> 5412810328680<\/p>\n<p><strong>P.S.<\/strong><br \/>\nTilmeld dig til &#8220;Opret Gratis Prisfald Alarm&#8221;, og bliv underrettet med det samme om prisfald p\u00e5 Nedis KAJC110CBK Citrus Presser, og f\u00e5 den billigste pris!<\/p>\n<p>&nbsp;<\/p>\n<p>&nbsp;<\/p>\n","protected":false},"excerpt":{"rendered":"<p>K\u00f8b billig Nedis KAJC110CBK Citrus Presser! Nyd velsmagende, friskpresset juice med den elektriske citruspresser fra Nedis. Denne citruspresser har en rummelig 0,8 liters beholder, s\u00e5 du nemt kan lave op til 6 portioner ad gangen \u2013 perfekt til daglig brug eller sm\u00e5 sammenkomster. Den kraftfulde 30 W motor sikrer hurtig og nem presning, s\u00e5 du [&hellip;]<\/p>\n","protected":false},"featured_media":999980000004459190,"template":"","meta":[],"store":[1272516],"product_brand":[1272517],"product_cat":[1272450],"product_tag":[1275178,1272834],"class_list":{"0":"post-445919","1":"product","2":"type-product","3":"status-publish","4":"has-post-thumbnail","6":"store-butik24","7":"product_brand-nedis","8":"product_cat-saftpresser","9":"product_tag-nedis","10":"product_tag-saftpresser","11":"pa_maerke-nedis","13":"first","14":"instock","15":"product-type-external"},"_links":{"self":[{"href":"https:\/\/www.pricetornado.com\/da\/wp-json\/wp\/v2\/product\/445919","targetHints":{"allow":["GET"]}}],"collection":[{"href":"https:\/\/www.pricetornado.com\/da\/wp-json\/wp\/v2\/product"}],"about":[{"href":"https:\/\/www.pricetornado.com\/da\/wp-json\/wp\/v2\/types\/product"}],"wp:featuredmedia":[{"embeddable":true,"href":"https:\/\/www.pricetornado.com\/da\/wp-json\/"}],"wp:attachment":[{"href":"https:\/\/www.pricetornado.com\/da\/wp-json\/wp\/v2\/media?parent=445919"}],"wp:term":[{"taxonomy":"store","embeddable":true,"href":"https:\/\/www.pricetornado.com\/da\/wp-json\/wp\/v2\/store?post=445919"},{"taxonomy":"product_brand","embeddable":true,"href":"https:\/\/www.pricetornado.com\/da\/wp-json\/wp\/v2\/product_brand?post=445919"},{"taxonomy":"product_cat","embeddable":true,"href":"https:\/\/www.pricetornado.com\/da\/wp-json\/wp\/v2\/product_cat?post=445919"},{"taxonomy":"product_tag","embeddable":true,"href":"https:\/\/www.pricetornado.com\/da\/wp-json\/wp\/v2\/product_tag?post=445919"}],"curies":[{"name":"wp","href":"https:\/\/api.w.org\/{rel}","templated":true}]}}