{"id":445917,"date":"2025-02-25T10:03:05","date_gmt":"2025-02-25T09:03:05","guid":{"rendered":"https:\/\/www.pricetornado.com\/da\/produkt\/scanpan-stempelkande-1-0-l-dark-lemon-to-go\/"},"modified":"2026-04-21T09:50:43","modified_gmt":"2026-04-21T07:50:43","slug":"scanpan-stempelkande-1-0-l-dark-lemon-to-go","status":"publish","type":"product","link":"https:\/\/www.pricetornado.com\/da\/produkt\/scanpan-stempelkande-1-0-l-dark-lemon-to-go\/","title":{"rendered":"Scanpan Stempelkande 1.0 L., Dark Lemon &#8211; TO GO"},"content":{"rendered":"<p>K\u00f8b billig Scanpan Stempelkande 1.0 L., Dark Lemon &#8211; TO GO!<br \/>\nStempelkanden fra TO GO BY SCANPAN i farven Dark Lemon er designet til at holde din kaffe varm i lang tid takket v\u00e6re dens doublev\u00e6gget vakuumisolation. Det stilrene og moderne design i kombination med de flotte farver g\u00f8r kanden til en tidl\u00f8s klassiker, velegnet b\u00e5de til hjemmebrug og p\u00e5 farten.Kanden er fremstillet af rustfrit st\u00e5l, hvilket sikrer h\u00f8j holdbarhed og lang levetid. Den ridsefaste pulverlakering beskytter mod slid og bevarer det flotte udseende, selv ved hyppig brug. Stempelkanden t\u00e5ler opvaskemaskine, s\u00e5 reng\u00f8ringen er nem og praktisk.Stempelkanden har en drypfri tud, som g\u00f8r det let at h\u00e6lde kaffe uden spild. Dens design g\u00f8r den let og nem at h\u00e5ndtere \u2013 perfekt til at tage med p\u00e5 farten.<\/p>\n<p>Sammenlign priser p\u00e5 Scanpan Stempelkande 1.0 L., Dark Lemon &#8211; TO GO og k\u00f8b online til den billigste pris, samt p\u00e5 tilbud!\u00a0\u00a0Tjek den bedste pris, produkt beskrivelse, video, test, anmeldelser osv.<\/p>\n<p><strong>Brand: <\/strong>Scanpan<br \/>\n<strong>EAN: <\/strong>083421203205<br \/>\n<strong>Producentens varenr.:<\/strong> 083421203205<\/p>\n<p><strong>P.S.<\/strong><br \/>\nTilmeld dig til &#8220;Opret Gratis Prisfald Alarm&#8221;, og bliv underrettet med det samme om prisfald p\u00e5 Scanpan Stempelkande 1.0 L., Dark Lemon &#8211; TO GO, og f\u00e5 den billigste pris!<\/p>\n<p>&nbsp;<\/p>\n<p>&nbsp;<\/p>\n","protected":false},"excerpt":{"rendered":"<p>K\u00f8b billig Scanpan Stempelkande 1.0 L., Dark Lemon &#8211; TO GO! Stempelkanden fra TO GO BY SCANPAN i farven Dark Lemon er designet til at holde din kaffe varm i lang tid takket v\u00e6re dens doublev\u00e6gget vakuumisolation. Det stilrene og moderne design i kombination med de flotte farver g\u00f8r kanden til en tidl\u00f8s klassiker, velegnet [&hellip;]<\/p>\n","protected":false},"featured_media":999980000004459170,"template":"","meta":[],"store":[1272516],"product_brand":[1272521],"product_cat":[855237],"product_tag":[1272770,1275184],"class_list":{"0":"post-445917","1":"product","2":"type-product","3":"status-publish","4":"has-post-thumbnail","6":"store-butik24","7":"product_brand-scanpan","8":"product_cat-kaffemaskiner","9":"product_tag-kaffemaskiner","10":"product_tag-scanpan","11":"pa_maerke-scanpan","13":"first","14":"instock","15":"product-type-external"},"_links":{"self":[{"href":"https:\/\/www.pricetornado.com\/da\/wp-json\/wp\/v2\/product\/445917","targetHints":{"allow":["GET"]}}],"collection":[{"href":"https:\/\/www.pricetornado.com\/da\/wp-json\/wp\/v2\/product"}],"about":[{"href":"https:\/\/www.pricetornado.com\/da\/wp-json\/wp\/v2\/types\/product"}],"wp:featuredmedia":[{"embeddable":true,"href":"https:\/\/www.pricetornado.com\/da\/wp-json\/"}],"wp:attachment":[{"href":"https:\/\/www.pricetornado.com\/da\/wp-json\/wp\/v2\/media?parent=445917"}],"wp:term":[{"taxonomy":"store","embeddable":true,"href":"https:\/\/www.pricetornado.com\/da\/wp-json\/wp\/v2\/store?post=445917"},{"taxonomy":"product_brand","embeddable":true,"href":"https:\/\/www.pricetornado.com\/da\/wp-json\/wp\/v2\/product_brand?post=445917"},{"taxonomy":"product_cat","embeddable":true,"href":"https:\/\/www.pricetornado.com\/da\/wp-json\/wp\/v2\/product_cat?post=445917"},{"taxonomy":"product_tag","embeddable":true,"href":"https:\/\/www.pricetornado.com\/da\/wp-json\/wp\/v2\/product_tag?post=445917"}],"curies":[{"name":"wp","href":"https:\/\/api.w.org\/{rel}","templated":true}]}}