{"id":445916,"date":"2025-02-24T23:07:25","date_gmt":"2025-02-24T22:07:25","guid":{"rendered":"https:\/\/www.pricetornado.com\/da\/produkt\/scanpan-stempelkande-1-0-l-airy-blue-to-go\/"},"modified":"2026-05-01T11:30:28","modified_gmt":"2026-05-01T09:30:28","slug":"scanpan-stempelkande-1-0-l-airy-blue-to-go","status":"publish","type":"product","link":"https:\/\/www.pricetornado.com\/da\/produkt\/scanpan-stempelkande-1-0-l-airy-blue-to-go\/","title":{"rendered":"Scanpan Stempelkande 1.0 L., Airy Blue &#8211; TO GO"},"content":{"rendered":"<p>K\u00f8b billig Scanpan Stempelkande 1.0 L., Airy Blue &#8211; TO GO!<br \/>\nStempelkanden fra TO GO BY SCANPAN er designet til at holde kaffen varm i lang tid takket v\u00e6re dens doublev\u00e6gget vakuumisolation. Det flotte, tidl\u00f8se design og de moderne farver g\u00f8r kanden til en klassiker, der passer ind i ethvert k\u00f8kken eller er nem at tage med p\u00e5 farten.Rummer ca. 1 liter (8 kopper)Med TO GO-designet fra Scanpan er denne stempelkande praktisk b\u00e5de til hjemmebrug og til at tage med p\u00e5 arbejde eller udend\u00f8rs aktiviteter. Kombinationen af robuste materialer og funktionelt design g\u00f8r den til et ideelt valg for kaffeelskere, der \u00f8nsker varme drikke og nem reng\u00f8ring \u2013 uanset hvor de befinder sig.Oplev Scanpans kvalitet og p\u00e5lidelighed med denne moderne stempelkande, der forener funktionalitet, \u00e6stetik og praktisk anvendelse.<\/p>\n<p>Sammenlign priser p\u00e5 Scanpan Stempelkande 1.0 L., Airy Blue &#8211; TO GO og k\u00f8b online til den billigste pris, samt p\u00e5 tilbud!\u00a0\u00a0Tjek den bedste pris, produkt beskrivelse, video, test, anmeldelser osv.<\/p>\n<p><strong>Brand: <\/strong>Scanpan<br \/>\n<strong>EAN: <\/strong>083421203267<br \/>\n<strong>Producentens varenr.:<\/strong> 083421203267<\/p>\n<p><strong>P.S.<\/strong><br \/>\nTilmeld dig til &#8220;Opret Gratis Prisfald Alarm&#8221;, og bliv underrettet med det samme om prisfald p\u00e5 Scanpan Stempelkande 1.0 L., Airy Blue &#8211; TO GO, og f\u00e5 den billigste pris!<\/p>\n<p>&nbsp;<\/p>\n<p>&nbsp;<\/p>\n","protected":false},"excerpt":{"rendered":"<p>K\u00f8b billig Scanpan Stempelkande 1.0 L., Airy Blue &#8211; TO GO! Stempelkanden fra TO GO BY SCANPAN er designet til at holde kaffen varm i lang tid takket v\u00e6re dens doublev\u00e6gget vakuumisolation. Det flotte, tidl\u00f8se design og de moderne farver g\u00f8r kanden til en klassiker, der passer ind i ethvert k\u00f8kken eller er nem at [&hellip;]<\/p>\n","protected":false},"featured_media":999980000004459160,"template":"","meta":[],"store":[1272516],"product_brand":[1272521],"product_cat":[855237],"product_tag":[1272770,1275184],"class_list":{"0":"post-445916","1":"product","2":"type-product","3":"status-publish","4":"has-post-thumbnail","6":"store-butik24","7":"product_brand-scanpan","8":"product_cat-kaffemaskiner","9":"product_tag-kaffemaskiner","10":"product_tag-scanpan","11":"pa_maerke-scanpan","13":"first","14":"instock","15":"product-type-external"},"_links":{"self":[{"href":"https:\/\/www.pricetornado.com\/da\/wp-json\/wp\/v2\/product\/445916","targetHints":{"allow":["GET"]}}],"collection":[{"href":"https:\/\/www.pricetornado.com\/da\/wp-json\/wp\/v2\/product"}],"about":[{"href":"https:\/\/www.pricetornado.com\/da\/wp-json\/wp\/v2\/types\/product"}],"wp:featuredmedia":[{"embeddable":true,"href":"https:\/\/www.pricetornado.com\/da\/wp-json\/"}],"wp:attachment":[{"href":"https:\/\/www.pricetornado.com\/da\/wp-json\/wp\/v2\/media?parent=445916"}],"wp:term":[{"taxonomy":"store","embeddable":true,"href":"https:\/\/www.pricetornado.com\/da\/wp-json\/wp\/v2\/store?post=445916"},{"taxonomy":"product_brand","embeddable":true,"href":"https:\/\/www.pricetornado.com\/da\/wp-json\/wp\/v2\/product_brand?post=445916"},{"taxonomy":"product_cat","embeddable":true,"href":"https:\/\/www.pricetornado.com\/da\/wp-json\/wp\/v2\/product_cat?post=445916"},{"taxonomy":"product_tag","embeddable":true,"href":"https:\/\/www.pricetornado.com\/da\/wp-json\/wp\/v2\/product_tag?post=445916"}],"curies":[{"name":"wp","href":"https:\/\/api.w.org\/{rel}","templated":true}]}}