{"id":445912,"date":"2025-02-27T05:35:38","date_gmt":"2025-02-27T04:35:38","guid":{"rendered":"https:\/\/www.pricetornado.com\/da\/produkt\/philips-ep2220-10-fuldautomatiske-espressomaskiner-series-2200\/"},"modified":"2026-04-23T07:50:02","modified_gmt":"2026-04-23T05:50:02","slug":"philips-ep2220-10-fuldautomatiske-espressomaskiner-series-2200","status":"publish","type":"product","link":"https:\/\/www.pricetornado.com\/da\/produkt\/philips-ep2220-10-fuldautomatiske-espressomaskiner-series-2200\/","title":{"rendered":"Philips EP2220\/10 Fuldautomatiske espressomaskiner Series 2200"},"content":{"rendered":"<p>K\u00f8b billig Philips EP2220\/10 Fuldautomatiske espressomaskiner Series 2200!<br \/>\nOplev uovertruffen kaffenyelse med Philips EP2220\/10 Series 2200. Denne fuldautomatiske espressomaskine brygger to l\u00e6kre kaffevarianter p\u00e5 friskmalede b\u00f8nner via det intuitive touchdisplay. Det intelligente bryggesystem sikrer optimal temperatur (90\u201398\u00b0C) samt ensartet aroma og l\u00e6kkert, cremet skum hver eneste gang.Tilpas din kaffe pr\u00e6cis, som du \u00f8nsker den. Med 12-trins justerbart malingsniveau, 3 aromastyrker og 3 temperaturindstillinger har du fuld kontrol over din kaffeoplevelse. Brug My Coffee Choice-funktionen til let at justere styrke og m\u00e6ngde efter din egen smag via den brugervenlige ber\u00f8ringssk\u00e6rm.Maskinen har 100% keramiske kv\u00e6rne, som holder til op til 20.000 kopper og sikrer en frisk, fuld aroma i hver kop. Aroma Seal p\u00e5 b\u00f8nnebeholderen holder b\u00f8nnernes friskhed l\u00e6ngere og bevarer smagen.G\u00f8r reng\u00f8ring og vedligeholdelse enkel i hverdagen. Den fuldt aftagelige bryggeenhed, m\u00e6lkeskummer og drypbakke t\u00e5ler opvaskemaskine. Takket v\u00e6re AquaClean-filteret kan du brygge op til 5.000 kopper uden afkalkning, og automatisk guidet afkalkningsfunktion g\u00f8r vedligeholdelsen bekvem. Maskinen har energiklasse A og ECO-tilstand, s\u00e5 du sparer str\u00f8m uden at g\u00e5 p\u00e5 kompromis med smagen.Op til 5.000 kopper uden afkalkning med AquaCleanPhilips EP2220\/10 Series 2200 er udviklet med italiensk design og produceret i Rum\u00e6nien for at sikre et stilfuldt udtryk og p\u00e5lidelig kvalitet. Den kombinerer robuste materialer og brugervenlig betjening og giver dig l\u00e6kker kaffe \u2013 hver dag. og find den perfekte model til dit k\u00f8kken.<\/p>\n<p>Sammenlign priser p\u00e5 Philips EP2220\/10 Fuldautomatiske espressomaskiner Series 2200 og k\u00f8b online til den billigste pris, samt p\u00e5 tilbud!\u00a0\u00a0Tjek den bedste pris, produkt beskrivelse, video, test, anmeldelser osv.<\/p>\n<p><strong>Brand: <\/strong>Philips<br \/>\n<strong>EAN: <\/strong>8710103877424<br \/>\n<strong>Producentens varenr.:<\/strong> 8710103877424<\/p>\n<p><strong>P.S.<\/strong><br \/>\nTilmeld dig til &#8220;Opret Gratis Prisfald Alarm&#8221;, og bliv underrettet med det samme om prisfald p\u00e5 Philips EP2220\/10 Fuldautomatiske espressomaskiner Series 2200, og f\u00e5 den billigste pris!<\/p>\n<p>&nbsp;<\/p>\n<p>&nbsp;<\/p>\n","protected":false},"excerpt":{"rendered":"<p>K\u00f8b billig Philips EP2220\/10 Fuldautomatiske espressomaskiner Series 2200! Oplev uovertruffen kaffenyelse med Philips EP2220\/10 Series 2200. Denne fuldautomatiske espressomaskine brygger to l\u00e6kre kaffevarianter p\u00e5 friskmalede b\u00f8nner via det intuitive touchdisplay. Det intelligente bryggesystem sikrer optimal temperatur (90\u201398\u00b0C) samt ensartet aroma og l\u00e6kkert, cremet skum hver eneste gang.Tilpas din kaffe pr\u00e6cis, som du \u00f8nsker den. Med [&hellip;]<\/p>\n","protected":false},"featured_media":999980000004459120,"template":"","meta":[],"store":[1272516],"product_brand":[1272519],"product_cat":[855237],"product_tag":[1272770,1275180],"class_list":{"0":"post-445912","1":"product","2":"type-product","3":"status-publish","4":"has-post-thumbnail","6":"store-butik24","7":"product_brand-philips","8":"product_cat-kaffemaskiner","9":"product_tag-kaffemaskiner","10":"product_tag-philips","11":"pa_maerke-philips","13":"first","14":"instock","15":"product-type-external"},"_links":{"self":[{"href":"https:\/\/www.pricetornado.com\/da\/wp-json\/wp\/v2\/product\/445912","targetHints":{"allow":["GET"]}}],"collection":[{"href":"https:\/\/www.pricetornado.com\/da\/wp-json\/wp\/v2\/product"}],"about":[{"href":"https:\/\/www.pricetornado.com\/da\/wp-json\/wp\/v2\/types\/product"}],"wp:featuredmedia":[{"embeddable":true,"href":"https:\/\/www.pricetornado.com\/da\/wp-json\/"}],"wp:attachment":[{"href":"https:\/\/www.pricetornado.com\/da\/wp-json\/wp\/v2\/media?parent=445912"}],"wp:term":[{"taxonomy":"store","embeddable":true,"href":"https:\/\/www.pricetornado.com\/da\/wp-json\/wp\/v2\/store?post=445912"},{"taxonomy":"product_brand","embeddable":true,"href":"https:\/\/www.pricetornado.com\/da\/wp-json\/wp\/v2\/product_brand?post=445912"},{"taxonomy":"product_cat","embeddable":true,"href":"https:\/\/www.pricetornado.com\/da\/wp-json\/wp\/v2\/product_cat?post=445912"},{"taxonomy":"product_tag","embeddable":true,"href":"https:\/\/www.pricetornado.com\/da\/wp-json\/wp\/v2\/product_tag?post=445912"}],"curies":[{"name":"wp","href":"https:\/\/api.w.org\/{rel}","templated":true}]}}