{"id":445900,"date":"2025-02-25T21:48:23","date_gmt":"2025-02-25T20:48:23","guid":{"rendered":"https:\/\/www.pricetornado.com\/da\/produkt\/philips-hue-lily-udendoersspot\/"},"modified":"2026-04-17T05:59:55","modified_gmt":"2026-04-17T03:59:55","slug":"philips-hue-lily-udendoersspot","status":"publish","type":"product","link":"https:\/\/www.pricetornado.com\/da\/produkt\/philips-hue-lily-udendoersspot\/","title":{"rendered":"Philips HUE Lily udend\u00f8rsspot"},"content":{"rendered":"<p>K\u00f8b billig Philips HUE Lily udend\u00f8rsspot!<br \/>\nOpgrader dit udend\u00f8rsomr\u00e5de og skab den perfekte stemning til enhver anledning med Philips Hue Lily udend\u00f8rsspots. Denne pakke indeholder tre spots, s\u00e5 du kan fremh\u00e6ve dine yndlingssteder i haven, skabe sp\u00e6ndende skygger og tilf\u00f8je farverige lyseffekter. Tilslut spotsene til en almindelig stikkontakt via den medf\u00f8lgende energibesparende lavvolt str\u00f8mforsyning, og f\u00e5 adgang til millioner af belysningsmuligheder med b\u00e5de hvide nuancer og farvet lys.Styr nemt din udend\u00f8rsbelysning med Philips Hue appen til Android eller iOS. Tilpas farver, d\u00e6mp lyset eller skab personlige lysscener, s\u00e5 din have altid matcher dine \u00f8nsker. Alternativt kan du bruge stemmestyring via Amazon Alexa, Google Assistant eller Siri for h\u00e5ndfri betjening. \u00d8nsker du automatisk aktivering af lyset, kan du tilf\u00f8je en Hue Outdoor sensor, der t\u00e6nder spotsene, n\u00e5r du bev\u00e6ger dig forbi.Lily udend\u00f8rs spots er fremstillet af robust aluminium med en stilren sort finish, der smelter ind i ethvert udemilj\u00f8. Med en IP65-certificering er de helt st\u00f8vt\u00e6tte og modstandsdygtige over for kraftige vandstr\u00e5ler. LED-teknologien har en levetid p\u00e5 op til 25.000 timer og bruger kun 8 watt, hvilket g\u00f8r dem b\u00e5de langtidsholdbare og energieffektive. Det sikre 24V lavvoltsystem (klasse III) g\u00f8r installationen nem og uden risiko for elektriske problemer.Du kan montere Lily spots p\u00e5 mange forskellige m\u00e5der \u2013 f.eks. p\u00e5 en stolpe for downlight-effekt, i blomsterbedet for at fremh\u00e6ve beplantning eller op gennem tr\u00e6kroner for en dramatisk effekt. Systemet er nemt at udvide: Tilf\u00f8j ekstra spots med et enkelt T-stykke i det brugervenlige LowVolt-system, s\u00e5 du kan skabe den \u00f8nskede stemning i hele haven.Lang LED-levetid (25.000 timer) og lavt energiforbrug (8W)Opdag alle fordelene ved Philips Hue Lily udend\u00f8rsbelysning \u2013 en kombination af smart teknologi, holdbarhed og nem betjening. Udforsk hele vores sortiment og g\u00f8r haven klar til b\u00e5de hverdagsbrug og festlige lejligheder.<\/p>\n<p>Sammenlign priser p\u00e5 Philips HUE Lily udend\u00f8rsspot og k\u00f8b online til den billigste pris, samt p\u00e5 tilbud!\u00a0\u00a0Tjek den bedste pris, produkt beskrivelse, video, test, anmeldelser osv.<\/p>\n<p><strong>Brand: <\/strong>Philips Hue<br \/>\n<strong>EAN: <\/strong>8718696167960<br \/>\n<strong>Producentens varenr.:<\/strong> 8718696167960<\/p>\n<p><strong>P.S.<\/strong><br \/>\nTilmeld dig til &#8220;Opret Gratis Prisfald Alarm&#8221;, og bliv underrettet med det samme om prisfald p\u00e5 Philips HUE Lily udend\u00f8rsspot, og f\u00e5 den billigste pris!<\/p>\n<p>&nbsp;<\/p>\n<p>&nbsp;<\/p>\n","protected":false},"excerpt":{"rendered":"<p>K\u00f8b billig Philips HUE Lily udend\u00f8rsspot! Opgrader dit udend\u00f8rsomr\u00e5de og skab den perfekte stemning til enhver anledning med Philips Hue Lily udend\u00f8rsspots. Denne pakke indeholder tre spots, s\u00e5 du kan fremh\u00e6ve dine yndlingssteder i haven, skabe sp\u00e6ndende skygger og tilf\u00f8je farverige lyseffekter. Tilslut spotsene til en almindelig stikkontakt via den medf\u00f8lgende energibesparende lavvolt str\u00f8mforsyning, og [&hellip;]<\/p>\n","protected":false},"featured_media":999980000004459000,"template":"","meta":[],"store":[1272516],"product_brand":[1272523],"product_cat":[1272407],"product_tag":[1272697,1272767],"class_list":{"0":"post-445900","1":"product","2":"type-product","3":"status-publish","4":"has-post-thumbnail","6":"store-butik24","7":"product_brand-philips-hue","8":"product_cat-belysning-2","9":"product_tag-belysning","10":"product_tag-philips-hue","11":"pa_maerke-philips-hue","13":"first","14":"instock","15":"product-type-external"},"_links":{"self":[{"href":"https:\/\/www.pricetornado.com\/da\/wp-json\/wp\/v2\/product\/445900","targetHints":{"allow":["GET"]}}],"collection":[{"href":"https:\/\/www.pricetornado.com\/da\/wp-json\/wp\/v2\/product"}],"about":[{"href":"https:\/\/www.pricetornado.com\/da\/wp-json\/wp\/v2\/types\/product"}],"wp:featuredmedia":[{"embeddable":true,"href":"https:\/\/www.pricetornado.com\/da\/wp-json\/"}],"wp:attachment":[{"href":"https:\/\/www.pricetornado.com\/da\/wp-json\/wp\/v2\/media?parent=445900"}],"wp:term":[{"taxonomy":"store","embeddable":true,"href":"https:\/\/www.pricetornado.com\/da\/wp-json\/wp\/v2\/store?post=445900"},{"taxonomy":"product_brand","embeddable":true,"href":"https:\/\/www.pricetornado.com\/da\/wp-json\/wp\/v2\/product_brand?post=445900"},{"taxonomy":"product_cat","embeddable":true,"href":"https:\/\/www.pricetornado.com\/da\/wp-json\/wp\/v2\/product_cat?post=445900"},{"taxonomy":"product_tag","embeddable":true,"href":"https:\/\/www.pricetornado.com\/da\/wp-json\/wp\/v2\/product_tag?post=445900"}],"curies":[{"name":"wp","href":"https:\/\/api.w.org\/{rel}","templated":true}]}}