{"id":445880,"date":"2025-02-27T15:50:08","date_gmt":"2025-02-27T14:50:08","guid":{"rendered":"https:\/\/www.pricetornado.com\/da\/produkt\/philips-hue-calla-udendoers-piedestal\/"},"modified":"2026-04-21T02:40:34","modified_gmt":"2026-04-21T00:40:34","slug":"philips-hue-calla-udendoers-piedestal","status":"publish","type":"product","link":"https:\/\/www.pricetornado.com\/da\/produkt\/philips-hue-calla-udendoers-piedestal\/","title":{"rendered":"Philips HUE Calla udend\u00f8rs piedestal"},"content":{"rendered":"<p>K\u00f8b billig Philips HUE Calla udend\u00f8rs piedestal!<br \/>\nOplev, hvordan Philips Hue Calla udend\u00f8rs piedestal kan forvandle din have, terrasse eller indk\u00f8rsel. Tilslut blot lampen, og nyd 16 millioner farver samt alle nuancer af hvidt lys (2000\u20136500K). Brug lyset stemningsfuldt, eller g\u00f8r det praktisk ved at oplyse en sti \u2013 mulighederne er mange. Denne Calla-extension indeholder \u00e9n lampe, der let kan bruges til udvidelse af dit lavvolt Philips Hue-system.Med Philips Hue appen kan du lege med et helt farvespektrum og skabe unikke udtryk i haven. Indstil timere eller automatiser belysningen, s\u00e5 lampen t\u00e6nder og d\u00e6mpes efter dit behov \u2013 eksempelvis ved solopgang, solnedgang eller efter dine egne tidsplaner. Det g\u00f8r det b\u00e5de nemmere og mere energibesparende at holde udearealerne veloplyste, uden at du skal huske at slukke lyset.Forl\u00e6ng aftenerne udenfor med den rette atmosf\u00e6re. Philips Hue Calla leverer nuancer fra varm gylden gl\u00f8d til k\u00f8ligt dagslys, s\u00e5 stemningen altid matcher \u00e5rstiden eller dit hum\u00f8r.Skab stemninger, der passer til enhver fest eller \u00e5rstid \u2013 for eksempel m\u00f8rker\u00f8dt og gr\u00f8nt til jul, sarte pasteltoner til p\u00e5ske eller lilla belysning til halloween.Styr lyset, som det passer dig \u2013 via Philips Hue appen p\u00e5 smartphone\/tablet (iOS 16+\/Android 10+), eller med stemmekommandoer via Amazon Alexa, Apple HomeKit eller Google Assistant. Lampen kan ogs\u00e5 styres manuelt med Philips Hue Dimmer Switch. Philips Hue sikrer problemfri d\u00e6mpning uden at kr\u00e6ve ekstra ledningsf\u00f8ring eller elektriker.Philips Hue Calla bygger p\u00e5 lavvolt (24V SELV), hvilket g\u00f8r installationen enkel og sikker. Udvid nemt systemet med flere Calla armaturer eller kombiner med andre Philips Hue udend\u00f8rsprodukter for en sammenh\u00e6ngende smart havebelysning.Meget lang levetid op til 25.000 timerFor at opn\u00e5 fuld funktionalitet kr\u00e6ves Philips Hue Bridge. Hermed f\u00e5r du adgang til alle smarte funktioner via appen og kan integrere lampen med andre Hue-enheder i dit system. produkter og skab netop den udend\u00f8rs belysningsl\u00f8sning, der passer til din bolig og din livsstil.<\/p>\n<p>Sammenlign priser p\u00e5 Philips HUE Calla udend\u00f8rs piedestal og k\u00f8b online til den billigste pris, samt p\u00e5 tilbud!\u00a0\u00a0Tjek den bedste pris, produkt beskrivelse, video, test, anmeldelser osv.<\/p>\n<p><strong>Brand: <\/strong>Philips Hue<br \/>\n<strong>EAN: <\/strong>8718696167991<br \/>\n<strong>Producentens varenr.:<\/strong> 8718696167991<\/p>\n<p><strong>P.S.<\/strong><br \/>\nTilmeld dig til &#8220;Opret Gratis Prisfald Alarm&#8221;, og bliv underrettet med det samme om prisfald p\u00e5 Philips HUE Calla udend\u00f8rs piedestal, og f\u00e5 den billigste pris!<\/p>\n<p>&nbsp;<\/p>\n<p>&nbsp;<\/p>\n","protected":false},"excerpt":{"rendered":"<p>K\u00f8b billig Philips HUE Calla udend\u00f8rs piedestal! Oplev, hvordan Philips Hue Calla udend\u00f8rs piedestal kan forvandle din have, terrasse eller indk\u00f8rsel. Tilslut blot lampen, og nyd 16 millioner farver samt alle nuancer af hvidt lys (2000\u20136500K). Brug lyset stemningsfuldt, eller g\u00f8r det praktisk ved at oplyse en sti \u2013 mulighederne er mange. Denne Calla-extension indeholder [&hellip;]<\/p>\n","protected":false},"featured_media":999980000004458800,"template":"","meta":[],"store":[1272516],"product_brand":[1272523],"product_cat":[1272407],"product_tag":[1272697,1272767],"class_list":{"0":"post-445880","1":"product","2":"type-product","3":"status-publish","4":"has-post-thumbnail","6":"store-butik24","7":"product_brand-philips-hue","8":"product_cat-belysning-2","9":"product_tag-belysning","10":"product_tag-philips-hue","11":"pa_maerke-philips-hue","13":"first","14":"instock","15":"product-type-external"},"_links":{"self":[{"href":"https:\/\/www.pricetornado.com\/da\/wp-json\/wp\/v2\/product\/445880","targetHints":{"allow":["GET"]}}],"collection":[{"href":"https:\/\/www.pricetornado.com\/da\/wp-json\/wp\/v2\/product"}],"about":[{"href":"https:\/\/www.pricetornado.com\/da\/wp-json\/wp\/v2\/types\/product"}],"wp:featuredmedia":[{"embeddable":true,"href":"https:\/\/www.pricetornado.com\/da\/wp-json\/"}],"wp:attachment":[{"href":"https:\/\/www.pricetornado.com\/da\/wp-json\/wp\/v2\/media?parent=445880"}],"wp:term":[{"taxonomy":"store","embeddable":true,"href":"https:\/\/www.pricetornado.com\/da\/wp-json\/wp\/v2\/store?post=445880"},{"taxonomy":"product_brand","embeddable":true,"href":"https:\/\/www.pricetornado.com\/da\/wp-json\/wp\/v2\/product_brand?post=445880"},{"taxonomy":"product_cat","embeddable":true,"href":"https:\/\/www.pricetornado.com\/da\/wp-json\/wp\/v2\/product_cat?post=445880"},{"taxonomy":"product_tag","embeddable":true,"href":"https:\/\/www.pricetornado.com\/da\/wp-json\/wp\/v2\/product_tag?post=445880"}],"curies":[{"name":"wp","href":"https:\/\/api.w.org\/{rel}","templated":true}]}}