{"id":445865,"date":"2025-02-23T17:36:51","date_gmt":"2025-02-23T16:36:51","guid":{"rendered":"https:\/\/www.pricetornado.com\/da\/produkt\/scanpan-technlq-rist-23-5-x-23-5-cm\/"},"modified":"2026-04-18T10:10:14","modified_gmt":"2026-04-18T08:10:14","slug":"scanpan-technlq-rist-23-5-x-23-5-cm","status":"publish","type":"product","link":"https:\/\/www.pricetornado.com\/da\/produkt\/scanpan-technlq-rist-23-5-x-23-5-cm\/","title":{"rendered":"Scanpan TechnlQ Rist 23.5 x 23.5 Cm"},"content":{"rendered":"<p>K\u00f8b billig Scanpan TechnlQ Rist 23.5 x 23.5 Cm!<br \/>\nScanpan TechnIQ rist m\u00e5ler 23,5 x 23,5 cm og er udviklet til at passe perfekt til Scanpans 28 x 28 cm firkantede bradepander. Risten er fremstillet af h\u00f8jkvalitets rustfrit st\u00e5l, hvilket sikrer b\u00e5de lang holdbarhed, korrosionsbestandighed og modstandsdygtighed overfor h\u00f8je temperaturer.Den robuste rustfri st\u00e5lkonstruktion sikrer, at risten modst\u00e5r korrosion og bevarer sin form over tid. Scanpan giver livstidsgaranti mod fabrikationsfejl, hvilket understreger produktets p\u00e5lidelighed og kvalitet.Husk at kontrollere, at ristens st\u00f8rrelse passer til din bradepande, for at sikre det bedste resultat. og find mere tilbeh\u00f8r, der kan forbedre din madlavning.<\/p>\n<p>Sammenlign priser p\u00e5 Scanpan TechnlQ Rist 23.5 x 23.5 Cm og k\u00f8b online til den billigste pris, samt p\u00e5 tilbud!\u00a0\u00a0Tjek den bedste pris, produkt beskrivelse, video, test, anmeldelser osv.<\/p>\n<p><strong>Brand: <\/strong>Scanpan<br \/>\n<strong>EAN: <\/strong>083421184627<br \/>\n<strong>Producentens varenr.:<\/strong> 083421184627<\/p>\n<p><strong>P.S.<\/strong><br \/>\nTilmeld dig til &#8220;Opret Gratis Prisfald Alarm&#8221;, og bliv underrettet med det samme om prisfald p\u00e5 Scanpan TechnlQ Rist 23.5 x 23.5 Cm, og f\u00e5 den billigste pris!<\/p>\n<p>&nbsp;<\/p>\n<p>&nbsp;<\/p>\n","protected":false},"excerpt":{"rendered":"<p>K\u00f8b billig Scanpan TechnlQ Rist 23.5 x 23.5 Cm! Scanpan TechnIQ rist m\u00e5ler 23,5 x 23,5 cm og er udviklet til at passe perfekt til Scanpans 28 x 28 cm firkantede bradepander. Risten er fremstillet af h\u00f8jkvalitets rustfrit st\u00e5l, hvilket sikrer b\u00e5de lang holdbarhed, korrosionsbestandighed og modstandsdygtighed overfor h\u00f8je temperaturer.Den robuste rustfri st\u00e5lkonstruktion sikrer, at [&hellip;]<\/p>\n","protected":false},"featured_media":999980000004458650,"template":"","meta":[],"store":[1272516],"product_brand":[1272521],"product_cat":[1272410],"product_tag":[1272681,1275184],"class_list":{"0":"post-445865","1":"product","2":"type-product","3":"status-publish","4":"has-post-thumbnail","6":"store-butik24","7":"product_brand-scanpan","8":"product_cat-koekkengrej","9":"product_tag-koekkengrej","10":"product_tag-scanpan","11":"pa_maerke-scanpan","13":"first","14":"instock","15":"product-type-external"},"_links":{"self":[{"href":"https:\/\/www.pricetornado.com\/da\/wp-json\/wp\/v2\/product\/445865","targetHints":{"allow":["GET"]}}],"collection":[{"href":"https:\/\/www.pricetornado.com\/da\/wp-json\/wp\/v2\/product"}],"about":[{"href":"https:\/\/www.pricetornado.com\/da\/wp-json\/wp\/v2\/types\/product"}],"wp:featuredmedia":[{"embeddable":true,"href":"https:\/\/www.pricetornado.com\/da\/wp-json\/"}],"wp:attachment":[{"href":"https:\/\/www.pricetornado.com\/da\/wp-json\/wp\/v2\/media?parent=445865"}],"wp:term":[{"taxonomy":"store","embeddable":true,"href":"https:\/\/www.pricetornado.com\/da\/wp-json\/wp\/v2\/store?post=445865"},{"taxonomy":"product_brand","embeddable":true,"href":"https:\/\/www.pricetornado.com\/da\/wp-json\/wp\/v2\/product_brand?post=445865"},{"taxonomy":"product_cat","embeddable":true,"href":"https:\/\/www.pricetornado.com\/da\/wp-json\/wp\/v2\/product_cat?post=445865"},{"taxonomy":"product_tag","embeddable":true,"href":"https:\/\/www.pricetornado.com\/da\/wp-json\/wp\/v2\/product_tag?post=445865"}],"curies":[{"name":"wp","href":"https:\/\/api.w.org\/{rel}","templated":true}]}}