{"id":445863,"date":"2025-02-22T10:19:03","date_gmt":"2025-02-22T09:19:03","guid":{"rendered":"https:\/\/www.pricetornado.com\/da\/produkt\/lenco-pladespiller-med-bluetooth-to-indbyggede-hoejttalere-og-at3600l-patron-sort-ls-15bk\/"},"modified":"2026-04-01T01:54:46","modified_gmt":"2026-03-31T23:54:46","slug":"lenco-pladespiller-med-bluetooth-to-indbyggede-hoejttalere-og-at3600l-patron-sort-ls-15bk","status":"publish","type":"product","link":"https:\/\/www.pricetornado.com\/da\/produkt\/lenco-pladespiller-med-bluetooth-to-indbyggede-hoejttalere-og-at3600l-patron-sort-ls-15bk\/","title":{"rendered":"Lenco &#8211; Pladespiller med Bluetooth\u00ae, to indbyggede h\u00f8jttalere og AT3600L-patron Sort &#8211; LS-15BK"},"content":{"rendered":"<p>K\u00f8b billig Lenco &#8211; Pladespiller med Bluetooth\u00ae, to indbyggede h\u00f8jttalere og AT3600L-patron Sort &#8211; LS-15BK!<br \/>\nOplev Lenco LS-15BK \u2013 en prisvenlig og brugervenlig pladespiller, der kombinerer klassisk vinylafspilning med moderne teknologi. Med et robust og stilfuldt kabinet i tr\u00e6, aluminiums- og plastkomponenter f\u00e5r du et design, der b\u00e5de er holdbart og \u00e6stetisk tiltalende. LS-15BK er remdrevet og leverer stabil, vibrationsfri afspilning. Den underst\u00f8tter b\u00e5de 33 og 45 RPM, s\u00e5 du kan nyde alle dine yndlingsplader.LS-15BK tilbyder Bluetooth-funktion til b\u00e5de modtagelse og transmission. Det betyder, at du kan streame musik tr\u00e5dl\u00f8st fra din smartphone direkte til pladespilleren, eller sende vinyllyden videre til tr\u00e5dl\u00f8se h\u00f8jttalere eller hovedtelefoner. To indbyggede h\u00f8jttalere med en samlet udgangseffekt p\u00e5 2 x 3W RMS giver dig mulighed for at lytte direkte, uden brug af ekstern forst\u00e6rker. Du f\u00e5r stor fleksibilitet og optimal afspilning uanset situationen.LS-15BK er udstyret med en Audio-Technica AT3600L Moving Magnet-patron, der sikrer en klar og pr\u00e6cis lydgengivelse. Remdrevet teknologi reducerer vibrationer og sikrer j\u00e6vn rotation, hvilket beskytter b\u00e5de dine plader og stylus samt forbedrer lydkvaliteten. Dette g\u00f8r pladespilleren velegnet for b\u00e5de nybegyndere og erfarne vinylentusiaster.Den indbyggede auto-stop funktion s\u00f8rger for, at pladespilleren automatisk stopper, n\u00e5r pladen er f\u00e6rdigafspillet \u2013 hvilket beskytter b\u00e5de plader og n\u00e5l. Den mekaniske tonearmsl\u00f8fter g\u00f8r det nemt og sikkert at placere og l\u00f8fte armen uden at beskadige dine plader. LS-15BK skifter selv til standby efter inaktivitet for \u00f8get energibesparelse.Med flere tilslutningsmuligheder og underst\u00f8ttelse af forskellige afspilningsfunktioner bliver LS-15BK en komplet l\u00f8sning i hjemmet. Du kan v\u00e6lge mellem vinylafspilning, vinylstreaming, Bluetooth og AUX-indgang for maksimal fleksibilitet.Indbygget stereoforst\u00e6rker, start-stop betjening, volumenkontrol og et aftageligt plastst\u00f8vd\u00e6ksel bidrager til nem og bekvem daglig brug.Pladespilleren m\u00e5ler 10,5 x 32,5 x 32 cm (h x b x d) og har et kabinet i tr\u00e6 samt aluminium- og plastdele for lav v\u00e6gt og god holdbarhed. I pakken medf\u00f8lger:Brugsanvisning p\u00e5 flere sprog, inkl. danskLeder du efter en komplet og brugervenlig pladespiller til b\u00e5de vinyl og tr\u00e5dl\u00f8s streaming, er Lenco LS-15BK et oplagt valg. Den kombinerer autentisk vinyllyd, Bluetooth-teknologi og smart energibesparelse i et stilfuldt tr\u00e6kabinet. F\u00e5 en enkel, fleksibel og kvalitetsbevidst musikoplevelse \u2013 uanset om du er nybegynder eller erfaren vinylelsker.<\/p>\n<p>Sammenlign priser p\u00e5 Lenco &#8211; Pladespiller med Bluetooth\u00ae, to indbyggede h\u00f8jttalere og AT3600L-patron Sort &#8211; LS-15BK og k\u00f8b online til den billigste pris, samt p\u00e5 tilbud!\u00a0\u00a0Tjek den bedste pris, produkt beskrivelse, video, test, anmeldelser osv.<\/p>\n<p><strong>Brand: <\/strong>Lenco<br \/>\n<strong>EAN: <\/strong>8711902086666<br \/>\n<strong>Producentens varenr.:<\/strong> 8711902086666<\/p>\n<p><strong>P.S.<\/strong><br \/>\nTilmeld dig til &#8220;Opret Gratis Prisfald Alarm&#8221;, og bliv underrettet med det samme om prisfald p\u00e5 Lenco &#8211; Pladespiller med Bluetooth\u00ae, to indbyggede h\u00f8jttalere og AT3600L-patron Sort &#8211; LS-15BK, og f\u00e5 den billigste pris!<\/p>\n<p>&nbsp;<\/p>\n<p>&nbsp;<\/p>\n","protected":false},"excerpt":{"rendered":"<p>K\u00f8b billig Lenco &#8211; Pladespiller med Bluetooth\u00ae, to indbyggede h\u00f8jttalere og AT3600L-patron Sort &#8211; LS-15BK! Oplev Lenco LS-15BK \u2013 en prisvenlig og brugervenlig pladespiller, der kombinerer klassisk vinylafspilning med moderne teknologi. Med et robust og stilfuldt kabinet i tr\u00e6, aluminiums- og plastkomponenter f\u00e5r du et design, der b\u00e5de er holdbart og \u00e6stetisk tiltalende. LS-15BK er [&hellip;]<\/p>\n","protected":false},"featured_media":0,"template":"","meta":[],"store":[1272516],"product_brand":[1272526],"product_cat":[1272471],"product_tag":[1275188,1272790],"class_list":{"0":"post-445863","1":"product","2":"type-product","3":"status-publish","5":"store-butik24","6":"product_brand-lenco","7":"product_cat-underholdning","8":"product_tag-lenco","9":"product_tag-underholdning","10":"pa_maerke-lenco","12":"first","13":"instock","14":"product-type-external"},"_links":{"self":[{"href":"https:\/\/www.pricetornado.com\/da\/wp-json\/wp\/v2\/product\/445863","targetHints":{"allow":["GET"]}}],"collection":[{"href":"https:\/\/www.pricetornado.com\/da\/wp-json\/wp\/v2\/product"}],"about":[{"href":"https:\/\/www.pricetornado.com\/da\/wp-json\/wp\/v2\/types\/product"}],"wp:attachment":[{"href":"https:\/\/www.pricetornado.com\/da\/wp-json\/wp\/v2\/media?parent=445863"}],"wp:term":[{"taxonomy":"store","embeddable":true,"href":"https:\/\/www.pricetornado.com\/da\/wp-json\/wp\/v2\/store?post=445863"},{"taxonomy":"product_brand","embeddable":true,"href":"https:\/\/www.pricetornado.com\/da\/wp-json\/wp\/v2\/product_brand?post=445863"},{"taxonomy":"product_cat","embeddable":true,"href":"https:\/\/www.pricetornado.com\/da\/wp-json\/wp\/v2\/product_cat?post=445863"},{"taxonomy":"product_tag","embeddable":true,"href":"https:\/\/www.pricetornado.com\/da\/wp-json\/wp\/v2\/product_tag?post=445863"}],"curies":[{"name":"wp","href":"https:\/\/api.w.org\/{rel}","templated":true}]}}