{"id":445862,"date":"2025-02-20T01:05:46","date_gmt":"2025-02-20T00:05:46","guid":{"rendered":"https:\/\/www.pricetornado.com\/da\/produkt\/philips-master-pl-t-42w-840-kold-hvid-4-pin\/"},"modified":"2026-04-17T09:10:30","modified_gmt":"2026-04-17T07:10:30","slug":"philips-master-pl-t-42w-840-kold-hvid-4-pin","status":"publish","type":"product","link":"https:\/\/www.pricetornado.com\/da\/produkt\/philips-master-pl-t-42w-840-kold-hvid-4-pin\/","title":{"rendered":"Philips MASTER PL-T 42W &#8211; 840 kold hvid | 4 Pin"},"content":{"rendered":"<p>K\u00f8b billig Philips MASTER PL-T 42W &#8211; 840 kold hvid | 4 Pin!<br \/>\nPhilips MASTER PL-T 42W &#8211; 840 kold hvid | 4 Pin er et energieffektivt kompakt lysstofr\u00f8r, ideelt til professionelle milj\u00f8er som kontorer, detailbutikker og hoteller. Lampen har en farvetemperatur p\u00e5 4000 Kelvin, som giver et behageligt, koldt hvidt lys og h\u00f8j farvegengivelse (CRI &gt; 80). Dette sikrer ensartet, kvalitetsbelysning, der skaber optimale arbejdsbetingelser.Lysstofr\u00f8ret arbejder ved en nominel effekt p\u00e5 42 watt og leverer en lysstr\u00f8m p\u00e5 ca. 3100-3200 lumen. Takket v\u00e6re den avancerede tri-fosfor teknologi f\u00e5r du b\u00e5de h\u00f8jere lyseffektivitet og mere stabil farvegengivelse over tid. Lampen har en robust konstruktion med et 4-pins GX24q-4 sokkel, som sikrer nem og sikker installation i armaturer med separat ballast. Den kompakte form g\u00f8r udskiftning let, og med en v\u00e6gt p\u00e5 cirka 83 gram er den nem at h\u00e5ndtere.Takket v\u00e6re den solide opbygning og lave lystab under brug har Philips MASTER PL-T 42W en lang forventet levetid p\u00e5 op til 13.000 timer. Dette reducerer behovet for udskiftning og vedligehold betydeligt. Lampen er velegnet til b\u00e5de korte og lange driftstider, hvilket g\u00f8r den ideel til lokaler med hyppig t\u00e6nd\/sluk, n\u00f8dlys og applikationer med dyb d\u00e6mpning.Energiklasse A for lavt energiforbrug og milj\u00f8venlig drift.Velegnet til armaturer med 4-pins GX24q-4 sokkel og separat ballast (ferromagnetisk eller elektronisk).Kan bruges med d\u00e6mpbar elektronisk forkobling (DIMM ECG) for justerbar belysning og fleksibel styring.Passert til brug i indbyggede downlights og v\u00e6garmaturer, samt visse udend\u00f8rs installationer (dog ikke med specielt vandt\u00e6t design).Lampen indeholder 1,4 mg kviks\u00f8lv, som er standard i kompakte lysstofr\u00f8r; derfor b\u00f8r den altid bortskaffes i henhold til g\u00e6ldende milj\u00f8- og sikkerhedsregler. Den anvendes sammen med ballast, der sikrer sikker styring af str\u00f8mmen og stabil ydelse gennem hele levetiden.Med sin avancerede teknologi, lange levetid, gode farvegengivelse og energibesparende egenskaber er Philips MASTER PL-T 42W &#8211; 840 kold hvid | 4 Pin et p\u00e5lideligt valg til professionelle belysningsbehov i erhvervslivet. Du f\u00e5r p\u00e5 samme tid kvalitet, holdbarhed og energieffektivitet uden at g\u00e5 p\u00e5 kompromis med lyskvaliteten.<\/p>\n<p>Sammenlign priser p\u00e5 Philips MASTER PL-T 42W &#8211; 840 kold hvid | 4 Pin og k\u00f8b online til den billigste pris, samt p\u00e5 tilbud!\u00a0\u00a0Tjek den bedste pris, produkt beskrivelse, video, test, anmeldelser osv.<\/p>\n<p><strong>Brand: <\/strong>Philips<br \/>\n<strong>EAN: <\/strong>8711500611376<br \/>\n<strong>Producentens varenr.:<\/strong> 8711500611376<\/p>\n<p><strong>P.S.<\/strong><br \/>\nTilmeld dig til &#8220;Opret Gratis Prisfald Alarm&#8221;, og bliv underrettet med det samme om prisfald p\u00e5 Philips MASTER PL-T 42W &#8211; 840 kold hvid | 4 Pin, og f\u00e5 den billigste pris!<\/p>\n<p>&nbsp;<\/p>\n<p>&nbsp;<\/p>\n","protected":false},"excerpt":{"rendered":"<p>K\u00f8b billig Philips MASTER PL-T 42W &#8211; 840 kold hvid | 4 Pin! Philips MASTER PL-T 42W &#8211; 840 kold hvid | 4 Pin er et energieffektivt kompakt lysstofr\u00f8r, ideelt til professionelle milj\u00f8er som kontorer, detailbutikker og hoteller. Lampen har en farvetemperatur p\u00e5 4000 Kelvin, som giver et behageligt, koldt hvidt lys og h\u00f8j farvegengivelse [&hellip;]<\/p>\n","protected":false},"featured_media":999980000004458620,"template":"","meta":[],"store":[1272516],"product_brand":[1272519],"product_cat":[1272407],"product_tag":[1272697,1275180],"class_list":{"0":"post-445862","1":"product","2":"type-product","3":"status-publish","4":"has-post-thumbnail","6":"store-butik24","7":"product_brand-philips","8":"product_cat-belysning-2","9":"product_tag-belysning","10":"product_tag-philips","11":"pa_maerke-philips","13":"first","14":"instock","15":"product-type-external"},"_links":{"self":[{"href":"https:\/\/www.pricetornado.com\/da\/wp-json\/wp\/v2\/product\/445862","targetHints":{"allow":["GET"]}}],"collection":[{"href":"https:\/\/www.pricetornado.com\/da\/wp-json\/wp\/v2\/product"}],"about":[{"href":"https:\/\/www.pricetornado.com\/da\/wp-json\/wp\/v2\/types\/product"}],"wp:featuredmedia":[{"embeddable":true,"href":"https:\/\/www.pricetornado.com\/da\/wp-json\/"}],"wp:attachment":[{"href":"https:\/\/www.pricetornado.com\/da\/wp-json\/wp\/v2\/media?parent=445862"}],"wp:term":[{"taxonomy":"store","embeddable":true,"href":"https:\/\/www.pricetornado.com\/da\/wp-json\/wp\/v2\/store?post=445862"},{"taxonomy":"product_brand","embeddable":true,"href":"https:\/\/www.pricetornado.com\/da\/wp-json\/wp\/v2\/product_brand?post=445862"},{"taxonomy":"product_cat","embeddable":true,"href":"https:\/\/www.pricetornado.com\/da\/wp-json\/wp\/v2\/product_cat?post=445862"},{"taxonomy":"product_tag","embeddable":true,"href":"https:\/\/www.pricetornado.com\/da\/wp-json\/wp\/v2\/product_tag?post=445862"}],"curies":[{"name":"wp","href":"https:\/\/api.w.org\/{rel}","templated":true}]}}