{"id":445838,"date":"2025-02-20T01:54:16","date_gmt":"2025-02-20T00:54:16","guid":{"rendered":"https:\/\/www.pricetornado.com\/da\/produkt\/philips-shp2500-10-indendoers-tv-hovedtelefoner-med-ledning-over-ear-soelv-sort\/"},"modified":"2026-04-21T11:40:25","modified_gmt":"2026-04-21T09:40:25","slug":"philips-shp2500-10-indendoers-tv-hovedtelefoner-med-ledning-over-ear-soelv-sort","status":"publish","type":"product","link":"https:\/\/www.pricetornado.com\/da\/produkt\/philips-shp2500-10-indendoers-tv-hovedtelefoner-med-ledning-over-ear-soelv-sort\/","title":{"rendered":"Philips SHP2500\/10 Indend\u00f8rs TV hovedtelefoner med ledning Over-ear &#8211; S\u00f8lv\/sort"},"content":{"rendered":"<p>K\u00f8b billig Philips SHP2500\/10 Indend\u00f8rs TV hovedtelefoner med ledning Over-ear &#8211; S\u00f8lv\/sort!<br \/>\nOplev komfortabel og fordybende TV-lyd med Philips SHP2500\/10 over-ear hovedtelefoner. Disse hovedtelefoner er udviklet til indend\u00f8rs brug med fuld st\u00f8rrelse, lukket design og bl\u00f8de, luksuri\u00f8se \u00f8repuder i stof, der minimerer lydl\u00e6kage og effektivt isolerer mod st\u00f8j udefra. Den fuldt justerbare hovedb\u00f8jle og \u00f8rekapsler g\u00f8r det nemt at opn\u00e5 den ideelle pasform, s\u00e5 du kan lytte komfortabelt i lang tid ad gangen.De lukkede \u00f8rekapsler og akustisk reflektor i designet forbedrer basgengivelse og sikrer en detaljeret, engagerende lyd til dine TV- og HiFi-oplevelser. Med 40 mm drivere, Mylar dome-diaphragmaer og ferritmagneter leverer hovedtelefonerne en bred frekvensrespons fra 15 til 22.000 Hz, hvilket resulterer i klar lyd og en intens lytteoplevelse.Det ekstra lange 6 meter kabel giver dig frihed til at bev\u00e6ge dig rundt, mens du ser TV, uden at miste forbindelsen. Hovedtelefonerne leveres med b\u00e5de 3,5 mm og 6,3 mm stik samt en adapter, s\u00e5 de passer til forskellige TV og lydkilder. Den indbyggede lydstyrkekontrol p\u00e5 ledningen g\u00f8r det nemt og hurtigt at justere lydniveauet uden at rejse sig.V\u00e6lg Philips SHP2500\/10 for en komfortabel og lydisoleret TV-oplevelse hjemme. Opdag flere Philips produkter i vores webshop for endnu flere muligheder.<\/p>\n<p>Sammenlign priser p\u00e5 Philips SHP2500\/10 Indend\u00f8rs TV hovedtelefoner med ledning Over-ear &#8211; S\u00f8lv\/sort og k\u00f8b online til den billigste pris, samt p\u00e5 tilbud!\u00a0\u00a0Tjek den bedste pris, produkt beskrivelse, video, test, anmeldelser osv.<\/p>\n<p><strong>Brand: <\/strong>Philips<br \/>\n<strong>EAN: <\/strong>8712581584276<br \/>\n<strong>Producentens varenr.:<\/strong> 8712581584276<\/p>\n<p><strong>P.S.<\/strong><br \/>\nTilmeld dig til &#8220;Opret Gratis Prisfald Alarm&#8221;, og bliv underrettet med det samme om prisfald p\u00e5 Philips SHP2500\/10 Indend\u00f8rs TV hovedtelefoner med ledning Over-ear &#8211; S\u00f8lv\/sort, og f\u00e5 den billigste pris!<\/p>\n<p>&nbsp;<\/p>\n<p>&nbsp;<\/p>\n","protected":false},"excerpt":{"rendered":"<p>K\u00f8b billig Philips SHP2500\/10 Indend\u00f8rs TV hovedtelefoner med ledning Over-ear &#8211; S\u00f8lv\/sort! Oplev komfortabel og fordybende TV-lyd med Philips SHP2500\/10 over-ear hovedtelefoner. Disse hovedtelefoner er udviklet til indend\u00f8rs brug med fuld st\u00f8rrelse, lukket design og bl\u00f8de, luksuri\u00f8se \u00f8repuder i stof, der minimerer lydl\u00e6kage og effektivt isolerer mod st\u00f8j udefra. Den fuldt justerbare hovedb\u00f8jle og \u00f8rekapsler [&hellip;]<\/p>\n","protected":false},"featured_media":999980000004458380,"template":"","meta":[],"store":[1272516],"product_brand":[1272519],"product_cat":[1272434],"product_tag":[1272843,1275180],"class_list":{"0":"post-445838","1":"product","2":"type-product","3":"status-publish","4":"has-post-thumbnail","6":"store-butik24","7":"product_brand-philips","8":"product_cat-hovedtelefoner","9":"product_tag-hovedtelefoner","10":"product_tag-philips","11":"pa_maerke-philips","13":"first","14":"instock","15":"product-type-external"},"_links":{"self":[{"href":"https:\/\/www.pricetornado.com\/da\/wp-json\/wp\/v2\/product\/445838","targetHints":{"allow":["GET"]}}],"collection":[{"href":"https:\/\/www.pricetornado.com\/da\/wp-json\/wp\/v2\/product"}],"about":[{"href":"https:\/\/www.pricetornado.com\/da\/wp-json\/wp\/v2\/types\/product"}],"wp:featuredmedia":[{"embeddable":true,"href":"https:\/\/www.pricetornado.com\/da\/wp-json\/"}],"wp:attachment":[{"href":"https:\/\/www.pricetornado.com\/da\/wp-json\/wp\/v2\/media?parent=445838"}],"wp:term":[{"taxonomy":"store","embeddable":true,"href":"https:\/\/www.pricetornado.com\/da\/wp-json\/wp\/v2\/store?post=445838"},{"taxonomy":"product_brand","embeddable":true,"href":"https:\/\/www.pricetornado.com\/da\/wp-json\/wp\/v2\/product_brand?post=445838"},{"taxonomy":"product_cat","embeddable":true,"href":"https:\/\/www.pricetornado.com\/da\/wp-json\/wp\/v2\/product_cat?post=445838"},{"taxonomy":"product_tag","embeddable":true,"href":"https:\/\/www.pricetornado.com\/da\/wp-json\/wp\/v2\/product_tag?post=445838"}],"curies":[{"name":"wp","href":"https:\/\/api.w.org\/{rel}","templated":true}]}}