{"id":445833,"date":"2025-02-21T03:10:05","date_gmt":"2025-02-21T02:10:05","guid":{"rendered":"https:\/\/www.pricetornado.com\/da\/produkt\/alecto-1x-smart-ring20-1x-smart-ring-bell-aeske-smart-ring-set\/"},"modified":"2026-04-16T10:30:21","modified_gmt":"2026-04-16T08:30:21","slug":"alecto-1x-smart-ring20-1x-smart-ring-bell-aeske-smart-ring-set","status":"publish","type":"product","link":"https:\/\/www.pricetornado.com\/da\/produkt\/alecto-1x-smart-ring20-1x-smart-ring-bell-aeske-smart-ring-set\/","title":{"rendered":"Alecto &#8211; 1x SMART-RING20, 1x SMART-RING-BELL (\u00e6ske) &#8211; SMART-RING SET"},"content":{"rendered":"<p>K\u00f8b billig Alecto &#8211; 1x SMART-RING20, 1x SMART-RING-BELL (\u00e6ske) &#8211; SMART-RING SET!<br \/>\nOplev Alecto SMART-RING SET, en intelligent og brugervenlig l\u00f8sning til \u00f8get sikkerhed og komfort i hjemmet. S\u00e6ttet kombinerer SMART-RING20, en smart Wi-Fi-d\u00f8rklokke med indbygget kamera, og SMART-RING-BELL, en tr\u00e5dl\u00f8s ringeklokke designet som en udvidelse, s\u00e5 du altid h\u00f8rer, n\u00e5r der er bes\u00f8gende \u2013 uanset hvor du befinder dig i hjemmet.SMART-RING20 er udstyret med et 1920 x 1080 pixels kamera, der leverer klare billeder dag og nat via IR-natsyn. Kameraet har en bred synsvinkel p\u00e5 100\u00b0 vandret og 55\u00b0 lodret og leveres med et vinklet beslag for fleksibel montering. Hovedenheden er fremstillet i let og holdbar plast, hvilket g\u00f8r den velegnet til b\u00e5de udend\u00f8rs og indend\u00f8rs brug. D\u00f8rklokken opfylder IP54-standarden, hvilket betyder, at den er st\u00f8vt\u00e6t og st\u00e6nkafvisende for p\u00e5lidelig drift under skiftende vejrforhold.Med den gratis Smart Life-app (ogs\u00e5 kompatibel med Tuya-appen) til iOS og Android f\u00e5r du straks push-beskeder, n\u00e5r nogen ringer p\u00e5 din d\u00f8r. Se live-video og kommuniker direkte med dine bes\u00f8gende, uanset hvor du er. Integrer d\u00f8rklokken med hjemmeautomatisering, f.eks. s\u00e5 lyset blinker, n\u00e5r nogen ringer p\u00e5. Der kr\u00e6ves ingen bro eller gateway \u2013 SMART-RING20 forbindes direkte til dit tr\u00e5dl\u00f8se netv\u00e6rk for let ops\u00e6tning.Alle bev\u00e6gelsesudl\u00f8ste videooptagelser gemmes automatisk p\u00e5 et microSD-kort (op til 128 GB \u2013 medf\u00f8lger ikke), s\u00e5 du frit kan tilg\u00e5 og gemme optagelser uden behov for ekstra abonnementstjenester.SMART-RING-BELL fungerer som en tr\u00e5dl\u00f8s udvidelse til SMART-RING20 og \u00f8ger den h\u00f8rbare r\u00e6kkevidde i hjemmet. Enheden tilkobles nemt til str\u00f8mnettet (220\u2013240 V, 50 Hz) og giver dig mulighed for at v\u00e6lge mellem fire forskellige ringetoner samt justere lydstyrken, s\u00e5 den passer til dine behov. De to enheder er tr\u00e5dl\u00f8st forbundet, hvilket giver dig fleksibel placering og p\u00e5lidelig drift i dagligdagen.Alecto SMART-RING SET giver dig tryghed og sikrer, at du altid kan se og tale med dine bes\u00f8gende \u2013 ogs\u00e5 n\u00e5r du ikke er hjemme. Nem installation, ingen ekstra abonnementer og fleksible indstillingsmuligheder g\u00f8r dette s\u00e6t til et ideelt valg for det moderne hjem.<\/p>\n<p>Sammenlign priser p\u00e5 Alecto &#8211; 1x SMART-RING20, 1x SMART-RING-BELL (\u00e6ske) &#8211; SMART-RING SET og k\u00f8b online til den billigste pris, samt p\u00e5 tilbud!\u00a0\u00a0Tjek den bedste pris, produkt beskrivelse, video, test, anmeldelser osv.<\/p>\n<p><strong>Brand: <\/strong>Alecto<br \/>\n<strong>EAN: <\/strong>8711902078999<br \/>\n<strong>Producentens varenr.:<\/strong> 8711902078999<\/p>\n<p><strong>P.S.<\/strong><br \/>\nTilmeld dig til &#8220;Opret Gratis Prisfald Alarm&#8221;, og bliv underrettet med det samme om prisfald p\u00e5 Alecto &#8211; 1x SMART-RING20, 1x SMART-RING-BELL (\u00e6ske) &#8211; SMART-RING SET, og f\u00e5 den billigste pris!<\/p>\n<p>&nbsp;<\/p>\n<p>&nbsp;<\/p>\n","protected":false},"excerpt":{"rendered":"<p>K\u00f8b billig Alecto &#8211; 1x SMART-RING20, 1x SMART-RING-BELL (\u00e6ske) &#8211; SMART-RING SET! Oplev Alecto SMART-RING SET, en intelligent og brugervenlig l\u00f8sning til \u00f8get sikkerhed og komfort i hjemmet. S\u00e6ttet kombinerer SMART-RING20, en smart Wi-Fi-d\u00f8rklokke med indbygget kamera, og SMART-RING-BELL, en tr\u00e5dl\u00f8s ringeklokke designet som en udvidelse, s\u00e5 du altid h\u00f8rer, n\u00e5r der er bes\u00f8gende \u2013 [&hellip;]<\/p>\n","protected":false},"featured_media":999980000004458330,"template":"","meta":[],"store":[1272516],"product_brand":[1272518],"product_cat":[1272474],"product_tag":[1275186,1272689],"class_list":{"0":"post-445833","1":"product","2":"type-product","3":"status-publish","4":"has-post-thumbnail","6":"store-butik24","7":"product_brand-alecto","8":"product_cat-doerklokke","9":"product_tag-alecto","10":"product_tag-doerklokke","11":"pa_maerke-alecto","13":"first","14":"instock","15":"product-type-external"},"_links":{"self":[{"href":"https:\/\/www.pricetornado.com\/da\/wp-json\/wp\/v2\/product\/445833","targetHints":{"allow":["GET"]}}],"collection":[{"href":"https:\/\/www.pricetornado.com\/da\/wp-json\/wp\/v2\/product"}],"about":[{"href":"https:\/\/www.pricetornado.com\/da\/wp-json\/wp\/v2\/types\/product"}],"wp:featuredmedia":[{"embeddable":true,"href":"https:\/\/www.pricetornado.com\/da\/wp-json\/"}],"wp:attachment":[{"href":"https:\/\/www.pricetornado.com\/da\/wp-json\/wp\/v2\/media?parent=445833"}],"wp:term":[{"taxonomy":"store","embeddable":true,"href":"https:\/\/www.pricetornado.com\/da\/wp-json\/wp\/v2\/store?post=445833"},{"taxonomy":"product_brand","embeddable":true,"href":"https:\/\/www.pricetornado.com\/da\/wp-json\/wp\/v2\/product_brand?post=445833"},{"taxonomy":"product_cat","embeddable":true,"href":"https:\/\/www.pricetornado.com\/da\/wp-json\/wp\/v2\/product_cat?post=445833"},{"taxonomy":"product_tag","embeddable":true,"href":"https:\/\/www.pricetornado.com\/da\/wp-json\/wp\/v2\/product_tag?post=445833"}],"curies":[{"name":"wp","href":"https:\/\/api.w.org\/{rel}","templated":true}]}}