{"id":445826,"date":"2025-02-20T21:57:48","date_gmt":"2025-02-20T20:57:48","guid":{"rendered":"https:\/\/www.pricetornado.com\/da\/produkt\/scanpan-20-cm-staal-laag-maitre-d-induktion\/"},"modified":"2026-04-30T05:10:36","modified_gmt":"2026-04-30T03:10:36","slug":"scanpan-20-cm-staal-laag-maitre-d-induktion","status":"publish","type":"product","link":"https:\/\/www.pricetornado.com\/da\/produkt\/scanpan-20-cm-staal-laag-maitre-d-induktion\/","title":{"rendered":"Scanpan 20 cm st\u00e5l l\u00e5g &#8211; Maitr\u00e9 D&apos; induktion"},"content":{"rendered":"<p>K\u00f8b billig Scanpan 20 cm st\u00e5l l\u00e5g &#8211; Maitr\u00e9 D&apos; induktion!<br \/>\nDette st\u00e5ll\u00e5g er designet specielt til Scanpan Maitr\u00e9 D&apos; Induction-serien og sikrer en ideel pasform p\u00e5 gryder og pander med en diameter p\u00e5 20 cm. L\u00e5get kombinerer h\u00f8j holdbarhed og funktionalitet, hvilket g\u00f8r det til et praktisk valg for dig, der \u00f8nsker kvalitet og effektivitet i madlavningen.L\u00e5get er fremstillet i slidst\u00e6rkt 18\/10 rustfrit st\u00e5l, som garanterer lang levetid og god modstandsdygtighed over for daglig brug. Serien, det tilh\u00f8rer, har desuden en konstruktion med aluminiums kerne for optimal varmefordeling og en kobberbel\u00e6gning udenp\u00e5, som sikrer effektiv varmekonduktion. Takket v\u00e6re 18\/0 st\u00e5lbasen er gryden og l\u00e5get kompatible med alle induktionskomfurer.Aluminiums kernen i serien bidrager til optimal varmeudnyttelse, s\u00e5 tilberedningstiden reduceres og energiforbruget minimeres. De ergonomiske h\u00e5ndtag i rustfrit st\u00e5l forbliver kolde l\u00e6ngere, hvilket \u00f8ger b\u00e5de sikkerheden og komforten ved brug.Dette st\u00e5ll\u00e5g er den perfekte tilf\u00f8jelse til dit Scanpan Maitr\u00e9 D&apos; Induction k\u00f8kkenudstyr. Udforsk flere Scanpan gryder, pander og tilbeh\u00f8r i samme h\u00f8je kvalitet, der passer til b\u00e5de daglig og avanceret madlavning.Opgrader dit k\u00f8kken med Scanpans st\u00e5ll\u00e5g til Maitr\u00e9 D&apos; Induction og oplev enest\u00e5ende holdbarhed og funktionalitet fra en af markedets f\u00f8rende producenter af gryder og l\u00e5g. for at fuldende din samling.<\/p>\n<p>Sammenlign priser p\u00e5 Scanpan 20 cm st\u00e5l l\u00e5g &#8211; Maitr\u00e9 D&apos; induktion og k\u00f8b online til den billigste pris, samt p\u00e5 tilbud!\u00a0\u00a0Tjek den bedste pris, produkt beskrivelse, video, test, anmeldelser osv.<\/p>\n<p><strong>Brand: <\/strong>Scanpan<br \/>\n<strong>EAN: <\/strong>083421199652<br \/>\n<strong>Producentens varenr.:<\/strong> 083421199652<\/p>\n<p><strong>P.S.<\/strong><br \/>\nTilmeld dig til &#8220;Opret Gratis Prisfald Alarm&#8221;, og bliv underrettet med det samme om prisfald p\u00e5 Scanpan 20 cm st\u00e5l l\u00e5g &#8211; Maitr\u00e9 D&apos; induktion, og f\u00e5 den billigste pris!<\/p>\n<p>&nbsp;<\/p>\n<p>&nbsp;<\/p>\n","protected":false},"excerpt":{"rendered":"<p>K\u00f8b billig Scanpan 20 cm st\u00e5l l\u00e5g &#8211; Maitr\u00e9 D&apos; induktion! Dette st\u00e5ll\u00e5g er designet specielt til Scanpan Maitr\u00e9 D&apos; Induction-serien og sikrer en ideel pasform p\u00e5 gryder og pander med en diameter p\u00e5 20 cm. L\u00e5get kombinerer h\u00f8j holdbarhed og funktionalitet, hvilket g\u00f8r det til et praktisk valg for dig, der \u00f8nsker kvalitet og [&hellip;]<\/p>\n","protected":false},"featured_media":999980000004458260,"template":"","meta":[],"store":[1272516],"product_brand":[1272521],"product_cat":[1272410],"product_tag":[1272681,1275184],"class_list":{"0":"post-445826","1":"product","2":"type-product","3":"status-publish","4":"has-post-thumbnail","6":"store-butik24","7":"product_brand-scanpan","8":"product_cat-koekkengrej","9":"product_tag-koekkengrej","10":"product_tag-scanpan","11":"pa_maerke-scanpan","13":"first","14":"instock","15":"product-type-external"},"_links":{"self":[{"href":"https:\/\/www.pricetornado.com\/da\/wp-json\/wp\/v2\/product\/445826","targetHints":{"allow":["GET"]}}],"collection":[{"href":"https:\/\/www.pricetornado.com\/da\/wp-json\/wp\/v2\/product"}],"about":[{"href":"https:\/\/www.pricetornado.com\/da\/wp-json\/wp\/v2\/types\/product"}],"wp:featuredmedia":[{"embeddable":true,"href":"https:\/\/www.pricetornado.com\/da\/wp-json\/"}],"wp:attachment":[{"href":"https:\/\/www.pricetornado.com\/da\/wp-json\/wp\/v2\/media?parent=445826"}],"wp:term":[{"taxonomy":"store","embeddable":true,"href":"https:\/\/www.pricetornado.com\/da\/wp-json\/wp\/v2\/store?post=445826"},{"taxonomy":"product_brand","embeddable":true,"href":"https:\/\/www.pricetornado.com\/da\/wp-json\/wp\/v2\/product_brand?post=445826"},{"taxonomy":"product_cat","embeddable":true,"href":"https:\/\/www.pricetornado.com\/da\/wp-json\/wp\/v2\/product_cat?post=445826"},{"taxonomy":"product_tag","embeddable":true,"href":"https:\/\/www.pricetornado.com\/da\/wp-json\/wp\/v2\/product_tag?post=445826"}],"curies":[{"name":"wp","href":"https:\/\/api.w.org\/{rel}","templated":true}]}}