{"id":445825,"date":"2025-02-25T02:57:17","date_gmt":"2025-02-25T01:57:17","guid":{"rendered":"https:\/\/www.pricetornado.com\/da\/produkt\/scanpan-35x24cm-bradepande-i-kobber-maitre-d\/"},"modified":"2026-04-30T12:19:59","modified_gmt":"2026-04-30T10:19:59","slug":"scanpan-35x24cm-bradepande-i-kobber-maitre-d","status":"publish","type":"product","link":"https:\/\/www.pricetornado.com\/da\/produkt\/scanpan-35x24cm-bradepande-i-kobber-maitre-d\/","title":{"rendered":"Scanpan 35x24cm bradepande i kobber &#8211; Maitr\u00e9 D&apos;"},"content":{"rendered":"<p>K\u00f8b billig Scanpan 35x24cm bradepande i kobber &#8211; Maitr\u00e9 D&apos;!<br \/>\nOplev en elegant kobberbradepande fra Scanpan Maitr\u00e9 D&apos;, der kombinerer klassisk fransk elegance med moderne funktionalitet. Bradepanden er designet til at g\u00e5 direkte fra ovnen til middagsbordet og vil pryde ethvert k\u00f8kken med sin blanke kobberfinish. Den egner sig perfekt til b\u00e5de madlavning, bagning og servering, og dens dekorative udseende g\u00f8r den ideel til pr\u00e6sentation p\u00e5 bordet.Scanpan Maitr\u00e9 D&apos; bradepanden er konstrueret med en trelagskonstruktion best\u00e5ende af et indvendigt lag af h\u00f8jglanspoleret 18\/10 rustfrit st\u00e5l, en aluminiumskerne og et ydre lag af kobber. Denne sammens\u00e6tning sikrer us\u00e6dvanligt hurtig og j\u00e6vn varmefordeling samt pr\u00e6cis temperaturstyring, s\u00e5 dine retter tilberedes perfekt hver gang. Panden har en kapacitet p\u00e5 5,5 liter, og de h\u00f8je sider g\u00f8r det let at tilberede st\u00f8rre portioner og giver ensartet resultat.Indersiden af rustfrit st\u00e5l modst\u00e5r misfarvning og g\u00f8r bradepanden yderst modstandsdygtig over for slitage og nem at reng\u00f8re. De ergonomiske h\u00e5ndtag i rustfrit st\u00e5l er nittet for ekstra stabilitet og forbliver kolde l\u00e6ngere end traditionelle h\u00e5ndtag, hvilket sikrer nem og sikker h\u00e5ndtering \u2013 selv n\u00e5r panden skal serveres direkte fra ovn til bord.Maitr\u00e9 D&apos; kobberbradepanden er ovnfast op til 250\u2013260\u00b0C og fungerer perfekt til stegning, bagning og servering. Bem\u00e6rk, at den ikke er kompatibel med induktionskomfurer. For at bevare det flotte kobberudtryk anbefales h\u00e5ndvask med almindeligt opvaskemiddel og en bl\u00f8d b\u00f8rste eller svamp. \u00d8nsker du bradepandens blanke look, kan kobberet let pudses op uden brug af skrappe midler.Scanpan Maitr\u00e9 D&apos; bradepanden leveres med 10 \u00e5rs garanti mod fabrikationsfejl, hvilket understreger produktets styrke og p\u00e5lidelighed.. Se hele sortimentet fra for flere elegante og funktionelle k\u00f8kkenredskaber.<\/p>\n<p>Sammenlign priser p\u00e5 Scanpan 35x24cm bradepande i kobber &#8211; Maitr\u00e9 D&apos; og k\u00f8b online til den billigste pris, samt p\u00e5 tilbud!\u00a0\u00a0Tjek den bedste pris, produkt beskrivelse, video, test, anmeldelser osv.<\/p>\n<p><strong>Brand: <\/strong>Scanpan<br \/>\n<strong>EAN: <\/strong>083421117717<br \/>\n<strong>Producentens varenr.:<\/strong> 083421117717<\/p>\n<p><strong>P.S.<\/strong><br \/>\nTilmeld dig til &#8220;Opret Gratis Prisfald Alarm&#8221;, og bliv underrettet med det samme om prisfald p\u00e5 Scanpan 35x24cm bradepande i kobber &#8211; Maitr\u00e9 D&apos;, og f\u00e5 den billigste pris!<\/p>\n<p>&nbsp;<\/p>\n<p>&nbsp;<\/p>\n","protected":false},"excerpt":{"rendered":"<p>K\u00f8b billig Scanpan 35x24cm bradepande i kobber &#8211; Maitr\u00e9 D&apos;! Oplev en elegant kobberbradepande fra Scanpan Maitr\u00e9 D&apos;, der kombinerer klassisk fransk elegance med moderne funktionalitet. Bradepanden er designet til at g\u00e5 direkte fra ovnen til middagsbordet og vil pryde ethvert k\u00f8kken med sin blanke kobberfinish. Den egner sig perfekt til b\u00e5de madlavning, bagning og [&hellip;]<\/p>\n","protected":false},"featured_media":999980000004458250,"template":"","meta":[],"store":[1272516],"product_brand":[1272521],"product_cat":[1272410],"product_tag":[1272681,1275184],"class_list":{"0":"post-445825","1":"product","2":"type-product","3":"status-publish","4":"has-post-thumbnail","6":"store-butik24","7":"product_brand-scanpan","8":"product_cat-koekkengrej","9":"product_tag-koekkengrej","10":"product_tag-scanpan","11":"pa_maerke-scanpan","13":"first","14":"instock","15":"product-type-external"},"_links":{"self":[{"href":"https:\/\/www.pricetornado.com\/da\/wp-json\/wp\/v2\/product\/445825","targetHints":{"allow":["GET"]}}],"collection":[{"href":"https:\/\/www.pricetornado.com\/da\/wp-json\/wp\/v2\/product"}],"about":[{"href":"https:\/\/www.pricetornado.com\/da\/wp-json\/wp\/v2\/types\/product"}],"wp:featuredmedia":[{"embeddable":true,"href":"https:\/\/www.pricetornado.com\/da\/wp-json\/"}],"wp:attachment":[{"href":"https:\/\/www.pricetornado.com\/da\/wp-json\/wp\/v2\/media?parent=445825"}],"wp:term":[{"taxonomy":"store","embeddable":true,"href":"https:\/\/www.pricetornado.com\/da\/wp-json\/wp\/v2\/store?post=445825"},{"taxonomy":"product_brand","embeddable":true,"href":"https:\/\/www.pricetornado.com\/da\/wp-json\/wp\/v2\/product_brand?post=445825"},{"taxonomy":"product_cat","embeddable":true,"href":"https:\/\/www.pricetornado.com\/da\/wp-json\/wp\/v2\/product_cat?post=445825"},{"taxonomy":"product_tag","embeddable":true,"href":"https:\/\/www.pricetornado.com\/da\/wp-json\/wp\/v2\/product_tag?post=445825"}],"curies":[{"name":"wp","href":"https:\/\/api.w.org\/{rel}","templated":true}]}}