{"id":445819,"date":"2025-02-27T17:27:31","date_gmt":"2025-02-27T16:27:31","guid":{"rendered":"https:\/\/www.pricetornado.com\/da\/produkt\/scanpan-28-cm-stegepande-i-kobber-maitre-d-induktion\/"},"modified":"2026-04-17T08:59:55","modified_gmt":"2026-04-17T06:59:55","slug":"scanpan-28-cm-stegepande-i-kobber-maitre-d-induktion","status":"publish","type":"product","link":"https:\/\/www.pricetornado.com\/da\/produkt\/scanpan-28-cm-stegepande-i-kobber-maitre-d-induktion\/","title":{"rendered":"Scanpan 28 cm stegepande i kobber &#8211; Maitr\u00e9 D&apos; induktion"},"content":{"rendered":"<p>K\u00f8b billig Scanpan 28 cm stegepande i kobber &#8211; Maitr\u00e9 D&apos; induktion!<br \/>\nScanpan 28 cm stegepande i kobber er et eksklusivt og funktionelt k\u00f8kkenredskab, der forener tidl\u00f8st design med avanceret teknologi. Den unikke multi-lags konstruktion best\u00e5r af en indvendig overflade af 18\/10 rustfrit st\u00e5l, en aluminiumskerne, der sikrer hurtig og j\u00e6vn varmefordeling helt op ad siderne, samt et ydre lag af kobber, der b\u00e5de giver panden et flot udseende og forbedrer varmeledningsevnen. En 18\/0 st\u00e5lbund g\u00f8r stegepanden velegnet til alle komfurtyper \u2013 inklusiv induktion.Indersiden i rustfrit st\u00e5l er slidst\u00e6rk og reagerer ikke med maden, mens aluminiumslaget maksimaliserer varmeudnyttelsen og forebygger hotspots. Det ydre kobberlag fremh\u00e6ver b\u00e5de \u00e6stetik og funktion, s\u00e5 du b\u00e5de f\u00e5r flot design og suver\u00e6n ydeevne.Scanpan stegepanden er velegnet til b\u00e5de daglig madlavning og servering, og den kan bruges i ovn op til 250\u00b0C. Panden er designet med fokus p\u00e5 anvendelighed og komfort:Den energieffektive konstruktion med aluminiumslag maksimerer varmebevaringen, hvilket reducerer tilberedningstiden og minimerer energiforbruget. Materialevalget sikrer en stegepande, der er modstandsdygtig over for slid og holder til mange \u00e5rs brug. Du f\u00e5r desuden 10 \u00e5rs garanti mod fabrikationsfejl, hvilket giver ekstra tryghed omkring kvalitet og holdbarhed.For at bevare kobberets flotte glans anbefales det at vaske stegepanden op i h\u00e5nden med mildt opvaskemiddel og en bl\u00f8d svamp \u2013 undg\u00e5 opvaskemaskine og skrappe reng\u00f8ringsmidler. \u00d8nskes kobberets naturlige patina bevaret eller genskabt, kan dette let tilpasses efter personlig pr\u00e6ference.Scanpan 28 cm stegepande i kobber er en kombination af funktionalitet, \u00e6stetik og langtidsholdbarhed \u2013 perfekt til b\u00e5de det daglige k\u00f8kken og den stilfulde servering.<\/p>\n<p>Sammenlign priser p\u00e5 Scanpan 28 cm stegepande i kobber &#8211; Maitr\u00e9 D&apos; induktion og k\u00f8b online til den billigste pris, samt p\u00e5 tilbud!\u00a0\u00a0Tjek den bedste pris, produkt beskrivelse, video, test, anmeldelser osv.<\/p>\n<p><strong>Brand: <\/strong>Scanpan<br \/>\n<strong>EAN: <\/strong>083421199737<br \/>\n<strong>Producentens varenr.:<\/strong> 083421199737<\/p>\n<p><strong>P.S.<\/strong><br \/>\nTilmeld dig til &#8220;Opret Gratis Prisfald Alarm&#8221;, og bliv underrettet med det samme om prisfald p\u00e5 Scanpan 28 cm stegepande i kobber &#8211; Maitr\u00e9 D&apos; induktion, og f\u00e5 den billigste pris!<\/p>\n<p>&nbsp;<\/p>\n<p>&nbsp;<\/p>\n","protected":false},"excerpt":{"rendered":"<p>K\u00f8b billig Scanpan 28 cm stegepande i kobber &#8211; Maitr\u00e9 D&apos; induktion! Scanpan 28 cm stegepande i kobber er et eksklusivt og funktionelt k\u00f8kkenredskab, der forener tidl\u00f8st design med avanceret teknologi. Den unikke multi-lags konstruktion best\u00e5r af en indvendig overflade af 18\/10 rustfrit st\u00e5l, en aluminiumskerne, der sikrer hurtig og j\u00e6vn varmefordeling helt op ad [&hellip;]<\/p>\n","protected":false},"featured_media":999980000004458190,"template":"","meta":[],"store":[1272516],"product_brand":[1272521],"product_cat":[1272410],"product_tag":[1272681,1275184],"class_list":{"0":"post-445819","1":"product","2":"type-product","3":"status-publish","4":"has-post-thumbnail","6":"store-butik24","7":"product_brand-scanpan","8":"product_cat-koekkengrej","9":"product_tag-koekkengrej","10":"product_tag-scanpan","11":"pa_maerke-scanpan","13":"first","14":"instock","15":"product-type-external"},"_links":{"self":[{"href":"https:\/\/www.pricetornado.com\/da\/wp-json\/wp\/v2\/product\/445819","targetHints":{"allow":["GET"]}}],"collection":[{"href":"https:\/\/www.pricetornado.com\/da\/wp-json\/wp\/v2\/product"}],"about":[{"href":"https:\/\/www.pricetornado.com\/da\/wp-json\/wp\/v2\/types\/product"}],"wp:featuredmedia":[{"embeddable":true,"href":"https:\/\/www.pricetornado.com\/da\/wp-json\/"}],"wp:attachment":[{"href":"https:\/\/www.pricetornado.com\/da\/wp-json\/wp\/v2\/media?parent=445819"}],"wp:term":[{"taxonomy":"store","embeddable":true,"href":"https:\/\/www.pricetornado.com\/da\/wp-json\/wp\/v2\/store?post=445819"},{"taxonomy":"product_brand","embeddable":true,"href":"https:\/\/www.pricetornado.com\/da\/wp-json\/wp\/v2\/product_brand?post=445819"},{"taxonomy":"product_cat","embeddable":true,"href":"https:\/\/www.pricetornado.com\/da\/wp-json\/wp\/v2\/product_cat?post=445819"},{"taxonomy":"product_tag","embeddable":true,"href":"https:\/\/www.pricetornado.com\/da\/wp-json\/wp\/v2\/product_tag?post=445819"}],"curies":[{"name":"wp","href":"https:\/\/api.w.org\/{rel}","templated":true}]}}