{"id":445818,"date":"2025-02-27T13:01:55","date_gmt":"2025-02-27T12:01:55","guid":{"rendered":"https:\/\/www.pricetornado.com\/da\/produkt\/scanpan-26-cm-stegepande-i-kobber-maitre-d-induktion\/"},"modified":"2026-04-30T11:40:12","modified_gmt":"2026-04-30T09:40:12","slug":"scanpan-26-cm-stegepande-i-kobber-maitre-d-induktion","status":"publish","type":"product","link":"https:\/\/www.pricetornado.com\/da\/produkt\/scanpan-26-cm-stegepande-i-kobber-maitre-d-induktion\/","title":{"rendered":"Scanpan 26 cm stegepande i kobber &#8211; Maitr\u00e9 D&apos; induktion"},"content":{"rendered":"<p>K\u00f8b billig Scanpan 26 cm stegepande i kobber &#8211; Maitr\u00e9 D&apos; induktion!<br \/>\nOplev Scanpans elegante Maitr\u00e9 D&apos; Induction stegepande i 26 cm, der kombinerer smukt kobber med slidst\u00e6rkt 18\/10 rustfrit st\u00e5l indvendigt og en effektiv aluminiumskerne. Det flerlagede design giver ikke alene et eksklusivt udseende, men maksimerer samtidig varmeudnyttelsen for hurtig og j\u00e6vn madlavning \u2013 hvilket betyder energibesparelse i hverdagen. Stegepanden har et klassisk og elegant udseende, der g\u00f8r sig flot b\u00e5de p\u00e5 komfuret og direkte p\u00e5 spisebordet.Aluminiumskernen betyder, at varme fordeles hurtigt og effektivt \u2013 hvilket g\u00f8r madlavningen mere energibesparende. Stegepanden er slidst\u00e6rk og robust og leveres med 10 \u00e5rs garanti mod fabrikationsfejl, et klart bevis p\u00e5 Scanpans fokus p\u00e5 kvalitet og lang levetid. Multilagskonstruktionen sikrer ensartede resultater, uanset om du steger, bruner eller eftertilbereder i ovnen.Maitr\u00e9 D&apos; Induction stegepanden reng\u00f8res nemt i h\u00e5nden med almindeligt opvaskemiddel og en bl\u00f8d svamp eller opvaskeb\u00f8rste. Hvis du \u00f8nsker at genopfriske kobberets glans, kan det g\u00f8res uden brug af skrappe pudsemidler. Foretr\u00e6kker du det naturlige patinerede look, kan du lade kobberet udvikle sin karakteristiske overflade over tid \u2013 valget er dit.Scanpan Maitr\u00e9 D&apos; Induction 26 cm stegepande kombinerer funktionalitet, smukt kobber og imponerende holdbarhed. Med sin tidl\u00f8se elegance og intelligente detaljer er den det ideelle valg til dig, der vil have det bedste udstyr til dit k\u00f8kken. Udforsk ogs\u00e5 vores udvalg af for at finde flere produkter, der matcher denne eksklusive stegepande.<\/p>\n<p>Sammenlign priser p\u00e5 Scanpan 26 cm stegepande i kobber &#8211; Maitr\u00e9 D&apos; induktion og k\u00f8b online til den billigste pris, samt p\u00e5 tilbud!\u00a0\u00a0Tjek den bedste pris, produkt beskrivelse, video, test, anmeldelser osv.<\/p>\n<p><strong>Brand: <\/strong>Scanpan<br \/>\n<strong>EAN: <\/strong>083421117670<br \/>\n<strong>Producentens varenr.:<\/strong> 083421117670<\/p>\n<p><strong>P.S.<\/strong><br \/>\nTilmeld dig til &#8220;Opret Gratis Prisfald Alarm&#8221;, og bliv underrettet med det samme om prisfald p\u00e5 Scanpan 26 cm stegepande i kobber &#8211; Maitr\u00e9 D&apos; induktion, og f\u00e5 den billigste pris!<\/p>\n<p>&nbsp;<\/p>\n<p>&nbsp;<\/p>\n","protected":false},"excerpt":{"rendered":"<p>K\u00f8b billig Scanpan 26 cm stegepande i kobber &#8211; Maitr\u00e9 D&apos; induktion! Oplev Scanpans elegante Maitr\u00e9 D&apos; Induction stegepande i 26 cm, der kombinerer smukt kobber med slidst\u00e6rkt 18\/10 rustfrit st\u00e5l indvendigt og en effektiv aluminiumskerne. Det flerlagede design giver ikke alene et eksklusivt udseende, men maksimerer samtidig varmeudnyttelsen for hurtig og j\u00e6vn madlavning \u2013 [&hellip;]<\/p>\n","protected":false},"featured_media":999980000004458180,"template":"","meta":[],"store":[1272516],"product_brand":[1272521],"product_cat":[1272410],"product_tag":[1272681,1275184],"class_list":{"0":"post-445818","1":"product","2":"type-product","3":"status-publish","4":"has-post-thumbnail","6":"store-butik24","7":"product_brand-scanpan","8":"product_cat-koekkengrej","9":"product_tag-koekkengrej","10":"product_tag-scanpan","11":"pa_maerke-scanpan","13":"first","14":"instock","15":"product-type-external"},"_links":{"self":[{"href":"https:\/\/www.pricetornado.com\/da\/wp-json\/wp\/v2\/product\/445818","targetHints":{"allow":["GET"]}}],"collection":[{"href":"https:\/\/www.pricetornado.com\/da\/wp-json\/wp\/v2\/product"}],"about":[{"href":"https:\/\/www.pricetornado.com\/da\/wp-json\/wp\/v2\/types\/product"}],"wp:featuredmedia":[{"embeddable":true,"href":"https:\/\/www.pricetornado.com\/da\/wp-json\/"}],"wp:attachment":[{"href":"https:\/\/www.pricetornado.com\/da\/wp-json\/wp\/v2\/media?parent=445818"}],"wp:term":[{"taxonomy":"store","embeddable":true,"href":"https:\/\/www.pricetornado.com\/da\/wp-json\/wp\/v2\/store?post=445818"},{"taxonomy":"product_brand","embeddable":true,"href":"https:\/\/www.pricetornado.com\/da\/wp-json\/wp\/v2\/product_brand?post=445818"},{"taxonomy":"product_cat","embeddable":true,"href":"https:\/\/www.pricetornado.com\/da\/wp-json\/wp\/v2\/product_cat?post=445818"},{"taxonomy":"product_tag","embeddable":true,"href":"https:\/\/www.pricetornado.com\/da\/wp-json\/wp\/v2\/product_tag?post=445818"}],"curies":[{"name":"wp","href":"https:\/\/api.w.org\/{rel}","templated":true}]}}