{"id":445815,"date":"2025-02-22T22:09:47","date_gmt":"2025-02-22T21:09:47","guid":{"rendered":"https:\/\/www.pricetornado.com\/da\/produkt\/scanpan-haptiq-grydesaet-10-dele\/"},"modified":"2026-04-30T09:30:20","modified_gmt":"2026-04-30T07:30:20","slug":"scanpan-haptiq-grydesaet-10-dele","status":"publish","type":"product","link":"https:\/\/www.pricetornado.com\/da\/produkt\/scanpan-haptiq-grydesaet-10-dele\/","title":{"rendered":"Scanpan HaptIQ Grydes\u00e6t 10 dele"},"content":{"rendered":"<p>K\u00f8b billig Scanpan HaptIQ Grydes\u00e6t 10 dele!<br \/>\nL\u00f8ft dit k\u00f8kken til n\u00e6ste niveau med Scanpan HaptIQ grydes\u00e6ttet, der forener banebrydende STRATANIUM+ nonstick-teknologi og stilrent dansk design. S\u00e6ttet er skabt til b\u00e5de professionelle kokke og madentusiaster, som \u00f8nsker funktionalitet, holdbarhed og elegance i hverdagen.Hvert element i s\u00e6ttet har en mikrostruktureret STRATANIUM+ nonstick-overflade, der giver exceptionelle stegeegenskaber og uovertruffen holdbarhed. Overfladen er ridsefast, t\u00e5ler metalredskaber og sikrer at gryder og pander holder i mange \u00e5r. Den avancerede femlags konstruktion i st\u00f8bt aluminium og rustfrit st\u00e5l sikrer hurtig, j\u00e6vn varmefordeling og fremragende varmebevarelse, s\u00e5 du undg\u00e5r hotspots og energitab. Passer til induktion, keramisk, gas, halogen, massiv plade og str\u00e5levarme. Giver fleksibilitet fra komfur til ovn. Nem reng\u00f8ring, dog anbefales h\u00e5ndvask for at bevare den spejlpolerede finish. Kombinerer dansk elegance med professionel kvalitet. Giver optimal komfort og kontrol under madlavning. D\u00e6kker produktionsfejl ved almindelig brug.Scanpan HaptIQ grydes\u00e6ttet er en alsidig investering, der tilbyder nem brug og l\u00e6kre resultater uanset m\u00e5ltidets st\u00f8rrelse eller tilberedningsmetode. Kombiner robusthed, brugervenlighed og elegant spejlpoleret rustfrit st\u00e5l, og g\u00f8r madlavningen til en oplevelse p\u00e5 professionelt niveau.<\/p>\n<p>Sammenlign priser p\u00e5 Scanpan HaptIQ Grydes\u00e6t 10 dele og k\u00f8b online til den billigste pris, samt p\u00e5 tilbud!\u00a0\u00a0Tjek den bedste pris, produkt beskrivelse, video, test, anmeldelser osv.<\/p>\n<p><strong>Brand: <\/strong>Scanpan<br \/>\n<strong>EAN: <\/strong>083421184085<br \/>\n<strong>Producentens varenr.:<\/strong> 083421184085<\/p>\n<p><strong>P.S.<\/strong><br \/>\nTilmeld dig til &#8220;Opret Gratis Prisfald Alarm&#8221;, og bliv underrettet med det samme om prisfald p\u00e5 Scanpan HaptIQ Grydes\u00e6t 10 dele, og f\u00e5 den billigste pris!<\/p>\n<p>&nbsp;<\/p>\n<p>&nbsp;<\/p>\n","protected":false},"excerpt":{"rendered":"<p>K\u00f8b billig Scanpan HaptIQ Grydes\u00e6t 10 dele! L\u00f8ft dit k\u00f8kken til n\u00e6ste niveau med Scanpan HaptIQ grydes\u00e6ttet, der forener banebrydende STRATANIUM+ nonstick-teknologi og stilrent dansk design. S\u00e6ttet er skabt til b\u00e5de professionelle kokke og madentusiaster, som \u00f8nsker funktionalitet, holdbarhed og elegance i hverdagen.Hvert element i s\u00e6ttet har en mikrostruktureret STRATANIUM+ nonstick-overflade, der giver exceptionelle stegeegenskaber [&hellip;]<\/p>\n","protected":false},"featured_media":999980000004458150,"template":"","meta":[],"store":[1272516],"product_brand":[1272521],"product_cat":[1272410],"product_tag":[1272681,1275184],"class_list":{"0":"post-445815","1":"product","2":"type-product","3":"status-publish","4":"has-post-thumbnail","6":"store-butik24","7":"product_brand-scanpan","8":"product_cat-koekkengrej","9":"product_tag-koekkengrej","10":"product_tag-scanpan","11":"pa_maerke-scanpan","13":"first","14":"instock","15":"product-type-external"},"_links":{"self":[{"href":"https:\/\/www.pricetornado.com\/da\/wp-json\/wp\/v2\/product\/445815","targetHints":{"allow":["GET"]}}],"collection":[{"href":"https:\/\/www.pricetornado.com\/da\/wp-json\/wp\/v2\/product"}],"about":[{"href":"https:\/\/www.pricetornado.com\/da\/wp-json\/wp\/v2\/types\/product"}],"wp:featuredmedia":[{"embeddable":true,"href":"https:\/\/www.pricetornado.com\/da\/wp-json\/"}],"wp:attachment":[{"href":"https:\/\/www.pricetornado.com\/da\/wp-json\/wp\/v2\/media?parent=445815"}],"wp:term":[{"taxonomy":"store","embeddable":true,"href":"https:\/\/www.pricetornado.com\/da\/wp-json\/wp\/v2\/store?post=445815"},{"taxonomy":"product_brand","embeddable":true,"href":"https:\/\/www.pricetornado.com\/da\/wp-json\/wp\/v2\/product_brand?post=445815"},{"taxonomy":"product_cat","embeddable":true,"href":"https:\/\/www.pricetornado.com\/da\/wp-json\/wp\/v2\/product_cat?post=445815"},{"taxonomy":"product_tag","embeddable":true,"href":"https:\/\/www.pricetornado.com\/da\/wp-json\/wp\/v2\/product_tag?post=445815"}],"curies":[{"name":"wp","href":"https:\/\/api.w.org\/{rel}","templated":true}]}}