{"id":445813,"date":"2025-02-21T03:26:43","date_gmt":"2025-02-21T02:26:43","guid":{"rendered":"https:\/\/www.pricetornado.com\/da\/produkt\/nedis-smartlife-afbryder-zigbee-3-0-2x100-w-terminalforbindelse-app-tilgaengelig-til-android-ios-zbws20rd\/"},"modified":"2026-04-15T01:16:41","modified_gmt":"2026-04-14T23:16:41","slug":"nedis-smartlife-afbryder-zigbee-3-0-2x100-w-terminalforbindelse-app-tilgaengelig-til-android-ios-zbws20rd","status":"publish","type":"product","link":"https:\/\/www.pricetornado.com\/da\/produkt\/nedis-smartlife-afbryder-zigbee-3-0-2x100-w-terminalforbindelse-app-tilgaengelig-til-android-ios-zbws20rd\/","title":{"rendered":"Nedis &#8211; SmartLife Afbryder | Zigbee 3.0 | 2&#215;100 W | Terminalforbindelse | App tilg\u00e6ngelig til: Android\u2122 \/ IOS &#8211; ZBWS20RD"},"content":{"rendered":"<p>K\u00f8b billig Nedis &#8211; SmartLife Afbryder | Zigbee 3.0 | 2&#215;100 W | Terminalforbindelse | App tilg\u00e6ngelig til: Android\u2122 \/ IOS &#8211; ZBWS20RD!<br \/>\nOpgrader din belysning og elektriske installation med Nedis Zigbee Smart Switch og forvandl dit hjem til et intelligent og moderne milj\u00f8. Takket v\u00e6re det kompakte design (kun 18 mm dybde og 43 g) kan afbryderen nemt installeres bag din eksisterende kontakt, s\u00e5 du bevarer manuel betjening samtidig med at du tilf\u00f8jer smarte funktioner.Nedis Zigbee Smart Switch er ideel til 2-vejs installationer, da den ikke kr\u00e6ver en neutral ledning. Det giver dig mulighed for at opgradere uden at \u00e6ndre p\u00e5 ledningsf\u00f8ringen, hvilket sparer tid og g\u00f8r eftermontering enkel.Switchens lave profil og plastikkonstruktion reducerer belastningen p\u00e5 el-installationen, hvilket letter monteringen bag eksisterende kontakter. Med Zigbee 3.0-protokollen sikrer smart afbryderen effektiv, str\u00f8mbesparende og p\u00e5lidelig kommunikation med din Zigbee-gateway, f.eks. Nedis WIFIZBxxx. Du kan nemt skabe automatiseringer og scener sammen med andre Nedis SmartLife-produkter for en problemfri og sammenkoblet smart home-oplevelse.G\u00f8r din hverdag smartere og mere energieffektiv med Nedis Zigbee Smart Switch \u2013 den smarte, praktiske og sikre l\u00f8sning til moderne hjem. Se hele vores udvalg af produkter for flere innovative l\u00f8sninger.<\/p>\n<p>Sammenlign priser p\u00e5 Nedis &#8211; SmartLife Afbryder | Zigbee 3.0 | 2&#215;100 W | Terminalforbindelse | App tilg\u00e6ngelig til: Android\u2122 \/ IOS &#8211; ZBWS20RD og k\u00f8b online til den billigste pris, samt p\u00e5 tilbud!\u00a0\u00a0Tjek den bedste pris, produkt beskrivelse, video, test, anmeldelser osv.<\/p>\n<p><strong>Brand: <\/strong>Nedis<br \/>\n<strong>EAN: <\/strong>5412810452163<br \/>\n<strong>Producentens varenr.:<\/strong> 5412810452163<\/p>\n<p><strong>P.S.<\/strong><br \/>\nTilmeld dig til &#8220;Opret Gratis Prisfald Alarm&#8221;, og bliv underrettet med det samme om prisfald p\u00e5 Nedis &#8211; SmartLife Afbryder | Zigbee 3.0 | 2&#215;100 W | Terminalforbindelse | App tilg\u00e6ngelig til: Android\u2122 \/ IOS &#8211; ZBWS20RD, og f\u00e5 den billigste pris!<\/p>\n<p>&nbsp;<\/p>\n<p>&nbsp;<\/p>\n","protected":false},"excerpt":{"rendered":"<p>K\u00f8b billig Nedis &#8211; SmartLife Afbryder | Zigbee 3.0 | 2&#215;100 W | Terminalforbindelse | App tilg\u00e6ngelig til: Android\u2122 \/ IOS &#8211; ZBWS20RD! Opgrader din belysning og elektriske installation med Nedis Zigbee Smart Switch og forvandl dit hjem til et intelligent og moderne milj\u00f8. Takket v\u00e6re det kompakte design (kun 18 mm dybde og 43 [&hellip;]<\/p>\n","protected":false},"featured_media":0,"template":"","meta":[],"store":[1272516],"product_brand":[1272517],"product_cat":[1272467],"product_tag":[1275178,1273383],"class_list":{"0":"post-445813","1":"product","2":"type-product","3":"status-publish","5":"store-butik24","6":"product_brand-nedis","7":"product_cat-power-og-energi","8":"product_tag-nedis","9":"product_tag-power-og-energi","10":"pa_maerke-nedis","12":"first","13":"instock","14":"product-type-external"},"_links":{"self":[{"href":"https:\/\/www.pricetornado.com\/da\/wp-json\/wp\/v2\/product\/445813","targetHints":{"allow":["GET"]}}],"collection":[{"href":"https:\/\/www.pricetornado.com\/da\/wp-json\/wp\/v2\/product"}],"about":[{"href":"https:\/\/www.pricetornado.com\/da\/wp-json\/wp\/v2\/types\/product"}],"wp:attachment":[{"href":"https:\/\/www.pricetornado.com\/da\/wp-json\/wp\/v2\/media?parent=445813"}],"wp:term":[{"taxonomy":"store","embeddable":true,"href":"https:\/\/www.pricetornado.com\/da\/wp-json\/wp\/v2\/store?post=445813"},{"taxonomy":"product_brand","embeddable":true,"href":"https:\/\/www.pricetornado.com\/da\/wp-json\/wp\/v2\/product_brand?post=445813"},{"taxonomy":"product_cat","embeddable":true,"href":"https:\/\/www.pricetornado.com\/da\/wp-json\/wp\/v2\/product_cat?post=445813"},{"taxonomy":"product_tag","embeddable":true,"href":"https:\/\/www.pricetornado.com\/da\/wp-json\/wp\/v2\/product_tag?post=445813"}],"curies":[{"name":"wp","href":"https:\/\/api.w.org\/{rel}","templated":true}]}}