{"id":445812,"date":"2025-02-23T11:52:10","date_gmt":"2025-02-23T10:52:10","guid":{"rendered":"https:\/\/www.pricetornado.com\/da\/produkt\/philips-hue-ellipse-e27-paere\/"},"modified":"2026-04-16T11:10:13","modified_gmt":"2026-04-16T09:10:13","slug":"philips-hue-ellipse-e27-paere","status":"publish","type":"product","link":"https:\/\/www.pricetornado.com\/da\/produkt\/philips-hue-ellipse-e27-paere\/","title":{"rendered":"Philips Hue Ellipse &#8211; E27 p\u00e6re"},"content":{"rendered":"<p>K\u00f8b billig Philips Hue Ellipse &#8211; E27 p\u00e6re!<br \/>\nPhilips Hue Ellipse er en stilfuld, ellipseformet E27-p\u00e6re, der kombinerer intelligent belysning med moderne, \u00e6stetisk design. P\u00e6rens indvendige lysr\u00f8r og det blanke glaskabinet med reflekterende bel\u00e6gning sikrer en j\u00e6vn og farverig lysspredning, som let tilpasses dit hjem.Oplev friheden ved at v\u00e6lge mellem 16 millioner farver samt justerbart hvidt lys i farvetemperaturer fra 2000K til 6500K. Med Philips Hue-appen kan lysstyrken hurtigt d\u00e6mpes tr\u00e5dl\u00f8st via Bluetooth eller Zigbee. Styr lyset via app, v\u00e6gkontakt eller stemme \u2013 fuld stemmestyring kr\u00e6ver Hue Bridge og underst\u00f8tter Amazon Alexa, Google Assistant og Apple HomeKit.Lang levetid: Op til 25.000 timer (ca. 10 \u00e5r ved normal brug)P\u00e6ren modtager automatisk firmwareopdateringer tr\u00e5dl\u00f8st via Hue-appen eller Hue Bridge, s\u00e5 du altid har adgang til de nyeste funktioner. Den er kompatibel med b\u00e5de Bluetooth og Philips Hue Bridge, hvilket giver nem ops\u00e6tning og udvidede muligheder for smart home integration.Philips Hue Ellipse udm\u00e6rker sig med sit karakteristiske ellipseformede design og refleksbehandlede glas, som g\u00f8r den til et \u00e6stetisk og funktionelt valg i ethvert moderne hjem. produkter hos Butik24 og opgrader din bolig med intelligent og fleksibel belysning.<\/p>\n<p>Sammenlign priser p\u00e5 Philips Hue Ellipse &#8211; E27 p\u00e6re og k\u00f8b online til den billigste pris, samt p\u00e5 tilbud!\u00a0\u00a0Tjek den bedste pris, produkt beskrivelse, video, test, anmeldelser osv.<\/p>\n<p><strong>Brand: <\/strong>Philips Hue<br \/>\n<strong>EAN: <\/strong>8719514419278<br \/>\n<strong>Producentens varenr.:<\/strong> 8719514419278<\/p>\n<p><strong>P.S.<\/strong><br \/>\nTilmeld dig til &#8220;Opret Gratis Prisfald Alarm&#8221;, og bliv underrettet med det samme om prisfald p\u00e5 Philips Hue Ellipse &#8211; E27 p\u00e6re, og f\u00e5 den billigste pris!<\/p>\n<p>&nbsp;<\/p>\n<p>&nbsp;<\/p>\n","protected":false},"excerpt":{"rendered":"<p>K\u00f8b billig Philips Hue Ellipse &#8211; E27 p\u00e6re! Philips Hue Ellipse er en stilfuld, ellipseformet E27-p\u00e6re, der kombinerer intelligent belysning med moderne, \u00e6stetisk design. P\u00e6rens indvendige lysr\u00f8r og det blanke glaskabinet med reflekterende bel\u00e6gning sikrer en j\u00e6vn og farverig lysspredning, som let tilpasses dit hjem.Oplev friheden ved at v\u00e6lge mellem 16 millioner farver samt justerbart [&hellip;]<\/p>\n","protected":false},"featured_media":999980000004458120,"template":"","meta":[],"store":[1272516],"product_brand":[1272523],"product_cat":[1272407],"product_tag":[1272697,1272767],"class_list":{"0":"post-445812","1":"product","2":"type-product","3":"status-publish","4":"has-post-thumbnail","6":"store-butik24","7":"product_brand-philips-hue","8":"product_cat-belysning-2","9":"product_tag-belysning","10":"product_tag-philips-hue","11":"pa_maerke-philips-hue","13":"first","14":"instock","15":"product-type-external"},"_links":{"self":[{"href":"https:\/\/www.pricetornado.com\/da\/wp-json\/wp\/v2\/product\/445812","targetHints":{"allow":["GET"]}}],"collection":[{"href":"https:\/\/www.pricetornado.com\/da\/wp-json\/wp\/v2\/product"}],"about":[{"href":"https:\/\/www.pricetornado.com\/da\/wp-json\/wp\/v2\/types\/product"}],"wp:featuredmedia":[{"embeddable":true,"href":"https:\/\/www.pricetornado.com\/da\/wp-json\/"}],"wp:attachment":[{"href":"https:\/\/www.pricetornado.com\/da\/wp-json\/wp\/v2\/media?parent=445812"}],"wp:term":[{"taxonomy":"store","embeddable":true,"href":"https:\/\/www.pricetornado.com\/da\/wp-json\/wp\/v2\/store?post=445812"},{"taxonomy":"product_brand","embeddable":true,"href":"https:\/\/www.pricetornado.com\/da\/wp-json\/wp\/v2\/product_brand?post=445812"},{"taxonomy":"product_cat","embeddable":true,"href":"https:\/\/www.pricetornado.com\/da\/wp-json\/wp\/v2\/product_cat?post=445812"},{"taxonomy":"product_tag","embeddable":true,"href":"https:\/\/www.pricetornado.com\/da\/wp-json\/wp\/v2\/product_tag?post=445812"}],"curies":[{"name":"wp","href":"https:\/\/api.w.org\/{rel}","templated":true}]}}