{"id":445811,"date":"2025-02-25T14:25:19","date_gmt":"2025-02-25T13:25:19","guid":{"rendered":"https:\/\/www.pricetornado.com\/da\/produkt\/alecto-baby-heehee-chat-knap-der-goer-dit-toejdyr-til-en-interaktiv-ven-heehee\/"},"modified":"2026-04-16T09:20:40","modified_gmt":"2026-04-16T07:20:40","slug":"alecto-baby-heehee-chat-knap-der-goer-dit-toejdyr-til-en-interaktiv-ven-heehee","status":"publish","type":"product","link":"https:\/\/www.pricetornado.com\/da\/produkt\/alecto-baby-heehee-chat-knap-der-goer-dit-toejdyr-til-en-interaktiv-ven-heehee\/","title":{"rendered":"Alecto &#8211; Baby HeeHee &#8211; Chat-knap, der g\u00f8r dit t\u00f8jdyr til en interaktiv ven &#8211; HEEHEE"},"content":{"rendered":"<p>K\u00f8b billig Alecto &#8211; Baby HeeHee &#8211; Chat-knap, der g\u00f8r dit t\u00f8jdyr til en interaktiv ven &#8211; HEEHEE!<br \/>\nForvandl dit barns t\u00f8jdyr til en legende og l\u00e6rerig ven med Alecto Baby HeeHee. Denne kompakte, tr\u00e5dl\u00f8se og genopladelige Bluetooth-h\u00f8jttaler kan monteres direkte p\u00e5 t\u00f8jdyr, s\u00e5 barnet kan tale og interagere via sit yndlingst\u00f8j. Med den intuitive HeeHee-app bliver det muligt at sende sms&apos;er, stemmenachatte, afspille godnathistorier og give barnet f\u00f8lelsen af, at t\u00f8jdyret taler med sin egen sjove stemme. T\u00f8jdyr l\u00e6ser automatisk tekstbeskeder h\u00f8jt p\u00e5 flere sprog med en s\u00f8d stemme. Snak direkte med dit barn via t\u00f8jdyr og v\u00e6lg eller juster stemmen fra appen for en unik karakter. T\u00f8jdyr gentager alt, hvad der bliver sagt, med deres egen stemme. F\u00e5 push-beskeder eller automatisk start af vuggeviser, hvis der registreres lyd eller gr\u00e5d. Spil indbyggede melodier eller dine egne optagelser og sammens\u00e6t personlige playlister til barnet. Underst\u00f8tter dansk, norsk, svensk, hollandsk, engelsk, tysk, fransk og spansk.HeeHee er fremstillet af 100 % bionedbrydelige materialer samt st\u00e6nkt\u00e6t (IPX4) og 100 % BPA-fri. St\u00f8rrelse og design minimerer risiko for fejlsynkning, og den leveres med tre silikoneovertr\u00e6k (firkl\u00f8ver, blomst og sol) samt et velcrolukningssystem, der sikrer nem og sikker montering. Velcro kan om n\u00f8dvendigt sys fast p\u00e5 t\u00f8jdyr for ekstra holdbarhed.Den indbyggede, genopladelige lithiumbatteri giver op til 7 timers brug p\u00e5 \u00e9n opladning. Opladning sker nemt via USB-C, og automatisk slukning efter 30 minutter uden aktivitet sparer str\u00f8m. HeeHee har on\/off-knap, indikator for batteristatus og lavt batteriniveau samt ud-af-r\u00e6kkevidde-advarsel for ekstra tryghed.Med Bluetooth 5.3-teknologi f\u00e5r du tr\u00e5dl\u00f8s tovejskommunikation med en r\u00e6kkevidde op til 10 meter indend\u00f8rs og op til 30 meter udend\u00f8rs. HeeHee betjenes let via den gratis app til Android og iOS, hvorfra alle funktioner kan styres og tilpasses.Alecto Baby HeeHee er egnet til b\u00f8rn fra f\u00f8dslen og giver mulighed for tryg interaktion, l\u00e6ring og gl\u00e6de. Skab magiske stunder med et t\u00f8jdyr, der taler \u2013 bestil Alecto Baby HeeHee og oplev gl\u00e6den ved interaktiv leg, b\u00e6redygtighed og sikkerhed for hele familien.<\/p>\n<p>Sammenlign priser p\u00e5 Alecto &#8211; Baby HeeHee &#8211; Chat-knap, der g\u00f8r dit t\u00f8jdyr til en interaktiv ven &#8211; HEEHEE og k\u00f8b online til den billigste pris, samt p\u00e5 tilbud!\u00a0\u00a0Tjek den bedste pris, produkt beskrivelse, video, test, anmeldelser osv.<\/p>\n<p><strong>Brand: <\/strong>Alecto<br \/>\n<strong>EAN: <\/strong>8711902072843<br \/>\n<strong>Producentens varenr.:<\/strong> 8711902072843<\/p>\n<p><strong>P.S.<\/strong><br \/>\nTilmeld dig til &#8220;Opret Gratis Prisfald Alarm&#8221;, og bliv underrettet med det samme om prisfald p\u00e5 Alecto &#8211; Baby HeeHee &#8211; Chat-knap, der g\u00f8r dit t\u00f8jdyr til en interaktiv ven &#8211; HEEHEE, og f\u00e5 den billigste pris!<\/p>\n<p>&nbsp;<\/p>\n<p>&nbsp;<\/p>\n","protected":false},"excerpt":{"rendered":"<p>K\u00f8b billig Alecto &#8211; Baby HeeHee &#8211; Chat-knap, der g\u00f8r dit t\u00f8jdyr til en interaktiv ven &#8211; HEEHEE! Forvandl dit barns t\u00f8jdyr til en legende og l\u00e6rerig ven med Alecto Baby HeeHee. Denne kompakte, tr\u00e5dl\u00f8se og genopladelige Bluetooth-h\u00f8jttaler kan monteres direkte p\u00e5 t\u00f8jdyr, s\u00e5 barnet kan tale og interagere via sit yndlingst\u00f8j. Med den intuitive [&hellip;]<\/p>\n","protected":false},"featured_media":999980000004458110,"template":"","meta":[],"store":[1272516],"product_brand":[1272518],"product_cat":[1272426],"product_tag":[1275186,1272704],"class_list":{"0":"post-445811","1":"product","2":"type-product","3":"status-publish","4":"has-post-thumbnail","6":"store-butik24","7":"product_brand-alecto","8":"product_cat-hoejttalere","9":"product_tag-alecto","10":"product_tag-hoejttalere","11":"pa_maerke-alecto","13":"first","14":"instock","15":"product-type-external"},"_links":{"self":[{"href":"https:\/\/www.pricetornado.com\/da\/wp-json\/wp\/v2\/product\/445811","targetHints":{"allow":["GET"]}}],"collection":[{"href":"https:\/\/www.pricetornado.com\/da\/wp-json\/wp\/v2\/product"}],"about":[{"href":"https:\/\/www.pricetornado.com\/da\/wp-json\/wp\/v2\/types\/product"}],"wp:featuredmedia":[{"embeddable":true,"href":"https:\/\/www.pricetornado.com\/da\/wp-json\/"}],"wp:attachment":[{"href":"https:\/\/www.pricetornado.com\/da\/wp-json\/wp\/v2\/media?parent=445811"}],"wp:term":[{"taxonomy":"store","embeddable":true,"href":"https:\/\/www.pricetornado.com\/da\/wp-json\/wp\/v2\/store?post=445811"},{"taxonomy":"product_brand","embeddable":true,"href":"https:\/\/www.pricetornado.com\/da\/wp-json\/wp\/v2\/product_brand?post=445811"},{"taxonomy":"product_cat","embeddable":true,"href":"https:\/\/www.pricetornado.com\/da\/wp-json\/wp\/v2\/product_cat?post=445811"},{"taxonomy":"product_tag","embeddable":true,"href":"https:\/\/www.pricetornado.com\/da\/wp-json\/wp\/v2\/product_tag?post=445811"}],"curies":[{"name":"wp","href":"https:\/\/api.w.org\/{rel}","templated":true}]}}