{"id":445797,"date":"2025-02-22T14:37:33","date_gmt":"2025-02-22T13:37:33","guid":{"rendered":"https:\/\/www.pricetornado.com\/da\/produkt\/philips-ep2236-40-fuldautomatiske-espressomaskiner-series-2200\/"},"modified":"2026-04-17T09:20:16","modified_gmt":"2026-04-17T07:20:16","slug":"philips-ep2236-40-fuldautomatiske-espressomaskiner-series-2200","status":"publish","type":"product","link":"https:\/\/www.pricetornado.com\/da\/produkt\/philips-ep2236-40-fuldautomatiske-espressomaskiner-series-2200\/","title":{"rendered":"Philips EP2236\/40 Fuldautomatiske espressomaskiner Series 2200"},"content":{"rendered":"<p>K\u00f8b billig Philips EP2236\/40 Fuldautomatiske espressomaskiner Series 2200!<br \/>\nOplev baristakvalitet derhjemme med Philips EP2236\/40 fuldautomatiske espressomaskine. Bryg nemt tre l\u00e6kre, friskmalede kaffevarianter \u2013 espresso, klassisk kaffe og cappuccino \u2013 blot med et tryk p\u00e5 den intuitive touchsk\u00e6rm. Maskinen g\u00f8r det let at justere aromastyrke, kaffem\u00e6ngde, kv\u00e6rnniveau og temperatur, s\u00e5 hver kop kan tilpasses pr\u00e6cis dine pr\u00e6ferencer.LatteGo-systemet giver dig silkebl\u00f8dt m\u00e6lkeskum takket v\u00e6re det unikke, to-delte og r\u00f8rfri design, som forhindrer spr\u00f8jt og sikrer nem ops\u00e6tning. Reng\u00f8ringen klares p\u00e5 kun 15 sekunder \u2013 alle dele kan kommes direkte i opvaskemaskinen for maksimal bekvemmelighed.100 % keramiske kv\u00e6rne, som holder til over 20.000 kopper, giver ensartet og holdbar kv\u00e6rning af kaffeb\u00f8nnerne.Juster kv\u00e6rnniveauet i 12 trin og v\u00e6lg mellem tre aromastyrker og tre temperaturer via det brugervenlige touchscreen-display.Sikrer den perfekte temperatur, aroma og cremalag kop efter kop.Nem reng\u00f8ring med fuldt aftagelig bryggegruppe, som kan skylles under vandhanen.AquaClean-filteret muligg\u00f8r op til 5.000 kopper uden afkalkning ved at bl\u00f8dg\u00f8re vandet og reducere kalkaflejringer.Maskinens fremadrettede vandtank og kaffebeholdere minimerer spildrisiko under brug og p\u00e5fyldning.Philips EP2236\/40 har ECO-tilstand og energiklasse A for lavt str\u00f8mforbrug, og flere af maskinens komponenter best\u00e5r af over 95 % genanvendte materialer \u2013 et milj\u00f8venligt valg til den moderne husholdning.Maskinen har et moderne plastkabinet i s\u00f8lv og sort finish, der passer smukt ind i ethvert k\u00f8kkenmilj\u00f8 og kombinerer \u00e6stetik med praktiske funktioner.F\u00e5 nem adgang til dine kaffeoplevelser med Philips EP2236\/40 \u2013 en p\u00e5lidelig, brugervenlig og reng\u00f8ringsvenlig espressomaskine til alle kaffeelskere. Se hele udvalget af her.<\/p>\n<p>Sammenlign priser p\u00e5 Philips EP2236\/40 Fuldautomatiske espressomaskiner Series 2200 og k\u00f8b online til den billigste pris, samt p\u00e5 tilbud!\u00a0\u00a0Tjek den bedste pris, produkt beskrivelse, video, test, anmeldelser osv.<\/p>\n<p><strong>Brand: <\/strong>Philips<br \/>\n<strong>EAN: <\/strong>8710103915188<br \/>\n<strong>Producentens varenr.:<\/strong> 8710103915188<\/p>\n<p><strong>P.S.<\/strong><br \/>\nTilmeld dig til &#8220;Opret Gratis Prisfald Alarm&#8221;, og bliv underrettet med det samme om prisfald p\u00e5 Philips EP2236\/40 Fuldautomatiske espressomaskiner Series 2200, og f\u00e5 den billigste pris!<\/p>\n<p>&nbsp;<\/p>\n<p>&nbsp;<\/p>\n","protected":false},"excerpt":{"rendered":"<p>K\u00f8b billig Philips EP2236\/40 Fuldautomatiske espressomaskiner Series 2200! Oplev baristakvalitet derhjemme med Philips EP2236\/40 fuldautomatiske espressomaskine. Bryg nemt tre l\u00e6kre, friskmalede kaffevarianter \u2013 espresso, klassisk kaffe og cappuccino \u2013 blot med et tryk p\u00e5 den intuitive touchsk\u00e6rm. Maskinen g\u00f8r det let at justere aromastyrke, kaffem\u00e6ngde, kv\u00e6rnniveau og temperatur, s\u00e5 hver kop kan tilpasses pr\u00e6cis dine [&hellip;]<\/p>\n","protected":false},"featured_media":999980000004457970,"template":"","meta":[],"store":[1272516],"product_brand":[1272519],"product_cat":[855237],"product_tag":[1272770,1275180],"class_list":{"0":"post-445797","1":"product","2":"type-product","3":"status-publish","4":"has-post-thumbnail","6":"store-butik24","7":"product_brand-philips","8":"product_cat-kaffemaskiner","9":"product_tag-kaffemaskiner","10":"product_tag-philips","11":"pa_maerke-philips","13":"first","14":"instock","15":"product-type-external"},"_links":{"self":[{"href":"https:\/\/www.pricetornado.com\/da\/wp-json\/wp\/v2\/product\/445797","targetHints":{"allow":["GET"]}}],"collection":[{"href":"https:\/\/www.pricetornado.com\/da\/wp-json\/wp\/v2\/product"}],"about":[{"href":"https:\/\/www.pricetornado.com\/da\/wp-json\/wp\/v2\/types\/product"}],"wp:featuredmedia":[{"embeddable":true,"href":"https:\/\/www.pricetornado.com\/da\/wp-json\/"}],"wp:attachment":[{"href":"https:\/\/www.pricetornado.com\/da\/wp-json\/wp\/v2\/media?parent=445797"}],"wp:term":[{"taxonomy":"store","embeddable":true,"href":"https:\/\/www.pricetornado.com\/da\/wp-json\/wp\/v2\/store?post=445797"},{"taxonomy":"product_brand","embeddable":true,"href":"https:\/\/www.pricetornado.com\/da\/wp-json\/wp\/v2\/product_brand?post=445797"},{"taxonomy":"product_cat","embeddable":true,"href":"https:\/\/www.pricetornado.com\/da\/wp-json\/wp\/v2\/product_cat?post=445797"},{"taxonomy":"product_tag","embeddable":true,"href":"https:\/\/www.pricetornado.com\/da\/wp-json\/wp\/v2\/product_tag?post=445797"}],"curies":[{"name":"wp","href":"https:\/\/api.w.org\/{rel}","templated":true}]}}