{"id":445788,"date":"2025-02-20T18:35:33","date_gmt":"2025-02-20T17:35:33","guid":{"rendered":"https:\/\/www.pricetornado.com\/da\/produkt\/philips-hue-white-and-color-ambiance-play-lampe-udvidelsespakke-hvid\/"},"modified":"2026-05-01T04:10:29","modified_gmt":"2026-05-01T02:10:29","slug":"philips-hue-white-and-color-ambiance-play-lampe-udvidelsespakke-hvid","status":"publish","type":"product","link":"https:\/\/www.pricetornado.com\/da\/produkt\/philips-hue-white-and-color-ambiance-play-lampe-udvidelsespakke-hvid\/","title":{"rendered":"Philips Hue White and color ambiance Play lampe, udvidelsespakke &#8211; Hvid"},"content":{"rendered":"<p>K\u00f8b billig Philips Hue White and color ambiance Play lampe, udvidelsespakke &#8211; Hvid!<br \/>\nPhilips Hue Play udvidelsespakken er ideel for dig, der allerede har et Hue Play-system og \u00f8nsker at udvide din intelligente belysning. Pakken indeholder \u00e9n lysskinne, som nemt integreres med dine eksisterende Hue Play-lamper for at tilf\u00f8je ekstra liv og stemning til hjemmet. Oplev dynamiske lyseffekter og skab en levende atmosf\u00e6re med et hav af farver.Lysskinnen er kompakt og let (ca. 29 cm lang) og kan l\u00e6gges fladt, placeres st\u00e5ende p\u00e5 et m\u00f8bel eller monteres bag tv&apos;et med de medf\u00f8lgende klemmer og dobbeltkl\u00e6bende tape. Perfekt til stuen, underholdningsomr\u00e5der eller medierum \u2013 du bestemmer, hvordan lyset skal v\u00e6re en del af din indretning.Tilpas belysningen efter dit hum\u00f8r eller lejligheden med mere end 16 millioner farver og 50.000 nuancer af koldt til varmt hvidt lys (2000K\u20136500K). Skab specielle \u00f8jeblikke, stemningsfulde fester eller afslapning om aftenen, og styr alt via Philips Hue-appen eller en fysisk kontakt.Levetid p\u00e5 op til 25.000 timer for langvarig brugFlere Hue Play-lysskinner kan forbindes til \u00e9n enkelt str\u00f8mforsyning, hvilket minimerer kabelrod bag dit tv og frigiver stikkontakter. Pakken g\u00f8r det muligt at k\u00e6de op til 12 tilbeh\u00f8r sammen for fleksibel opbygning af din belysning.Fuld funktionalitet kr\u00e6ver Philips Hue Bridge, som \u00e5bner for styring via app p\u00e5 smartphone eller tablet (underst\u00f8tter Android 10.0+ og iOS 16+). Planl\u00e6g belysning, skab scener og effekter, og styr lyset med stemmen gennem Amazon Alexa, Apple HomeKit eller Google Home.Fordyb dig i din film, musik eller spil med intelligent lys, der f\u00f8lger dine \u00f8nsker. Philips Hue Play g\u00f8r det muligt at male v\u00e6gge med farver, g\u00f8re din hjemmebiograf mere stemningsfuld eller skabe behagelig belysning til hverdagens \u00f8jeblikke. Med udvidelsespakken kan du nemt tilf\u00f8je endnu mere kreativitet og komfort til dit Hue-system. og skab din egen unikke belysningsoplevelse.<\/p>\n<p>Sammenlign priser p\u00e5 Philips Hue White and color ambiance Play lampe, udvidelsespakke &#8211; Hvid og k\u00f8b online til den billigste pris, samt p\u00e5 tilbud!\u00a0\u00a0Tjek den bedste pris, produkt beskrivelse, video, test, anmeldelser osv.<\/p>\n<p><strong>Brand: <\/strong>Philips Hue<br \/>\n<strong>EAN: <\/strong>8718696170809<br \/>\n<strong>Producentens varenr.:<\/strong> 8718696170809<\/p>\n<p><strong>P.S.<\/strong><br \/>\nTilmeld dig til &#8220;Opret Gratis Prisfald Alarm&#8221;, og bliv underrettet med det samme om prisfald p\u00e5 Philips Hue White and color ambiance Play lampe, udvidelsespakke &#8211; Hvid, og f\u00e5 den billigste pris!<\/p>\n<p>&nbsp;<\/p>\n<p>&nbsp;<\/p>\n","protected":false},"excerpt":{"rendered":"<p>K\u00f8b billig Philips Hue White and color ambiance Play lampe, udvidelsespakke &#8211; Hvid! Philips Hue Play udvidelsespakken er ideel for dig, der allerede har et Hue Play-system og \u00f8nsker at udvide din intelligente belysning. Pakken indeholder \u00e9n lysskinne, som nemt integreres med dine eksisterende Hue Play-lamper for at tilf\u00f8je ekstra liv og stemning til hjemmet. [&hellip;]<\/p>\n","protected":false},"featured_media":999980000004457880,"template":"","meta":[],"store":[1272516],"product_brand":[1272523],"product_cat":[1272422],"product_tag":[1272767],"class_list":{"0":"post-445788","1":"product","2":"type-product","3":"status-publish","4":"has-post-thumbnail","6":"store-butik24","7":"product_brand-philips-hue","8":"product_cat-philips-hue","9":"product_tag-philips-hue","10":"pa_maerke-philips-hue","12":"first","13":"instock","14":"product-type-external"},"_links":{"self":[{"href":"https:\/\/www.pricetornado.com\/da\/wp-json\/wp\/v2\/product\/445788","targetHints":{"allow":["GET"]}}],"collection":[{"href":"https:\/\/www.pricetornado.com\/da\/wp-json\/wp\/v2\/product"}],"about":[{"href":"https:\/\/www.pricetornado.com\/da\/wp-json\/wp\/v2\/types\/product"}],"wp:featuredmedia":[{"embeddable":true,"href":"https:\/\/www.pricetornado.com\/da\/wp-json\/"}],"wp:attachment":[{"href":"https:\/\/www.pricetornado.com\/da\/wp-json\/wp\/v2\/media?parent=445788"}],"wp:term":[{"taxonomy":"store","embeddable":true,"href":"https:\/\/www.pricetornado.com\/da\/wp-json\/wp\/v2\/store?post=445788"},{"taxonomy":"product_brand","embeddable":true,"href":"https:\/\/www.pricetornado.com\/da\/wp-json\/wp\/v2\/product_brand?post=445788"},{"taxonomy":"product_cat","embeddable":true,"href":"https:\/\/www.pricetornado.com\/da\/wp-json\/wp\/v2\/product_cat?post=445788"},{"taxonomy":"product_tag","embeddable":true,"href":"https:\/\/www.pricetornado.com\/da\/wp-json\/wp\/v2\/product_tag?post=445788"}],"curies":[{"name":"wp","href":"https:\/\/api.w.org\/{rel}","templated":true}]}}