{"id":445785,"date":"2025-02-23T16:53:41","date_gmt":"2025-02-23T15:53:41","guid":{"rendered":"https:\/\/www.pricetornado.com\/da\/produkt\/philips-srp2018-10-replacement-universel-fjernbetjening\/"},"modified":"2026-04-17T08:50:11","modified_gmt":"2026-04-17T06:50:11","slug":"philips-srp2018-10-replacement-universel-fjernbetjening","status":"publish","type":"product","link":"https:\/\/www.pricetornado.com\/da\/produkt\/philips-srp2018-10-replacement-universel-fjernbetjening\/","title":{"rendered":"Philips SRP2018\/10 Replacement Universel fjernbetjening"},"content":{"rendered":"<p>K\u00f8b billig Philips SRP2018\/10 Replacement Universel fjernbetjening!<br \/>\nOplev fleksibilitet og bekvemmelighed med Philips SRP2018\/10 universalfjernbetjening. Denne 8-i-1 fjernbetjening kan erstatte op til otte forskellige enheder s\u00e5som TV, satellitboks, medieafspiller, Blu-ray\/DVD, soundbar, spilkonsol, Aux og meget mere. Den er nem at s\u00e6tte op ved hj\u00e6lp af det omfattende kodebibliotek eller ved at kopiere funktioner fra eksisterende fjernbetjeninger med den smarte indl\u00e6ringsfunktion.kompatibel med over 2.000 m\u00e6rker og 8.000 IR-koderUnderst\u00f8tter mere end 8.000 infrar\u00f8de koderKompatibel med over 2.000 popul\u00e6re m\u00e6rkerIndl\u00e6ringsfunktionen g\u00f8r det nemt at tilpasse fjernbetjeningen, s\u00e5 den matcher alle dine enheder perfekt. Med \u00e9t tryk kan du tilg\u00e5 dine foretrukne apps p\u00e5 TV&apos;et, og alle funktioner betjenes let takket v\u00e6re den intuitive knapgruppering. til dit hjem og elektronikbehov hos os.<\/p>\n<p>Sammenlign priser p\u00e5 Philips SRP2018\/10 Replacement Universel fjernbetjening og k\u00f8b online til den billigste pris, samt p\u00e5 tilbud!\u00a0\u00a0Tjek den bedste pris, produkt beskrivelse, video, test, anmeldelser osv.<\/p>\n<p><strong>Brand: <\/strong>Philips<br \/>\n<strong>EAN: <\/strong>4895185612386<br \/>\n<strong>Producentens varenr.:<\/strong> 4895185612386<\/p>\n<p><strong>P.S.<\/strong><br \/>\nTilmeld dig til &#8220;Opret Gratis Prisfald Alarm&#8221;, og bliv underrettet med det samme om prisfald p\u00e5 Philips SRP2018\/10 Replacement Universel fjernbetjening, og f\u00e5 den billigste pris!<\/p>\n<p>&nbsp;<\/p>\n<p>&nbsp;<\/p>\n","protected":false},"excerpt":{"rendered":"<p>K\u00f8b billig Philips SRP2018\/10 Replacement Universel fjernbetjening! Oplev fleksibilitet og bekvemmelighed med Philips SRP2018\/10 universalfjernbetjening. Denne 8-i-1 fjernbetjening kan erstatte op til otte forskellige enheder s\u00e5som TV, satellitboks, medieafspiller, Blu-ray\/DVD, soundbar, spilkonsol, Aux og meget mere. Den er nem at s\u00e6tte op ved hj\u00e6lp af det omfattende kodebibliotek eller ved at kopiere funktioner fra eksisterende [&hellip;]<\/p>\n","protected":false},"featured_media":999980000004457850,"template":"","meta":[],"store":[1272516],"product_brand":[1272519],"product_cat":[1272432],"product_tag":[1275180,1272789],"class_list":{"0":"post-445785","1":"product","2":"type-product","3":"status-publish","4":"has-post-thumbnail","6":"store-butik24","7":"product_brand-philips","8":"product_cat-tv-tilbehoer","9":"product_tag-philips","10":"product_tag-tv-tilbehoer","11":"pa_maerke-philips","13":"first","14":"instock","15":"product-type-external"},"_links":{"self":[{"href":"https:\/\/www.pricetornado.com\/da\/wp-json\/wp\/v2\/product\/445785","targetHints":{"allow":["GET"]}}],"collection":[{"href":"https:\/\/www.pricetornado.com\/da\/wp-json\/wp\/v2\/product"}],"about":[{"href":"https:\/\/www.pricetornado.com\/da\/wp-json\/wp\/v2\/types\/product"}],"wp:featuredmedia":[{"embeddable":true,"href":"https:\/\/www.pricetornado.com\/da\/wp-json\/"}],"wp:attachment":[{"href":"https:\/\/www.pricetornado.com\/da\/wp-json\/wp\/v2\/media?parent=445785"}],"wp:term":[{"taxonomy":"store","embeddable":true,"href":"https:\/\/www.pricetornado.com\/da\/wp-json\/wp\/v2\/store?post=445785"},{"taxonomy":"product_brand","embeddable":true,"href":"https:\/\/www.pricetornado.com\/da\/wp-json\/wp\/v2\/product_brand?post=445785"},{"taxonomy":"product_cat","embeddable":true,"href":"https:\/\/www.pricetornado.com\/da\/wp-json\/wp\/v2\/product_cat?post=445785"},{"taxonomy":"product_tag","embeddable":true,"href":"https:\/\/www.pricetornado.com\/da\/wp-json\/wp\/v2\/product_tag?post=445785"}],"curies":[{"name":"wp","href":"https:\/\/api.w.org\/{rel}","templated":true}]}}