{"id":445782,"date":"2025-02-21T18:27:53","date_gmt":"2025-02-21T17:27:53","guid":{"rendered":"https:\/\/www.pricetornado.com\/da\/produkt\/gastronoma-airfryer-og-pizzaovn-18-liter-2000-watt-15-programmer\/"},"modified":"2026-04-17T07:40:46","modified_gmt":"2026-04-17T05:40:46","slug":"gastronoma-airfryer-og-pizzaovn-18-liter-2000-watt-15-programmer","status":"publish","type":"product","link":"https:\/\/www.pricetornado.com\/da\/produkt\/gastronoma-airfryer-og-pizzaovn-18-liter-2000-watt-15-programmer\/","title":{"rendered":"Gastronoma Airfryer og Pizzaovn 18 liter &#8211; 2000 watt &#8211; 15 programmer"},"content":{"rendered":"<p>K\u00f8b billig Gastronoma Airfryer og Pizzaovn 18 liter &#8211; 2000 watt &#8211; 15 programmer!<br \/>\nOplev alsidigheden og effektiviteten i k\u00f8kkenet med Gastronoma, der forener funktionaliteten fra b\u00e5de airfryer og pizzaovn i \u00e9t stilfuldt og robust apparat. Det holdbare kabinet og varmeelement i rustfrit st\u00e5l sikrer lang levetid samt h\u00f8j modstandsdygtighed over for varme og korrosion. En 3-lags glasd\u00f8r giver effektiv varmeisolering og et sikkert overblik over madlavningen uden at du beh\u00f8ver \u00e5bne ovnen. Det elegante design passer let ind i ethvert k\u00f8kken.Med op til 19 specialprogrammer kan du let tilberede alt fra spr\u00f8de pommes frites til autentiske pizzaer \u2013 med programmer til airfrying, grill, bagning, opt\u00f8ning, dehydrering og fire specifikke pizzaindstillinger (frosne, friske, spr\u00f8de og tr\u00e6fyrede pizzaer). Den indbyggede konvektionsventilator sikrer en ensartet og j\u00e6vn varmefordeling, s\u00e5 dine retter f\u00e5r perfekte resultater hver gang. LED-displayet giver et klart overblik og nem justering af tid og temperatur med et temperaturomr\u00e5de fra 35\u00b0C til hele 400\u00b0C.Gastronoma har en rummelig kapacitet p\u00e5 18 liter, s\u00e5 der er plads til pizzaer op til 30,5 cm (12\u201d) samt mange andre retter. Den medf\u00f8lgende pizzasten sikrer en spr\u00f8d og autentisk pizzabund hver gang, og med h\u00f8jtemperaturprogrammer op til 400\u00b0C kan du b\u00e5de stege og gratinere. Den hurtige opvarmning med 2000W g\u00f8r tilberedningen energieffektiv og tidsbesparende sammenlignet med traditionelle ovne.Det solide kabinet og varmeelement i rustfrit st\u00e5l er konstrueret til lang tids brug og h\u00f8j sikkerhed. Den 3-lags varmebestandige glasd\u00f8r bidrager til optimal isolering og sikkerhed. Ovnen leveres med sikkerhedstilbeh\u00f8r s\u00e5som klemme og beskyttelseshandske, s\u00e5 du trygt kan h\u00e5ndtere b\u00e5de varme retter og tilbeh\u00f8r.Dette alsidige tilbeh\u00f8rss\u00e6t g\u00f8r det let at eksperimentere med snacks, k\u00f8d, gr\u00f8ntsager og autentisk pizza og sikrer optimale resultater hver gang.Den energieffektive konstruktion betyder hurtigere opvarmning, kortere tilberedningstid og lavere str\u00f8mforbrug. Gastronoma leveres desuden med en QR-kode, der giver dig adgang til opskrifter og tips, s\u00e5 du kan hente ekstra inspiration til din madlavning.Gastronoma airfryer og pizzaovn er det ideelle valg for dig, der \u00f8nsker et fleksibelt, holdbart og brugervenligt k\u00f8kkenapparat, der kan klare et v\u00e6ld af opgaver \u2013 uden at g\u00e5 p\u00e5 kompromis med kvalitet, sikkerhed eller ydeevne.<\/p>\n<p>Sammenlign priser p\u00e5 Gastronoma Airfryer og Pizzaovn 18 liter &#8211; 2000 watt &#8211; 15 programmer og k\u00f8b online til den billigste pris, samt p\u00e5 tilbud!\u00a0\u00a0Tjek den bedste pris, produkt beskrivelse, video, test, anmeldelser osv.<\/p>\n<p><strong>Brand: <\/strong>Gastronoma<br \/>\n<strong>EAN: <\/strong>8711902085515<br \/>\n<strong>Producentens varenr.:<\/strong> 8711902085515<\/p>\n<p><strong>P.S.<\/strong><br \/>\nTilmeld dig til &#8220;Opret Gratis Prisfald Alarm&#8221;, og bliv underrettet med det samme om prisfald p\u00e5 Gastronoma Airfryer og Pizzaovn 18 liter &#8211; 2000 watt &#8211; 15 programmer, og f\u00e5 den billigste pris!<\/p>\n<p>&nbsp;<\/p>\n<p>&nbsp;<\/p>\n","protected":false},"excerpt":{"rendered":"<p>K\u00f8b billig Gastronoma Airfryer og Pizzaovn 18 liter &#8211; 2000 watt &#8211; 15 programmer! Oplev alsidigheden og effektiviteten i k\u00f8kkenet med Gastronoma, der forener funktionaliteten fra b\u00e5de airfryer og pizzaovn i \u00e9t stilfuldt og robust apparat. Det holdbare kabinet og varmeelement i rustfrit st\u00e5l sikrer lang levetid samt h\u00f8j modstandsdygtighed over for varme og korrosion. [&hellip;]<\/p>\n","protected":false},"featured_media":999980000004457820,"template":"","meta":[],"store":[1272516],"product_brand":[1272524],"product_cat":[1272418],"product_tag":[1275185,1272757],"class_list":{"0":"post-445782","1":"product","2":"type-product","3":"status-publish","4":"has-post-thumbnail","6":"store-butik24","7":"product_brand-gastronoma","8":"product_cat-koekkenmaskiner","9":"product_tag-gastronoma","10":"product_tag-koekkenmaskiner","11":"pa_maerke-gastronoma","13":"first","14":"instock","15":"product-type-external"},"_links":{"self":[{"href":"https:\/\/www.pricetornado.com\/da\/wp-json\/wp\/v2\/product\/445782","targetHints":{"allow":["GET"]}}],"collection":[{"href":"https:\/\/www.pricetornado.com\/da\/wp-json\/wp\/v2\/product"}],"about":[{"href":"https:\/\/www.pricetornado.com\/da\/wp-json\/wp\/v2\/types\/product"}],"wp:featuredmedia":[{"embeddable":true,"href":"https:\/\/www.pricetornado.com\/da\/wp-json\/"}],"wp:attachment":[{"href":"https:\/\/www.pricetornado.com\/da\/wp-json\/wp\/v2\/media?parent=445782"}],"wp:term":[{"taxonomy":"store","embeddable":true,"href":"https:\/\/www.pricetornado.com\/da\/wp-json\/wp\/v2\/store?post=445782"},{"taxonomy":"product_brand","embeddable":true,"href":"https:\/\/www.pricetornado.com\/da\/wp-json\/wp\/v2\/product_brand?post=445782"},{"taxonomy":"product_cat","embeddable":true,"href":"https:\/\/www.pricetornado.com\/da\/wp-json\/wp\/v2\/product_cat?post=445782"},{"taxonomy":"product_tag","embeddable":true,"href":"https:\/\/www.pricetornado.com\/da\/wp-json\/wp\/v2\/product_tag?post=445782"}],"curies":[{"name":"wp","href":"https:\/\/api.w.org\/{rel}","templated":true}]}}