{"id":445780,"date":"2025-02-24T19:55:43","date_gmt":"2025-02-24T18:55:43","guid":{"rendered":"https:\/\/www.pricetornado.com\/da\/produkt\/scanpan-kartoffelmoser-28-cm-classic\/"},"modified":"2026-04-17T07:40:47","modified_gmt":"2026-04-17T05:40:47","slug":"scanpan-kartoffelmoser-28-cm-classic","status":"publish","type":"product","link":"https:\/\/www.pricetornado.com\/da\/produkt\/scanpan-kartoffelmoser-28-cm-classic\/","title":{"rendered":"Scanpan Kartoffelmoser 28 cm &#8211; Classic"},"content":{"rendered":"<p>K\u00f8b billig Scanpan Kartoffelmoser 28 cm &#8211; Classic!<br \/>\nDenne kartoffelmoser er en del af Scanpans Classic-serie og er designet i b\u00f8rstet st\u00e5l med sort h\u00e5ndtag for et klassisk og tidl\u00f8st udtryk i k\u00f8kkenet. K\u00f8kkenredskabet er ideelt til de fleste opgaver i k\u00f8kkenet og g\u00f8r det nemt og effektivt at lave kartoffelmos.Kartoffelmoseren er fremstillet i robuste materialer og leveres med to valgmuligheder: enten hoved i st\u00e5l eller silikone. Silikonehovedet t\u00e5ler varme op til 230\u00b0C, hvilket g\u00f8r det meget anvendeligt i det moderne k\u00f8kken. H\u00e5ndtaget er ergonomisk udformet i sort bakelit for et sikkert greb, og konstruktionen sikrer lang levetid uden at l\u00f8sne sig over tid. Produktionen anvender genanvendt aluminium, hvilket g\u00f8r produktet mere b\u00e6redygtigt.T\u00e5ler opvaskemaskine for nem reng\u00f8ring.Ergonomisk, varmebestandigt h\u00e5ndtag for komfort og sikkerhed.Mulighed for valg mellem st\u00e5l- eller silikonehoved afh\u00e6ngigt af behov \u2013 silikone t\u00e5ler op til 230\u00b0C. og find alt, hvad du beh\u00f8ver til et funktionelt og stilfuldt k\u00f8kken.<\/p>\n<p>Sammenlign priser p\u00e5 Scanpan Kartoffelmoser 28 cm &#8211; Classic og k\u00f8b online til den billigste pris, samt p\u00e5 tilbud!\u00a0\u00a0Tjek den bedste pris, produkt beskrivelse, video, test, anmeldelser osv.<\/p>\n<p><strong>Brand: <\/strong>Scanpan<br \/>\n<strong>EAN: <\/strong>083421180100<br \/>\n<strong>Producentens varenr.:<\/strong> 083421180100<\/p>\n<p><strong>P.S.<\/strong><br \/>\nTilmeld dig til &#8220;Opret Gratis Prisfald Alarm&#8221;, og bliv underrettet med det samme om prisfald p\u00e5 Scanpan Kartoffelmoser 28 cm &#8211; Classic, og f\u00e5 den billigste pris!<\/p>\n<p>&nbsp;<\/p>\n<p>&nbsp;<\/p>\n","protected":false},"excerpt":{"rendered":"<p>K\u00f8b billig Scanpan Kartoffelmoser 28 cm &#8211; Classic! Denne kartoffelmoser er en del af Scanpans Classic-serie og er designet i b\u00f8rstet st\u00e5l med sort h\u00e5ndtag for et klassisk og tidl\u00f8st udtryk i k\u00f8kkenet. K\u00f8kkenredskabet er ideelt til de fleste opgaver i k\u00f8kkenet og g\u00f8r det nemt og effektivt at lave kartoffelmos.Kartoffelmoseren er fremstillet i robuste [&hellip;]<\/p>\n","protected":false},"featured_media":999980000004457800,"template":"","meta":[],"store":[1272516],"product_brand":[1272521],"product_cat":[1272410],"product_tag":[1272681,1275184],"class_list":{"0":"post-445780","1":"product","2":"type-product","3":"status-publish","4":"has-post-thumbnail","6":"store-butik24","7":"product_brand-scanpan","8":"product_cat-koekkengrej","9":"product_tag-koekkengrej","10":"product_tag-scanpan","11":"pa_maerke-scanpan","13":"first","14":"instock","15":"product-type-external"},"_links":{"self":[{"href":"https:\/\/www.pricetornado.com\/da\/wp-json\/wp\/v2\/product\/445780","targetHints":{"allow":["GET"]}}],"collection":[{"href":"https:\/\/www.pricetornado.com\/da\/wp-json\/wp\/v2\/product"}],"about":[{"href":"https:\/\/www.pricetornado.com\/da\/wp-json\/wp\/v2\/types\/product"}],"wp:featuredmedia":[{"embeddable":true,"href":"https:\/\/www.pricetornado.com\/da\/wp-json\/"}],"wp:attachment":[{"href":"https:\/\/www.pricetornado.com\/da\/wp-json\/wp\/v2\/media?parent=445780"}],"wp:term":[{"taxonomy":"store","embeddable":true,"href":"https:\/\/www.pricetornado.com\/da\/wp-json\/wp\/v2\/store?post=445780"},{"taxonomy":"product_brand","embeddable":true,"href":"https:\/\/www.pricetornado.com\/da\/wp-json\/wp\/v2\/product_brand?post=445780"},{"taxonomy":"product_cat","embeddable":true,"href":"https:\/\/www.pricetornado.com\/da\/wp-json\/wp\/v2\/product_cat?post=445780"},{"taxonomy":"product_tag","embeddable":true,"href":"https:\/\/www.pricetornado.com\/da\/wp-json\/wp\/v2\/product_tag?post=445780"}],"curies":[{"name":"wp","href":"https:\/\/api.w.org\/{rel}","templated":true}]}}