{"id":445755,"date":"2025-02-21T00:22:37","date_gmt":"2025-02-20T23:22:37","guid":{"rendered":"https:\/\/www.pricetornado.com\/da\/produkt\/alecto-soevntraener-natlampe-og-vaekkeur-kanin-bc100bunny\/"},"modified":"2026-04-17T02:00:33","modified_gmt":"2026-04-17T00:00:33","slug":"alecto-soevntraener-natlampe-og-vaekkeur-kanin-bc100bunny","status":"publish","type":"product","link":"https:\/\/www.pricetornado.com\/da\/produkt\/alecto-soevntraener-natlampe-og-vaekkeur-kanin-bc100bunny\/","title":{"rendered":"Alecto &#8211; S\u00f8vntr\u00e6ner natlampe og v\u00e6kkeur kanin &#8211; BC100BUNNY"},"content":{"rendered":"<p>K\u00f8b billig Alecto &#8211; S\u00f8vntr\u00e6ner natlampe og v\u00e6kkeur kanin &#8211; BC100BUNNY!<br \/>\nAlecto BC100BUNNY er en s\u00f8vntr\u00e6ner, natlampe og v\u00e6kkeur i \u00e9n, der g\u00f8r det nemmere for b\u00f8rn at forst\u00e5 forskellen p\u00e5 dag og nat. Mange b\u00f8rn v\u00e5gner tidligt og tror, at det er tid til at st\u00e5 op, selvom de burde sove lidt l\u00e6ngere. Med tydelige farvesignaler hj\u00e6lper denne s\u00f8vntr\u00e6ner b\u00f8rn med at udvikle en sund s\u00f8vnrytme og bedre fornemmelse for tid \u2013 ogs\u00e5 selvom de endnu ikke kan klokken.Som for\u00e6lder indstiller du nemt v\u00e6kketidspunktet direkte p\u00e5 s\u00f8vntr\u00e6neren. Om natten lyser displayet bl\u00e5t med en m\u00e5ne, hvilket betyder at barnet fortsat skal blive i sengen. N\u00e5r det er tid til at st\u00e5 op, skifter sk\u00e6rmen til orange med et solsikon som klar indikator p\u00e5, at morgenen er begyndt. B\u00f8rn l\u00e6rer hurtigt, hvad de forskellige farver betyder og tilpasser sig nye rutiner p\u00e5 en tryg og overskuelig m\u00e5de.Kompakt og let design (ca. 14 x 11,8 x 3,6 cm, v\u00e6gt ca. 0,24 kg) \u2013 nemt at placere i b\u00f8rnev\u00e6relsetAlecto BC100BUNNY er fremstillet i holdbart plast, s\u00e5 den t\u00e5ler daglig brug p\u00e5 b\u00f8rnev\u00e6relset. Det indbyggede lithiumbatteri er ikke udskifteligt. For at sikre maksimal sikkerhed b\u00f8r produktet ikke uds\u00e6ttes for ekstreme temperaturer eller mekaniske skader, da dette kan medf\u00f8re beskadigelse af batteriet. En lav batteri indikator hj\u00e6lper med at sikre, at apparatet altid er klar til brug.Med Alecto BC100BUNNY f\u00e5r du et gennemt\u00e6nkt, brugervenligt og sikkert produkt fra en markedsleder inden for babyudstyr. S\u00f8vntr\u00e6neren hj\u00e6lper dit barn til en sundere s\u00f8vnrytme, giver mere ro om natten og g\u00f8r hverdagen lettere for hele familien.Giv dit barn en tryg start p\u00e5 dagen og en god nats s\u00f8vn \u2013 v\u00e6lg Alecto BC100BUNNY s\u00f8vntr\u00e6ner og natlampe.<\/p>\n<p>Sammenlign priser p\u00e5 Alecto &#8211; S\u00f8vntr\u00e6ner natlampe og v\u00e6kkeur kanin &#8211; BC100BUNNY og k\u00f8b online til den billigste pris, samt p\u00e5 tilbud!\u00a0\u00a0Tjek den bedste pris, produkt beskrivelse, video, test, anmeldelser osv.<\/p>\n<p><strong>Brand: <\/strong>Alecto<br \/>\n<strong>EAN: <\/strong>8712412592647<br \/>\n<strong>Producentens varenr.:<\/strong> 8712412592647<\/p>\n<p><strong>P.S.<\/strong><br \/>\nTilmeld dig til &#8220;Opret Gratis Prisfald Alarm&#8221;, og bliv underrettet med det samme om prisfald p\u00e5 Alecto &#8211; S\u00f8vntr\u00e6ner natlampe og v\u00e6kkeur kanin &#8211; BC100BUNNY, og f\u00e5 den billigste pris!<\/p>\n<p>&nbsp;<\/p>\n<p>&nbsp;<\/p>\n","protected":false},"excerpt":{"rendered":"<p>K\u00f8b billig Alecto &#8211; S\u00f8vntr\u00e6ner natlampe og v\u00e6kkeur kanin &#8211; BC100BUNNY! Alecto BC100BUNNY er en s\u00f8vntr\u00e6ner, natlampe og v\u00e6kkeur i \u00e9n, der g\u00f8r det nemmere for b\u00f8rn at forst\u00e5 forskellen p\u00e5 dag og nat. Mange b\u00f8rn v\u00e5gner tidligt og tror, at det er tid til at st\u00e5 op, selvom de burde sove lidt l\u00e6ngere. Med [&hellip;]<\/p>\n","protected":false},"featured_media":999980000004457550,"template":"","meta":[],"store":[1272516],"product_brand":[1272518],"product_cat":[1272510],"product_tag":[1275186,1272728],"class_list":{"0":"post-445755","1":"product","2":"type-product","3":"status-publish","4":"has-post-thumbnail","6":"store-butik24","7":"product_brand-alecto","8":"product_cat-babypleje","9":"product_tag-alecto","10":"product_tag-babypleje","11":"pa_maerke-alecto","13":"first","14":"instock","15":"product-type-external"},"_links":{"self":[{"href":"https:\/\/www.pricetornado.com\/da\/wp-json\/wp\/v2\/product\/445755","targetHints":{"allow":["GET"]}}],"collection":[{"href":"https:\/\/www.pricetornado.com\/da\/wp-json\/wp\/v2\/product"}],"about":[{"href":"https:\/\/www.pricetornado.com\/da\/wp-json\/wp\/v2\/types\/product"}],"wp:featuredmedia":[{"embeddable":true,"href":"https:\/\/www.pricetornado.com\/da\/wp-json\/"}],"wp:attachment":[{"href":"https:\/\/www.pricetornado.com\/da\/wp-json\/wp\/v2\/media?parent=445755"}],"wp:term":[{"taxonomy":"store","embeddable":true,"href":"https:\/\/www.pricetornado.com\/da\/wp-json\/wp\/v2\/store?post=445755"},{"taxonomy":"product_brand","embeddable":true,"href":"https:\/\/www.pricetornado.com\/da\/wp-json\/wp\/v2\/product_brand?post=445755"},{"taxonomy":"product_cat","embeddable":true,"href":"https:\/\/www.pricetornado.com\/da\/wp-json\/wp\/v2\/product_cat?post=445755"},{"taxonomy":"product_tag","embeddable":true,"href":"https:\/\/www.pricetornado.com\/da\/wp-json\/wp\/v2\/product_tag?post=445755"}],"curies":[{"name":"wp","href":"https:\/\/api.w.org\/{rel}","templated":true}]}}