{"id":445749,"date":"2025-02-24T14:48:42","date_gmt":"2025-02-24T13:48:42","guid":{"rendered":"https:\/\/www.pricetornado.com\/da\/produkt\/nedis-vccs250gy-ledningsfri-2-i-1-haand-og-stangstoevsuger-orange-sort\/"},"modified":"2026-04-16T09:50:42","modified_gmt":"2026-04-16T07:50:42","slug":"nedis-vccs250gy-ledningsfri-2-i-1-haand-og-stangstoevsuger-orange-sort","status":"publish","type":"product","link":"https:\/\/www.pricetornado.com\/da\/produkt\/nedis-vccs250gy-ledningsfri-2-i-1-haand-og-stangstoevsuger-orange-sort\/","title":{"rendered":"Nedis VCCS250GY ledningsfri 2-i-1 h\u00e5nd- og stangst\u00f8vsuger | Orange\/Sort"},"content":{"rendered":"<p>K\u00f8b billig Nedis VCCS250GY ledningsfri 2-i-1 h\u00e5nd- og stangst\u00f8vsuger | Orange\/Sort!<br \/>\nOplev frihed og fleksibilitet med Nedis ledningsfri 2-i-1 h\u00e5nd- og stangst\u00f8vsuger. Den kraftfulde 130 watt motor leverer effektiv sugestyrke, s\u00e5 du kan reng\u00f8re hele hjemmet grundigt og hurtigt \u2013 helt uden b\u00f8vlet med ledninger. Med op til 40 minutters kontinuerlig brug p\u00e5 en opladning har du masser af tid til at klare alle rum uden hyppig genopladning.St\u00f8vsugeren kan nemt omdannes til en h\u00e5ndholdt model, hvilket g\u00f8r den yderst alsidig \u2013 perfekt til b\u00e5de gulve, m\u00f8bler og trange omr\u00e5der. Takket v\u00e6re letv\u00e6gtsdesignet, hvor materialer som ABS-plast typisk sikrer robusthed og komfort, f\u00e5r du maksimal kontrol og nem h\u00e5ndtering. Et komfortabelt h\u00e5ndtag og lige r\u00f8r \u00f8ger brugervenligheden yderligere.St\u00f8vsugeren kommer med en v\u00e6gmonteret ladestation, s\u00e5 du kan oplade den praktisk og holde den klar til brug. Batteriet er desuden aftageligt og kan oplades separat for endnu mere fleksibilitet. Et alt-i-\u00e9t LED-display g\u00f8r det nemt at overv\u00e5ge effektniveau, tilstand og advarer, hvis b\u00f8rsten bliver blokeret.Med et vaskbart Clean Air Dust Cup H10-filter f\u00e5r du f\u00f8rsteklasses filtrering, der sikrer god luftkvalitet ved hver reng\u00f8ring. Det multicykloniske filtreringssystem forbedrer reng\u00f8ringseffektiviteten, og den rummelige 1,0 liters st\u00f8vbeholder kan nemt t\u00f8mmes takket v\u00e6re en reng\u00f8ringsfunktion med \u00e9t klik.Kombi-gulvmundstykket er udviklet til b\u00e5de t\u00e6pper og h\u00e5rde gulve og giver gode reng\u00f8ringsresultater med st\u00f8jsvag opsamling. Integrerede LED-lys p\u00e5 gulvb\u00f8rsten hj\u00e6lper dig med at finde st\u00f8v og snavs i selv de m\u00f8rkeste hj\u00f8rner. Med det medf\u00f8lgende 2-i-1 spaltemundstykke og den bl\u00f8de afst\u00f8vb\u00f8rste f\u00e5r du mulighed for effektiv reng\u00f8ring i smalle og f\u00f8lsomme omr\u00e5der.<\/p>\n<p>Sammenlign priser p\u00e5 Nedis VCCS250GY ledningsfri 2-i-1 h\u00e5nd- og stangst\u00f8vsuger | Orange\/Sort og k\u00f8b online til den billigste pris, samt p\u00e5 tilbud!\u00a0\u00a0Tjek den bedste pris, produkt beskrivelse, video, test, anmeldelser osv.<\/p>\n<p><strong>Brand: <\/strong>Nedis<br \/>\n<strong>EAN: <\/strong>5412810455645<br \/>\n<strong>Producentens varenr.:<\/strong> 5412810455645<\/p>\n<p><strong>P.S.<\/strong><br \/>\nTilmeld dig til &#8220;Opret Gratis Prisfald Alarm&#8221;, og bliv underrettet med det samme om prisfald p\u00e5 Nedis VCCS250GY ledningsfri 2-i-1 h\u00e5nd- og stangst\u00f8vsuger | Orange\/Sort, og f\u00e5 den billigste pris!<\/p>\n<p>&nbsp;<\/p>\n<p>&nbsp;<\/p>\n","protected":false},"excerpt":{"rendered":"<p>K\u00f8b billig Nedis VCCS250GY ledningsfri 2-i-1 h\u00e5nd- og stangst\u00f8vsuger | Orange\/Sort! Oplev frihed og fleksibilitet med Nedis ledningsfri 2-i-1 h\u00e5nd- og stangst\u00f8vsuger. Den kraftfulde 130 watt motor leverer effektiv sugestyrke, s\u00e5 du kan reng\u00f8re hele hjemmet grundigt og hurtigt \u2013 helt uden b\u00f8vlet med ledninger. Med op til 40 minutters kontinuerlig brug p\u00e5 en opladning [&hellip;]<\/p>\n","protected":false},"featured_media":999980000004457490,"template":"","meta":[],"store":[1272516],"product_brand":[1272517],"product_cat":[1272411],"product_tag":[1275178,1272720],"class_list":{"0":"post-445749","1":"product","2":"type-product","3":"status-publish","4":"has-post-thumbnail","6":"store-butik24","7":"product_brand-nedis","8":"product_cat-stoevsugere","9":"product_tag-nedis","10":"product_tag-stoevsugere","11":"pa_maerke-nedis","13":"first","14":"instock","15":"product-type-external"},"_links":{"self":[{"href":"https:\/\/www.pricetornado.com\/da\/wp-json\/wp\/v2\/product\/445749","targetHints":{"allow":["GET"]}}],"collection":[{"href":"https:\/\/www.pricetornado.com\/da\/wp-json\/wp\/v2\/product"}],"about":[{"href":"https:\/\/www.pricetornado.com\/da\/wp-json\/wp\/v2\/types\/product"}],"wp:featuredmedia":[{"embeddable":true,"href":"https:\/\/www.pricetornado.com\/da\/wp-json\/"}],"wp:attachment":[{"href":"https:\/\/www.pricetornado.com\/da\/wp-json\/wp\/v2\/media?parent=445749"}],"wp:term":[{"taxonomy":"store","embeddable":true,"href":"https:\/\/www.pricetornado.com\/da\/wp-json\/wp\/v2\/store?post=445749"},{"taxonomy":"product_brand","embeddable":true,"href":"https:\/\/www.pricetornado.com\/da\/wp-json\/wp\/v2\/product_brand?post=445749"},{"taxonomy":"product_cat","embeddable":true,"href":"https:\/\/www.pricetornado.com\/da\/wp-json\/wp\/v2\/product_cat?post=445749"},{"taxonomy":"product_tag","embeddable":true,"href":"https:\/\/www.pricetornado.com\/da\/wp-json\/wp\/v2\/product_tag?post=445749"}],"curies":[{"name":"wp","href":"https:\/\/api.w.org\/{rel}","templated":true}]}}