{"id":445746,"date":"2025-02-21T01:33:41","date_gmt":"2025-02-21T00:33:41","guid":{"rendered":"https:\/\/www.pricetornado.com\/da\/produkt\/kylis-wa-max-25w-bl-hv-06\/"},"modified":"2026-04-17T09:10:31","modified_gmt":"2026-04-17T07:10:31","slug":"kylis-wa-max-25w-bl-hv-06","status":"publish","type":"product","link":"https:\/\/www.pricetornado.com\/da\/produkt\/kylis-wa-max-25w-bl-hv-06\/","title":{"rendered":"Kylis WA Max 25W BL HV 06"},"content":{"rendered":"<p>K\u00f8b billig Kylis WA Max 25W BL HV 06!<br \/>\nDenne udend\u00f8rs lampe er designet efter de nyeste trends for at definere den stemning, du altid har \u00f8nsket dig. Med sit stilrene udseende passer lampen perfekt til haven, terrassen eller indk\u00f8rslen og tilf\u00f8jer b\u00e5de funktionalitet og atmosf\u00e6re til dine udend\u00f8rsomr\u00e5der.Selvom de pr\u00e6cise materialer ikke er specificeret, er denne udend\u00f8rslampe fremstillet med fokus p\u00e5 holdbarhed og vejrbestandighed, hvilket kendetegner Philips\u2019 udend\u00f8rsbelysning. Denne robusthed sikrer, at lampen holder og fungerer p\u00e5lideligt i al slags vejr.Lampen er kompatibel med GU10-p\u00e6rer, hvilket giver dig frihed til at v\u00e6lge din foretrukne p\u00e6retype og mulighed for energibesparelse, afh\u00e6ngigt af den valgte lyskilde.Opgrader dine udend\u00f8rsarealer med denne moderne udend\u00f8rslampe og opn\u00e5 det \u00f8nskede look og funktionalitet. Se flere muligheder i vores sortiment og find det perfekte match til dit hjem.<\/p>\n<p>Sammenlign priser p\u00e5 Kylis WA Max 25W BL HV 06 og k\u00f8b online til den billigste pris, samt p\u00e5 tilbud!\u00a0\u00a0Tjek den bedste pris, produkt beskrivelse, video, test, anmeldelser osv.<\/p>\n<p><strong>Brand: <\/strong>Philips<br \/>\n<strong>EAN: <\/strong>8720169266551<br \/>\n<strong>Producentens varenr.:<\/strong> 8720169266551<\/p>\n<p><strong>P.S.<\/strong><br \/>\nTilmeld dig til &#8220;Opret Gratis Prisfald Alarm&#8221;, og bliv underrettet med det samme om prisfald p\u00e5 Kylis WA Max 25W BL HV 06, og f\u00e5 den billigste pris!<\/p>\n<p>&nbsp;<\/p>\n<p>&nbsp;<\/p>\n","protected":false},"excerpt":{"rendered":"<p>K\u00f8b billig Kylis WA Max 25W BL HV 06! Denne udend\u00f8rs lampe er designet efter de nyeste trends for at definere den stemning, du altid har \u00f8nsket dig. Med sit stilrene udseende passer lampen perfekt til haven, terrassen eller indk\u00f8rslen og tilf\u00f8jer b\u00e5de funktionalitet og atmosf\u00e6re til dine udend\u00f8rsomr\u00e5der.Selvom de pr\u00e6cise materialer ikke er specificeret, [&hellip;]<\/p>\n","protected":false},"featured_media":999980000004457460,"template":"","meta":[],"store":[1272516],"product_brand":[1272519],"product_cat":[1272407],"product_tag":[1272697,1275180],"class_list":{"0":"post-445746","1":"product","2":"type-product","3":"status-publish","4":"has-post-thumbnail","6":"store-butik24","7":"product_brand-philips","8":"product_cat-belysning-2","9":"product_tag-belysning","10":"product_tag-philips","11":"pa_maerke-philips","13":"first","14":"instock","15":"product-type-external"},"_links":{"self":[{"href":"https:\/\/www.pricetornado.com\/da\/wp-json\/wp\/v2\/product\/445746","targetHints":{"allow":["GET"]}}],"collection":[{"href":"https:\/\/www.pricetornado.com\/da\/wp-json\/wp\/v2\/product"}],"about":[{"href":"https:\/\/www.pricetornado.com\/da\/wp-json\/wp\/v2\/types\/product"}],"wp:featuredmedia":[{"embeddable":true,"href":"https:\/\/www.pricetornado.com\/da\/wp-json\/"}],"wp:attachment":[{"href":"https:\/\/www.pricetornado.com\/da\/wp-json\/wp\/v2\/media?parent=445746"}],"wp:term":[{"taxonomy":"store","embeddable":true,"href":"https:\/\/www.pricetornado.com\/da\/wp-json\/wp\/v2\/store?post=445746"},{"taxonomy":"product_brand","embeddable":true,"href":"https:\/\/www.pricetornado.com\/da\/wp-json\/wp\/v2\/product_brand?post=445746"},{"taxonomy":"product_cat","embeddable":true,"href":"https:\/\/www.pricetornado.com\/da\/wp-json\/wp\/v2\/product_cat?post=445746"},{"taxonomy":"product_tag","embeddable":true,"href":"https:\/\/www.pricetornado.com\/da\/wp-json\/wp\/v2\/product_tag?post=445746"}],"curies":[{"name":"wp","href":"https:\/\/api.w.org\/{rel}","templated":true}]}}