{"id":445735,"date":"2025-02-21T16:57:47","date_gmt":"2025-02-21T15:57:47","guid":{"rendered":"https:\/\/www.pricetornado.com\/da\/produkt\/philips-led-classic-filament-75w-standard-e27-2700k-mat-ikke-daempbar-ultra-efficient-50-000-timer-1-pak\/"},"modified":"2026-04-19T10:30:14","modified_gmt":"2026-04-19T08:30:14","slug":"philips-led-classic-filament-75w-standard-e27-2700k-mat-ikke-daempbar-ultra-efficient-50-000-timer-1-pak","status":"publish","type":"product","link":"https:\/\/www.pricetornado.com\/da\/produkt\/philips-led-classic-filament-75w-standard-e27-2700k-mat-ikke-daempbar-ultra-efficient-50-000-timer-1-pak\/","title":{"rendered":"PHILIPS LED Classic Filament 75W standard E27 2700K mat ikke d\u00e6mpbar, Ultra Efficient, 50.000 timer, 1 pak"},"content":{"rendered":"<p>K\u00f8b billig PHILIPS LED Classic Filament 75W standard E27 2700K mat ikke d\u00e6mpbar, Ultra Efficient, 50.000 timer, 1 pak!<br \/>\nPhilips LED Classic Filament matcher det klassiske, elegante filamentdesign med ultramoderne og energibesparende LED-teknologi. P\u00e6ren har en standard E27-fatning, s\u00e5 den passer til de fleste lamper, og den udsender et varmt, behageligt lys med en farvetemperatur p\u00e5 2700K \u2013 perfekt til at skabe en hyggelig stemning i hjemmet. P\u00e6ren er mat og ikke d\u00e6mpbar, hvilket giver en ensartet og stabil belysning uden flimmer.Ekstrem lang levetid op til 50.000 timer reducerer behovet for hyppige udskiftninger og sparer p\u00e5 vedligeholdelseMed Philips LED Classic Filament f\u00e5r du en energieffektiv, driftssikker og dekorativ l\u00f8sning til belysning i hjemmet. Produktet kombinerer tidsl\u00f8st design med moderne teknologi og lang levetid \u2013 ideelt til dig, der \u00f8nsker b\u00e5de stil og funktionalitet. for flere smarte og energirigtige l\u00f8sninger til din bolig.<\/p>\n<p>Sammenlign priser p\u00e5 PHILIPS LED Classic Filament 75W standard E27 2700K mat ikke d\u00e6mpbar, Ultra Efficient, 50.000 timer, 1 pak og k\u00f8b online til den billigste pris, samt p\u00e5 tilbud!\u00a0\u00a0Tjek den bedste pris, produkt beskrivelse, video, test, anmeldelser osv.<\/p>\n<p><strong>Brand: <\/strong>Philips<br \/>\n<strong>EAN: <\/strong>8720169187856<br \/>\n<strong>Producentens varenr.:<\/strong> 8720169187856<\/p>\n<p><strong>P.S.<\/strong><br \/>\nTilmeld dig til &#8220;Opret Gratis Prisfald Alarm&#8221;, og bliv underrettet med det samme om prisfald p\u00e5 PHILIPS LED Classic Filament 75W standard E27 2700K mat ikke d\u00e6mpbar, Ultra Efficient, 50.000 timer, 1 pak, og f\u00e5 den billigste pris!<\/p>\n<p>&nbsp;<\/p>\n<p>&nbsp;<\/p>\n","protected":false},"excerpt":{"rendered":"<p>K\u00f8b billig PHILIPS LED Classic Filament 75W standard E27 2700K mat ikke d\u00e6mpbar, Ultra Efficient, 50.000 timer, 1 pak! Philips LED Classic Filament matcher det klassiske, elegante filamentdesign med ultramoderne og energibesparende LED-teknologi. P\u00e6ren har en standard E27-fatning, s\u00e5 den passer til de fleste lamper, og den udsender et varmt, behageligt lys med en farvetemperatur [&hellip;]<\/p>\n","protected":false},"featured_media":999980000004457350,"template":"","meta":[],"store":[1272516],"product_brand":[1272519],"product_cat":[1272407],"product_tag":[1272697,1275180],"class_list":{"0":"post-445735","1":"product","2":"type-product","3":"status-publish","4":"has-post-thumbnail","6":"store-butik24","7":"product_brand-philips","8":"product_cat-belysning-2","9":"product_tag-belysning","10":"product_tag-philips","11":"pa_maerke-philips","13":"first","14":"instock","15":"product-type-external"},"_links":{"self":[{"href":"https:\/\/www.pricetornado.com\/da\/wp-json\/wp\/v2\/product\/445735","targetHints":{"allow":["GET"]}}],"collection":[{"href":"https:\/\/www.pricetornado.com\/da\/wp-json\/wp\/v2\/product"}],"about":[{"href":"https:\/\/www.pricetornado.com\/da\/wp-json\/wp\/v2\/types\/product"}],"wp:featuredmedia":[{"embeddable":true,"href":"https:\/\/www.pricetornado.com\/da\/wp-json\/"}],"wp:attachment":[{"href":"https:\/\/www.pricetornado.com\/da\/wp-json\/wp\/v2\/media?parent=445735"}],"wp:term":[{"taxonomy":"store","embeddable":true,"href":"https:\/\/www.pricetornado.com\/da\/wp-json\/wp\/v2\/store?post=445735"},{"taxonomy":"product_brand","embeddable":true,"href":"https:\/\/www.pricetornado.com\/da\/wp-json\/wp\/v2\/product_brand?post=445735"},{"taxonomy":"product_cat","embeddable":true,"href":"https:\/\/www.pricetornado.com\/da\/wp-json\/wp\/v2\/product_cat?post=445735"},{"taxonomy":"product_tag","embeddable":true,"href":"https:\/\/www.pricetornado.com\/da\/wp-json\/wp\/v2\/product_tag?post=445735"}],"curies":[{"name":"wp","href":"https:\/\/api.w.org\/{rel}","templated":true}]}}