{"id":445728,"date":"2025-02-23T18:57:14","date_gmt":"2025-02-23T17:57:14","guid":{"rendered":"https:\/\/www.pricetornado.com\/da\/produkt\/bastian-champagnekoeler-vinkoeler-dia-20-x-21-cm-aluminium\/"},"modified":"2026-05-01T07:10:24","modified_gmt":"2026-05-01T05:10:24","slug":"bastian-champagnekoeler-vinkoeler-dia-20-x-21-cm-aluminium","status":"publish","type":"product","link":"https:\/\/www.pricetornado.com\/da\/produkt\/bastian-champagnekoeler-vinkoeler-dia-20-x-21-cm-aluminium\/","title":{"rendered":"Bastian Champagnek\u00f8ler\/vink\u00f8ler Dia 20 x 21 cm Aluminium"},"content":{"rendered":"<p>K\u00f8b billig Bastian Champagnek\u00f8ler\/vink\u00f8ler Dia 20 x 21 cm Aluminium!<br \/>\nDenne champagnek\u00f8ler og vink\u00f8ler er fremstillet i aluminium og m\u00e5ler 20 cm i diameter og 21 cm i h\u00f8jden. Den kompakte, cylindriske form giver pladsbesparende opbevaring og stabil placering af flasker, s\u00e5 dine vine og champagner holdes k\u00f8lige sikkert og effektivt.K\u00f8leren er udf\u00f8rt i aluminium, hvilket giver den lav v\u00e6gt, stor holdbarhed og h\u00f8j modstandsdygtighed over for korrosion. Aluminium har samtidig en fremragende varmeledningsevne, s\u00e5 dine drikkevarer hurtigt nedk\u00f8les og serveres ved optimal temperatur.Med denne champagnek\u00f8ler og vink\u00f8ler f\u00e5r du et praktisk og slidst\u00e6rkt redskab, der kombinerer funktionalitet med enkel elegance. Perfekt til b\u00e5de hjemmebrug og festlige lejligheder, hvor kolde drikkevarer er et must.<\/p>\n<p>Sammenlign priser p\u00e5 Bastian Champagnek\u00f8ler\/vink\u00f8ler Dia 20 x 21 cm Aluminium og k\u00f8b online til den billigste pris, samt p\u00e5 tilbud!\u00a0\u00a0Tjek den bedste pris, produkt beskrivelse, video, test, anmeldelser osv.<\/p>\n<p><strong>Brand: <\/strong>Bastian<br \/>\n<strong>EAN: <\/strong>5709631051386<br \/>\n<strong>Producentens varenr.:<\/strong> 5709631051386<\/p>\n<p><strong>P.S.<\/strong><br \/>\nTilmeld dig til &#8220;Opret Gratis Prisfald Alarm&#8221;, og bliv underrettet med det samme om prisfald p\u00e5 Bastian Champagnek\u00f8ler\/vink\u00f8ler Dia 20 x 21 cm Aluminium, og f\u00e5 den billigste pris!<\/p>\n<p>&nbsp;<\/p>\n<p>&nbsp;<\/p>\n","protected":false},"excerpt":{"rendered":"<p>K\u00f8b billig Bastian Champagnek\u00f8ler\/vink\u00f8ler Dia 20 x 21 cm Aluminium! Denne champagnek\u00f8ler og vink\u00f8ler er fremstillet i aluminium og m\u00e5ler 20 cm i diameter og 21 cm i h\u00f8jden. Den kompakte, cylindriske form giver pladsbesparende opbevaring og stabil placering af flasker, s\u00e5 dine vine og champagner holdes k\u00f8lige sikkert og effektivt.K\u00f8leren er udf\u00f8rt i aluminium, [&hellip;]<\/p>\n","protected":false},"featured_media":999980000004457280,"template":"","meta":[],"store":[1272516],"product_brand":[1272534],"product_cat":[1272410],"product_tag":[1275195,1272681],"class_list":{"0":"post-445728","1":"product","2":"type-product","3":"status-publish","4":"has-post-thumbnail","6":"store-butik24","7":"product_brand-bastian","8":"product_cat-koekkengrej","9":"product_tag-bastian","10":"product_tag-koekkengrej","11":"pa_maerke-bastian","13":"first","14":"instock","15":"product-type-external"},"_links":{"self":[{"href":"https:\/\/www.pricetornado.com\/da\/wp-json\/wp\/v2\/product\/445728","targetHints":{"allow":["GET"]}}],"collection":[{"href":"https:\/\/www.pricetornado.com\/da\/wp-json\/wp\/v2\/product"}],"about":[{"href":"https:\/\/www.pricetornado.com\/da\/wp-json\/wp\/v2\/types\/product"}],"wp:featuredmedia":[{"embeddable":true,"href":"https:\/\/www.pricetornado.com\/da\/wp-json\/"}],"wp:attachment":[{"href":"https:\/\/www.pricetornado.com\/da\/wp-json\/wp\/v2\/media?parent=445728"}],"wp:term":[{"taxonomy":"store","embeddable":true,"href":"https:\/\/www.pricetornado.com\/da\/wp-json\/wp\/v2\/store?post=445728"},{"taxonomy":"product_brand","embeddable":true,"href":"https:\/\/www.pricetornado.com\/da\/wp-json\/wp\/v2\/product_brand?post=445728"},{"taxonomy":"product_cat","embeddable":true,"href":"https:\/\/www.pricetornado.com\/da\/wp-json\/wp\/v2\/product_cat?post=445728"},{"taxonomy":"product_tag","embeddable":true,"href":"https:\/\/www.pricetornado.com\/da\/wp-json\/wp\/v2\/product_tag?post=445728"}],"curies":[{"name":"wp","href":"https:\/\/api.w.org\/{rel}","templated":true}]}}