{"id":445721,"date":"2025-02-25T06:34:51","date_gmt":"2025-02-25T05:34:51","guid":{"rendered":"https:\/\/www.pricetornado.com\/da\/produkt\/philips-hue-white-and-color-ambiance-mr16-spot-2-pak\/"},"modified":"2026-04-19T02:00:30","modified_gmt":"2026-04-19T00:00:30","slug":"philips-hue-white-and-color-ambiance-mr16-spot-2-pak","status":"publish","type":"product","link":"https:\/\/www.pricetornado.com\/da\/produkt\/philips-hue-white-and-color-ambiance-mr16-spot-2-pak\/","title":{"rendered":"Philips Hue White and color ambiance MR16 &#8211; spot &#8211; 2-pak"},"content":{"rendered":"<p>K\u00f8b billig Philips Hue White and color ambiance MR16 &#8211; spot &#8211; 2-pak!<br \/>\nOpgrader dine konventionelle spotlamper med Philips Hue White and color ambiance MR16 spots i 2-pak. Disse smarte LED-p\u00e6rer med GU5.3 to-bens fatning passer i de fleste eksisterende 12 V spotarmaturer og er kompatible med de fleste transformere. Med et standard MR16 design (50x49x50 mm) kan du nemt erstatte dine gamle spots og f\u00e5 intelligent belysning i ethvert hj\u00f8rne af hjemmet.Philips Hue MR16 spots giver dig adgang til justerbar belysning med over 16 millioner farver og hvide nuancer fra 2000 til 6500 Kelvin. Skab den rette stemning \u2013 fra hyggeligt varm belysning til koldt arbejdslys \u2013 alt styres let via app eller stemmeassistenter (med Hue Bridge).Disse MR16 LED-spots har en levetid p\u00e5 op til 25.000 timer (over 15 \u00e5r ved ca. 4 timers daglig brug) og kan klare op til 50.000 t\u00e6nd\/sluk-cyklusser. Med et energiforbrug p\u00e5 kun 6,3 W (svarer til 30 W halogen) og et lavt standby-forbrug p\u00e5 0,5 W, opn\u00e5r du effektiv energibesparelse. P\u00e6rerne fungerer i temperaturer mellem -20 \u00b0C og 45 \u00b0C.Med standard MR16 formfaktor og GU5.3 fatning til 12 V systemer kan disse spots nemt anvendes i dine nuv\u00e6rende armaturer \u2013 uden behov for st\u00f8rre \u00e6ndringer.2-pak smart LED MR16 spots med GU5.3 fatning400 lumen lysstyrke pr. spot ved 4000 KOp til 25.000 timers levetid og 50.000 t\u00e6nd\/sluk-cyklusserG\u00f8r dit hjem moderne og stemningsfuldt med Philips Hue MR16 spots. Oplev hele sortimentet af og find den ideelle l\u00f8sning til din belysning.<\/p>\n<p>Sammenlign priser p\u00e5 Philips Hue White and color ambiance MR16 &#8211; spot &#8211; 2-pak og k\u00f8b online til den billigste pris, samt p\u00e5 tilbud!\u00a0\u00a0Tjek den bedste pris, produkt beskrivelse, video, test, anmeldelser osv.<\/p>\n<p><strong>Brand: <\/strong>Philips Hue<br \/>\n<strong>EAN: <\/strong>8719514491649<br \/>\n<strong>Producentens varenr.:<\/strong> 8719514491649<\/p>\n<p><strong>P.S.<\/strong><br \/>\nTilmeld dig til &#8220;Opret Gratis Prisfald Alarm&#8221;, og bliv underrettet med det samme om prisfald p\u00e5 Philips Hue White and color ambiance MR16 &#8211; spot &#8211; 2-pak, og f\u00e5 den billigste pris!<\/p>\n<p>&nbsp;<\/p>\n<p>&nbsp;<\/p>\n","protected":false},"excerpt":{"rendered":"<p>K\u00f8b billig Philips Hue White and color ambiance MR16 &#8211; spot &#8211; 2-pak! Opgrader dine konventionelle spotlamper med Philips Hue White and color ambiance MR16 spots i 2-pak. Disse smarte LED-p\u00e6rer med GU5.3 to-bens fatning passer i de fleste eksisterende 12 V spotarmaturer og er kompatible med de fleste transformere. Med et standard MR16 design [&hellip;]<\/p>\n","protected":false},"featured_media":999980000004457210,"template":"","meta":[],"store":[1272516],"product_brand":[1272523],"product_cat":[1272407],"product_tag":[1272697,1272767],"class_list":{"0":"post-445721","1":"product","2":"type-product","3":"status-publish","4":"has-post-thumbnail","6":"store-butik24","7":"product_brand-philips-hue","8":"product_cat-belysning-2","9":"product_tag-belysning","10":"product_tag-philips-hue","11":"pa_maerke-philips-hue","13":"first","14":"instock","15":"product-type-external"},"_links":{"self":[{"href":"https:\/\/www.pricetornado.com\/da\/wp-json\/wp\/v2\/product\/445721","targetHints":{"allow":["GET"]}}],"collection":[{"href":"https:\/\/www.pricetornado.com\/da\/wp-json\/wp\/v2\/product"}],"about":[{"href":"https:\/\/www.pricetornado.com\/da\/wp-json\/wp\/v2\/types\/product"}],"wp:featuredmedia":[{"embeddable":true,"href":"https:\/\/www.pricetornado.com\/da\/wp-json\/"}],"wp:attachment":[{"href":"https:\/\/www.pricetornado.com\/da\/wp-json\/wp\/v2\/media?parent=445721"}],"wp:term":[{"taxonomy":"store","embeddable":true,"href":"https:\/\/www.pricetornado.com\/da\/wp-json\/wp\/v2\/store?post=445721"},{"taxonomy":"product_brand","embeddable":true,"href":"https:\/\/www.pricetornado.com\/da\/wp-json\/wp\/v2\/product_brand?post=445721"},{"taxonomy":"product_cat","embeddable":true,"href":"https:\/\/www.pricetornado.com\/da\/wp-json\/wp\/v2\/product_cat?post=445721"},{"taxonomy":"product_tag","embeddable":true,"href":"https:\/\/www.pricetornado.com\/da\/wp-json\/wp\/v2\/product_tag?post=445721"}],"curies":[{"name":"wp","href":"https:\/\/api.w.org\/{rel}","templated":true}]}}