{"id":445718,"date":"2025-02-27T18:01:12","date_gmt":"2025-02-27T17:01:12","guid":{"rendered":"https:\/\/www.pricetornado.com\/da\/produkt\/jvc-ha-s36w-au-on-ear-bluetooth-hovedtelefoner-blaa\/"},"modified":"2026-04-17T08:50:03","modified_gmt":"2026-04-17T06:50:03","slug":"jvc-ha-s36w-au-on-ear-bluetooth-hovedtelefoner-blaa","status":"publish","type":"product","link":"https:\/\/www.pricetornado.com\/da\/produkt\/jvc-ha-s36w-au-on-ear-bluetooth-hovedtelefoner-blaa\/","title":{"rendered":"JVC HA-S36W-AU On-Ear Bluetooth hovedtelefoner &#8211; Bl\u00e5"},"content":{"rendered":"<p>K\u00f8b billig JVC HA-S36W-AU On-Ear Bluetooth hovedtelefoner &#8211; Bl\u00e5!<br \/>\nOplev et slankt og moderne design kombineret med kraftfuld lyd med JVC HA-S36W. Disse lette on-ear hovedtelefoner vejer kun ca. 157 gram og har justerbare, drejelige \u00f8repuder, der sikrer en individuel og behagelig pasform, selv ved l\u00e6ngere tids lytning. Med deres foldbare konstruktion er de nemme at tage med overalt og perfekte til en mobil livsstil.Udstyret med et indbygget lithium-ion batteri leverer JVC HA-S36W op til 35 timers tr\u00e5dl\u00f8s lytning efter kun 3 timers opladning. Den avancerede Bluetooth 5.2-forbindelse giver dig frihed til at bev\u00e6ge dig uden kabler og sikrer en stabil forbindelse til dine enheder.Tilpas din lytteoplevelse med tre forskellige lydtilstande \u2013 bass, clear og normal \u2013 s\u00e5 du kan f\u00e5 pr\u00e6cis den sound, du foretr\u00e6kker. Basforst\u00e6rkning giver en ekstra dyb og kraftig bas, mens den indbyggede mikrofon med mute-funktion giver privathed under opkald. Hovedtelefonerne underst\u00f8tter stemmeassistenter, s\u00e5 du nemt kan styre din musik og opkald med stemmen. Multi-point funktionen g\u00f8r det muligt at tilslutte to enheder samtidigt for \u00f8get fleksibilitet.Bluetooth 5.2 for stabil tr\u00e5dl\u00f8s forbindelseDen foldbare og lette konstruktion g\u00f8r JVC HA-S36W nemme at pakke sammen og have med p\u00e5 farten. De vinkeljusterbare \u00f8repuder sikrer, at du kan nyde din musik komfortabelt i timevis \u2013 uanset om du lytter hjemme, p\u00e5 kontoret eller p\u00e5 rejsen.Udforsk tr\u00e5dl\u00f8s frihed og st\u00e6rk lydkvalitet med JVC HA-S36W on-ear hovedtelefoner \u2013 den ideelle l\u00f8sning for dig, der v\u00e6rds\u00e6tter komfort, funktionalitet og mobilitet i hverdagen.<\/p>\n<p>Sammenlign priser p\u00e5 JVC HA-S36W-AU On-Ear Bluetooth hovedtelefoner &#8211; Bl\u00e5 og k\u00f8b online til den billigste pris, samt p\u00e5 tilbud!\u00a0\u00a0Tjek den bedste pris, produkt beskrivelse, video, test, anmeldelser osv.<\/p>\n<p><strong>Brand: <\/strong>JVC<br \/>\n<strong>EAN: <\/strong>4975769472800<br \/>\n<strong>Producentens varenr.:<\/strong> 4975769472800<\/p>\n<p><strong>P.S.<\/strong><br \/>\nTilmeld dig til &#8220;Opret Gratis Prisfald Alarm&#8221;, og bliv underrettet med det samme om prisfald p\u00e5 JVC HA-S36W-AU On-Ear Bluetooth hovedtelefoner &#8211; Bl\u00e5, og f\u00e5 den billigste pris!<\/p>\n<p>&nbsp;<\/p>\n<p>&nbsp;<\/p>\n","protected":false},"excerpt":{"rendered":"<p>K\u00f8b billig JVC HA-S36W-AU On-Ear Bluetooth hovedtelefoner &#8211; Bl\u00e5! Oplev et slankt og moderne design kombineret med kraftfuld lyd med JVC HA-S36W. Disse lette on-ear hovedtelefoner vejer kun ca. 157 gram og har justerbare, drejelige \u00f8repuder, der sikrer en individuel og behagelig pasform, selv ved l\u00e6ngere tids lytning. Med deres foldbare konstruktion er de nemme [&hellip;]<\/p>\n","protected":false},"featured_media":999980000004457180,"template":"","meta":[],"store":[1272516],"product_brand":[1272530],"product_cat":[1272434],"product_tag":[1272843,1275190],"class_list":{"0":"post-445718","1":"product","2":"type-product","3":"status-publish","4":"has-post-thumbnail","6":"store-butik24","7":"product_brand-jvc","8":"product_cat-hovedtelefoner","9":"product_tag-hovedtelefoner","10":"product_tag-jvc","11":"pa_maerke-jvc","13":"first","14":"instock","15":"product-type-external"},"_links":{"self":[{"href":"https:\/\/www.pricetornado.com\/da\/wp-json\/wp\/v2\/product\/445718","targetHints":{"allow":["GET"]}}],"collection":[{"href":"https:\/\/www.pricetornado.com\/da\/wp-json\/wp\/v2\/product"}],"about":[{"href":"https:\/\/www.pricetornado.com\/da\/wp-json\/wp\/v2\/types\/product"}],"wp:featuredmedia":[{"embeddable":true,"href":"https:\/\/www.pricetornado.com\/da\/wp-json\/"}],"wp:attachment":[{"href":"https:\/\/www.pricetornado.com\/da\/wp-json\/wp\/v2\/media?parent=445718"}],"wp:term":[{"taxonomy":"store","embeddable":true,"href":"https:\/\/www.pricetornado.com\/da\/wp-json\/wp\/v2\/store?post=445718"},{"taxonomy":"product_brand","embeddable":true,"href":"https:\/\/www.pricetornado.com\/da\/wp-json\/wp\/v2\/product_brand?post=445718"},{"taxonomy":"product_cat","embeddable":true,"href":"https:\/\/www.pricetornado.com\/da\/wp-json\/wp\/v2\/product_cat?post=445718"},{"taxonomy":"product_tag","embeddable":true,"href":"https:\/\/www.pricetornado.com\/da\/wp-json\/wp\/v2\/product_tag?post=445718"}],"curies":[{"name":"wp","href":"https:\/\/api.w.org\/{rel}","templated":true}]}}