{"id":445717,"date":"2025-02-20T04:49:25","date_gmt":"2025-02-20T03:49:25","guid":{"rendered":"https:\/\/www.pricetornado.com\/da\/produkt\/philips-hue-white-and-color-ambiance-play-double-pack-hvid\/"},"modified":"2026-04-23T01:40:06","modified_gmt":"2026-04-22T23:40:06","slug":"philips-hue-white-and-color-ambiance-play-double-pack-hvid","status":"publish","type":"product","link":"https:\/\/www.pricetornado.com\/da\/produkt\/philips-hue-white-and-color-ambiance-play-double-pack-hvid\/","title":{"rendered":"Philips Hue White and color ambiance Play Double Pack &#8211; Hvid"},"content":{"rendered":"<p>K\u00f8b billig Philips Hue White and color ambiance Play Double Pack &#8211; Hvid!<br \/>\nOplys din stue med Philips Hue Play LED-lysbj\u00e6lke, der kombinerer smart belysning med moderne design i holdbart, let syntetisk materiale. Denne model kan placeres b\u00e5de lodret og vandret samt monteres bag dit TV med de medf\u00f8lgende beslag og klemmer, hvilket sikrer fleksibel installation og stemningsfuldt lys i ethvert rum.Philips Hue Play giver dig mulighed for at v\u00e6lge mellem over 16 millioner farver og 50.000 nuancer af hvidt lys. D\u00e6mp lyset, og skift fra varm hvid til k\u00f8ligt dagslys alt efter \u00e5rstid og hum\u00f8r. Med brug af Philips Hue Bridge \u00e5bnes der for et v\u00e6ld af smarte funktioner:Philips Hue Play byder p\u00e5 energieffektiv LED-teknologi med lavt str\u00f8mforbrug p\u00e5 kun 13,2 W og har beskyttelsesklasse III for ekstra lav sp\u00e6nding, hvilket g\u00f8r den sikker i brug. Den integrerede EyeComfort-teknologi sikrer behageligt lys for \u00f8jnene. Derudover er lyset kompatibelt med b\u00e5de Bluetooth og Zigbee, s\u00e5 du kan v\u00e6lge den kontrolmetode, der passer dig bedst.Den medf\u00f8lgende montering g\u00f8r det nemt at placere lysbj\u00e6lken bag TV&apos;et, p\u00e5 v\u00e6ggen eller direkte p\u00e5 m\u00f8bler, s\u00e5 du skaber den ideelle baggrundsbelysning til film, gaming eller musik. Dens alsidighed og kompakte design betyder, at Philips Hue Play passer perfekt i stuen, underholdningsrummet eller medierummet.*Hue Bridge kr\u00e6ves for at opn\u00e5 alle funktioner og fuld integration.Oplev alle mulighederne med Philips Hue Play, og g\u00f8r dit hjem mere intelligent med stemningsfuld belysning.<\/p>\n<p>Sammenlign priser p\u00e5 Philips Hue White and color ambiance Play Double Pack &#8211; Hvid og k\u00f8b online til den billigste pris, samt p\u00e5 tilbud!\u00a0\u00a0Tjek den bedste pris, produkt beskrivelse, video, test, anmeldelser osv.<\/p>\n<p><strong>Brand: <\/strong>Philips Hue<br \/>\n<strong>EAN: <\/strong>8718696170793<br \/>\n<strong>Producentens varenr.:<\/strong> 8718696170793<\/p>\n<p><strong>P.S.<\/strong><br \/>\nTilmeld dig til &#8220;Opret Gratis Prisfald Alarm&#8221;, og bliv underrettet med det samme om prisfald p\u00e5 Philips Hue White and color ambiance Play Double Pack &#8211; Hvid, og f\u00e5 den billigste pris!<\/p>\n<p>&nbsp;<\/p>\n<p>&nbsp;<\/p>\n","protected":false},"excerpt":{"rendered":"<p>K\u00f8b billig Philips Hue White and color ambiance Play Double Pack &#8211; Hvid! Oplys din stue med Philips Hue Play LED-lysbj\u00e6lke, der kombinerer smart belysning med moderne design i holdbart, let syntetisk materiale. Denne model kan placeres b\u00e5de lodret og vandret samt monteres bag dit TV med de medf\u00f8lgende beslag og klemmer, hvilket sikrer fleksibel [&hellip;]<\/p>\n","protected":false},"featured_media":999980000004457170,"template":"","meta":[],"store":[1272516],"product_brand":[1272523],"product_cat":[1272407],"product_tag":[1272697,1272767],"class_list":{"0":"post-445717","1":"product","2":"type-product","3":"status-publish","4":"has-post-thumbnail","6":"store-butik24","7":"product_brand-philips-hue","8":"product_cat-belysning-2","9":"product_tag-belysning","10":"product_tag-philips-hue","11":"pa_maerke-philips-hue","13":"first","14":"instock","15":"product-type-external"},"_links":{"self":[{"href":"https:\/\/www.pricetornado.com\/da\/wp-json\/wp\/v2\/product\/445717","targetHints":{"allow":["GET"]}}],"collection":[{"href":"https:\/\/www.pricetornado.com\/da\/wp-json\/wp\/v2\/product"}],"about":[{"href":"https:\/\/www.pricetornado.com\/da\/wp-json\/wp\/v2\/types\/product"}],"wp:featuredmedia":[{"embeddable":true,"href":"https:\/\/www.pricetornado.com\/da\/wp-json\/"}],"wp:attachment":[{"href":"https:\/\/www.pricetornado.com\/da\/wp-json\/wp\/v2\/media?parent=445717"}],"wp:term":[{"taxonomy":"store","embeddable":true,"href":"https:\/\/www.pricetornado.com\/da\/wp-json\/wp\/v2\/store?post=445717"},{"taxonomy":"product_brand","embeddable":true,"href":"https:\/\/www.pricetornado.com\/da\/wp-json\/wp\/v2\/product_brand?post=445717"},{"taxonomy":"product_cat","embeddable":true,"href":"https:\/\/www.pricetornado.com\/da\/wp-json\/wp\/v2\/product_cat?post=445717"},{"taxonomy":"product_tag","embeddable":true,"href":"https:\/\/www.pricetornado.com\/da\/wp-json\/wp\/v2\/product_tag?post=445717"}],"curies":[{"name":"wp","href":"https:\/\/api.w.org\/{rel}","templated":true}]}}