{"id":445714,"date":"2025-02-24T01:01:58","date_gmt":"2025-02-24T00:01:58","guid":{"rendered":"https:\/\/www.pricetornado.com\/da\/produkt\/nedis-wifivcl002cbk-smartlife-robot-stoevsuger\/"},"modified":"2026-04-18T03:30:13","modified_gmt":"2026-04-18T01:30:13","slug":"nedis-wifivcl002cbk-smartlife-robot-stoevsuger","status":"publish","type":"product","link":"https:\/\/www.pricetornado.com\/da\/produkt\/nedis-wifivcl002cbk-smartlife-robot-stoevsuger\/","title":{"rendered":"Nedis WIFIVCL002CBK SmartLife Robot St\u00f8vsuger"},"content":{"rendered":"<p>K\u00f8b billig Nedis WIFIVCL002CBK SmartLife Robot St\u00f8vsuger!<br \/>\nF\u00e5 et rent hjem uden besv\u00e6r med den intelligente Nedis SmartLife robotst\u00f8vsuger, der fejer, st\u00f8vsuger og mopper dine gulve, mens du laver noget andet \u2013 eller endda n\u00e5r du ikke er hjemme. Tilslut robotten til dit Wi-Fi-netv\u00e6rk og styr den nemt via Nedis SmartLife-appen til iOS og Android, eller brug de fysiske knapper p\u00e5 selve enheden. Stemmestyring med Alexa og Google Assistant er ogs\u00e5 underst\u00f8ttet for endnu mere bekvemmelighed.Robotst\u00f8vsugeren bruger avanceret LiDAR-navigation med LSD-laserscanning og gyroskop i milit\u00e6r kvalitet til at scanne rummet og kortl\u00e6gge dit hjem n\u00f8jagtigt. Via appen kan du opdele omr\u00e5der, sende robotten til et specifikt rum eller omr\u00e5de samt tegne virtuelle v\u00e6gge og begr\u00e6nsede zoner \u2013 ideelt til beskyttelse af sm\u00e5 eller skr\u00f8belige genstande, l\u00f8se kabler eller gardiner, der h\u00e6nger p\u00e5 gulvet. Den klarer effektiv reng\u00f8ring takket v\u00e6re hovedb\u00f8rste og en ekstra sideb\u00f8rste, som fejer st\u00f8v og snavs v\u00e6k fra kanter og ind mod midten, hvor en kraftfuld b\u00f8rstel\u00f8s motor med 4000 Pa sugeevne tager over.Sensorer opdager v\u00e6gge, forhindringer, samt trappekanter, s\u00e5 robotten undg\u00e5r at kollidere eller falde. Med mulighed for at h\u00e5ndtere forhindringer op til 20 mm sikrer den god mobilitet p\u00e5 tv\u00e6rs af d\u00f8rtrin og t\u00e6pper.Indbygget 5200 mAh Li-ion-batteri giver 180-240 minutters driftstid og kan d\u00e6kke op til 200 m\u00b2.Automatisk opladning og genoptagelse af reng\u00f8ring efter opladning.3-i-1 funktion: Fejning, st\u00f8vsugning og mopning med 0,3 liter vandtank og 0,6 liter st\u00f8vbeholder.Selv-t\u00f8mmende st\u00f8vstation med 3 liters kapacitet \u2013 minimerer behovet for manuel t\u00f8mning.St\u00f8jsvag drift med kun 66,2 dBA ved maksimal sugekraft.Leveres med HEPA-filter, der effektivt fanger sm\u00e5 partikler og reducerer allergener i hjemmet.Planl\u00e6g daglige eller ugentlige reng\u00f8ringsrutiner direkte fra appen, eller send robotten til specifikke steder i hjemmet. Opret virtuelle gr\u00e6nser og zoner efter behov. Kombiner med andre smarte produkter i Nedis SmartLife-appen for automatiseret reng\u00f8ring \u2013 f.eks. start reng\u00f8ringen, n\u00e5r du forlader hjemmet eller slukker lyset om aftenen.Med et hus i let og holdbart plastmateriale er denne robotst\u00f8vsuger nem at flytte rundt og bygget til at holde til hverdagsbrug. F\u00e5 mere tid til dig selv med avanceret og brugervenlig reng\u00f8ringsteknologi.<\/p>\n<p>Sammenlign priser p\u00e5 Nedis WIFIVCL002CBK SmartLife Robot St\u00f8vsuger og k\u00f8b online til den billigste pris, samt p\u00e5 tilbud!\u00a0\u00a0Tjek den bedste pris, produkt beskrivelse, video, test, anmeldelser osv.<\/p>\n<p><strong>Brand: <\/strong>Nedis<br \/>\n<strong>EAN: <\/strong>5412810447053<br \/>\n<strong>Producentens varenr.:<\/strong> 5412810447053<\/p>\n<p><strong>P.S.<\/strong><br \/>\nTilmeld dig til &#8220;Opret Gratis Prisfald Alarm&#8221;, og bliv underrettet med det samme om prisfald p\u00e5 Nedis WIFIVCL002CBK SmartLife Robot St\u00f8vsuger, og f\u00e5 den billigste pris!<\/p>\n<p>&nbsp;<\/p>\n<p>&nbsp;<\/p>\n","protected":false},"excerpt":{"rendered":"<p>K\u00f8b billig Nedis WIFIVCL002CBK SmartLife Robot St\u00f8vsuger! F\u00e5 et rent hjem uden besv\u00e6r med den intelligente Nedis SmartLife robotst\u00f8vsuger, der fejer, st\u00f8vsuger og mopper dine gulve, mens du laver noget andet \u2013 eller endda n\u00e5r du ikke er hjemme. Tilslut robotten til dit Wi-Fi-netv\u00e6rk og styr den nemt via Nedis SmartLife-appen til iOS og Android, [&hellip;]<\/p>\n","protected":false},"featured_media":999980000004457140,"template":"","meta":[],"store":[1272516],"product_brand":[1272517],"product_cat":[1272411],"product_tag":[1275178,1272720],"class_list":{"0":"post-445714","1":"product","2":"type-product","3":"status-publish","4":"has-post-thumbnail","6":"store-butik24","7":"product_brand-nedis","8":"product_cat-stoevsugere","9":"product_tag-nedis","10":"product_tag-stoevsugere","11":"pa_maerke-nedis","13":"first","14":"instock","15":"product-type-external"},"_links":{"self":[{"href":"https:\/\/www.pricetornado.com\/da\/wp-json\/wp\/v2\/product\/445714","targetHints":{"allow":["GET"]}}],"collection":[{"href":"https:\/\/www.pricetornado.com\/da\/wp-json\/wp\/v2\/product"}],"about":[{"href":"https:\/\/www.pricetornado.com\/da\/wp-json\/wp\/v2\/types\/product"}],"wp:featuredmedia":[{"embeddable":true,"href":"https:\/\/www.pricetornado.com\/da\/wp-json\/"}],"wp:attachment":[{"href":"https:\/\/www.pricetornado.com\/da\/wp-json\/wp\/v2\/media?parent=445714"}],"wp:term":[{"taxonomy":"store","embeddable":true,"href":"https:\/\/www.pricetornado.com\/da\/wp-json\/wp\/v2\/store?post=445714"},{"taxonomy":"product_brand","embeddable":true,"href":"https:\/\/www.pricetornado.com\/da\/wp-json\/wp\/v2\/product_brand?post=445714"},{"taxonomy":"product_cat","embeddable":true,"href":"https:\/\/www.pricetornado.com\/da\/wp-json\/wp\/v2\/product_cat?post=445714"},{"taxonomy":"product_tag","embeddable":true,"href":"https:\/\/www.pricetornado.com\/da\/wp-json\/wp\/v2\/product_tag?post=445714"}],"curies":[{"name":"wp","href":"https:\/\/api.w.org\/{rel}","templated":true}]}}